{"id":849,"date":"2020-04-14T14:37:03","date_gmt":"2020-04-14T11:37:03","guid":{"rendered":"https:\/\/hautalahti.fi\/kauppa\/?post_type=product&#038;p=849"},"modified":"2026-02-27T17:46:12","modified_gmt":"2026-02-27T15:46:12","slug":"camber-auraus-saatopala-e30-e34","status":"publish","type":"product","link":"https:\/\/hautalahti.fi\/kauppa\/tuote\/camber-auraus-saatopala-e30-e34\/","title":{"rendered":"Camber\/Auraus S\u00e4\u00e4t\u00f6pala Sarja E30\/E34"},"content":{"rendered":"<p>Taka-akseliston s\u00e4\u00e4t\u00f6pala sarja 8kpl.<\/p>\n<p>N\u00e4ill\u00e4 saa tehty\u00e4 e30\/e34 taka-akselistoon s\u00e4\u00e4d\u00f6t<\/p>\n<p>&nbsp;<\/p>\n<p>Hinta 8kpl sarjalle<\/p>\n<p>&nbsp;<\/p>\n<p>Ei sis\u00e4ll\u00e4 pulttia.<\/p>\n<p>&nbsp;<\/p>\n<p>Tuotteet valmistetaan mittatilausty\u00f6n\u00e4 tilauksesta!<\/p>\n","protected":false},"excerpt":{"rendered":"<p>Taka-akseliston s\u00e4\u00e4t\u00f6pala sarja 8kpl. N\u00e4ill\u00e4 saa tehty\u00e4 e30\/e34 taka-akselistoon s\u00e4\u00e4d\u00f6t &nbsp; Hinta 8kpl sarjalle &nbsp; Ei sis\u00e4ll\u00e4 pulttia. &nbsp; Tuotteet valmistetaan mittatilausty\u00f6n\u00e4 tilauksesta!<\/p>\n","protected":false},"featured_media":850,"comment_status":"closed","ping_status":"closed","template":"","meta":[],"product_brand":[],"product_cat":[91,95],"product_tag":[83,82,78,80,81,87,79,86,85,84],"class_list":{"0":"post-849","1":"product","2":"type-product","3":"status-publish","4":"has-post-thumbnail","6":"product_cat-bmw-osat","7":"product_cat-kaikkituotteet","8":"product_tag-auraus","9":"product_tag-auraussaato","10":"product_tag-bmw","11":"product_tag-camber","12":"product_tag-cambersaato","13":"product_tag-e30","14":"product_tag-e30-e34","15":"product_tag-e34","16":"product_tag-pyorankulmat","17":"product_tag-saatopala","19":"first","20":"instock","21":"taxable","22":"shipping-taxable","23":"purchasable","24":"product-type-simple","25":"czr-hentry"},"jetpack_sharing_enabled":true,"_links":{"self":[{"href":"https:\/\/hautalahti.fi\/kauppa\/wp-json\/wp\/v2\/product\/849","targetHints":{"allow":["GET"]}}],"collection":[{"href":"https:\/\/hautalahti.fi\/kauppa\/wp-json\/wp\/v2\/product"}],"about":[{"href":"https:\/\/hautalahti.fi\/kauppa\/wp-json\/wp\/v2\/types\/product"}],"replies":[{"embeddable":true,"href":"https:\/\/hautalahti.fi\/kauppa\/wp-json\/wp\/v2\/comments?post=849"}],"wp:featuredmedia":[{"embeddable":true,"href":"https:\/\/hautalahti.fi\/kauppa\/wp-json\/wp\/v2\/media\/850"}],"wp:attachment":[{"href":"https:\/\/hautalahti.fi\/kauppa\/wp-json\/wp\/v2\/media?parent=849"}],"wp:term":[{"taxonomy":"product_brand","embeddable":true,"href":"https:\/\/hautalahti.fi\/kauppa\/wp-json\/wp\/v2\/product_brand?post=849"},{"taxonomy":"product_cat","embeddable":true,"href":"https:\/\/hautalahti.fi\/kauppa\/wp-json\/wp\/v2\/product_cat?post=849"},{"taxonomy":"product_tag","embeddable":true,"href":"https:\/\/hautalahti.fi\/kauppa\/wp-json\/wp\/v2\/product_tag?post=849"}],"curies":[{"name":"wp","href":"https:\/\/api.w.org\/{rel}","templated":true}]}}