{"id":783,"date":"2020-01-07T10:40:04","date_gmt":"2020-01-07T08:40:04","guid":{"rendered":"https:\/\/hautalahti.fi\/kauppa\/?post_type=product&#038;p=783"},"modified":"2026-04-06T16:08:29","modified_gmt":"2026-04-06T13:08:29","slug":"uniball-kierreholkki-m20-vasenkierre","status":"publish","type":"product","link":"https:\/\/hautalahti.fi\/kauppa\/tuote\/uniball-kierreholkki-m20-vasenkierre\/","title":{"rendered":"Uniball Kierreholkki M20"},"content":{"rendered":"<p>Uniball Kierre holkki Tankojen tekoon<\/p>\n<p>soveltuu k\u00e4ytett\u00e4v\u00e4ksi esim. 1&#8243; Tukivarsi putken kanssa<\/p>\n<p>Sis\u00e4kierre: Vasen\/Oikea<\/p>\n<p>Pituus 25mm<\/p>\n<p>Olake 5mm<\/p>\n<p>Halkaisija 30\/27mm<\/p>\n<p>Kappale hinta.<\/p>\n<p>Valitse Liukuvalikosta Kierteen K\u00e4tisyys<\/p>\n<p>&nbsp;<\/p>\n<p>Tuotteet valmistetaan mittatilausty\u00f6n\u00e4 tilauksesta!<\/p>\n","protected":false},"excerpt":{"rendered":"<p>Uniball Kierre holkki Tankojen tekoon soveltuu k\u00e4ytett\u00e4v\u00e4ksi esim. 1&#8243; Tukivarsi putken kanssa Sis\u00e4kierre: Vasen\/Oikea Pituus 25mm Olake 5mm Halkaisija 30\/27mm Kappale hinta. Valitse Liukuvalikosta Kierteen K\u00e4tisyys &nbsp; Tuotteet valmistetaan mittatilausty\u00f6n\u00e4 tilauksesta!<\/p>\n","protected":false},"featured_media":775,"comment_status":"closed","ping_status":"closed","template":"","meta":[],"product_brand":[],"product_cat":[95,92],"product_tag":[20,23,22,18,45,46,11,69,13,44,10,68],"class_list":{"0":"post-783","1":"product","2":"type-product","3":"status-publish","4":"has-post-thumbnail","6":"product_cat-kaikkituotteet","7":"product_cat-uniball-osat","8":"product_tag-hitsattava","9":"product_tag-holkki","10":"product_tag-kierre","11":"product_tag-kierreholkki","12":"product_tag-linkintanko","13":"product_tag-linkki","14":"product_tag-oikeakierre","15":"product_tag-taka-akseli","16":"product_tag-teras","17":"product_tag-tukivarsi","18":"product_tag-uniball","19":"product_tag-volvonpera","21":"first","22":"instock","23":"taxable","24":"shipping-taxable","25":"purchasable","26":"product-type-variable","27":"czr-hentry"},"jetpack_sharing_enabled":true,"_links":{"self":[{"href":"https:\/\/hautalahti.fi\/kauppa\/wp-json\/wp\/v2\/product\/783","targetHints":{"allow":["GET"]}}],"collection":[{"href":"https:\/\/hautalahti.fi\/kauppa\/wp-json\/wp\/v2\/product"}],"about":[{"href":"https:\/\/hautalahti.fi\/kauppa\/wp-json\/wp\/v2\/types\/product"}],"replies":[{"embeddable":true,"href":"https:\/\/hautalahti.fi\/kauppa\/wp-json\/wp\/v2\/comments?post=783"}],"wp:featuredmedia":[{"embeddable":true,"href":"https:\/\/hautalahti.fi\/kauppa\/wp-json\/wp\/v2\/media\/775"}],"wp:attachment":[{"href":"https:\/\/hautalahti.fi\/kauppa\/wp-json\/wp\/v2\/media?parent=783"}],"wp:term":[{"taxonomy":"product_brand","embeddable":true,"href":"https:\/\/hautalahti.fi\/kauppa\/wp-json\/wp\/v2\/product_brand?post=783"},{"taxonomy":"product_cat","embeddable":true,"href":"https:\/\/hautalahti.fi\/kauppa\/wp-json\/wp\/v2\/product_cat?post=783"},{"taxonomy":"product_tag","embeddable":true,"href":"https:\/\/hautalahti.fi\/kauppa\/wp-json\/wp\/v2\/product_tag?post=783"}],"curies":[{"name":"wp","href":"https:\/\/api.w.org\/{rel}","templated":true}]}}