{"id":690,"date":"2019-08-16T15:13:54","date_gmt":"2019-08-16T12:13:54","guid":{"rendered":"https:\/\/hautalahti.fi\/kauppa\/?post_type=product&#038;p=690"},"modified":"2026-04-13T14:48:39","modified_gmt":"2026-04-13T11:48:39","slug":"spacer-pultattava-5x120-40mm","status":"publish","type":"product","link":"https:\/\/hautalahti.fi\/kauppa\/tuote\/spacer-pultattava-5x120-40mm\/","title":{"rendered":"Spacer Pultattava 5\u00d7120 40mm"},"content":{"rendered":"<p>Pultattava spacer<\/p>\n<p>-Paksuus 40mm<\/p>\n<p>-Jako 5X120<\/p>\n<p>-Kr.72,6<\/p>\n<p>&nbsp;<\/p>\n<p>Vain Kilpa k\u00e4ytt\u00f6\u00f6n!<\/p>\n<p>&nbsp;<\/p>\n<p>Huom! ! Kappaleen Hinta! Tuotteet myyd\u00e4\u00e4n kappaleittain!<\/p>\n<p>&nbsp;<\/p>\n<p>Tuotteet valmistetaan mittatilausty\u00f6n\u00e4 tilauksesta!<\/p>\n","protected":false},"excerpt":{"rendered":"<p>Pultattava spacer -Paksuus 40mm -Jako 5X120 -Kr.72,6 &nbsp; Vain Kilpa k\u00e4ytt\u00f6\u00f6n! &nbsp; Huom! ! Kappaleen Hinta! Tuotteet myyd\u00e4\u00e4n kappaleittain! &nbsp; Tuotteet valmistetaan mittatilausty\u00f6n\u00e4 tilauksesta!<\/p>\n","protected":false},"featured_media":684,"comment_status":"closed","ping_status":"closed","template":"","meta":[],"product_brand":[],"product_cat":[95,94,38],"product_tag":[42,43,41],"class_list":{"0":"post-690","1":"product","2":"type-product","3":"status-publish","4":"has-post-thumbnail","6":"product_cat-kaikkituotteet","7":"product_cat-spacerit","8":"product_cat-yleinen","9":"product_tag-adabteri","10":"product_tag-pultattava","11":"product_tag-spacer","13":"first","14":"instock","15":"taxable","16":"shipping-taxable","17":"purchasable","18":"product-type-simple","19":"czr-hentry"},"jetpack_sharing_enabled":true,"_links":{"self":[{"href":"https:\/\/hautalahti.fi\/kauppa\/wp-json\/wp\/v2\/product\/690","targetHints":{"allow":["GET"]}}],"collection":[{"href":"https:\/\/hautalahti.fi\/kauppa\/wp-json\/wp\/v2\/product"}],"about":[{"href":"https:\/\/hautalahti.fi\/kauppa\/wp-json\/wp\/v2\/types\/product"}],"replies":[{"embeddable":true,"href":"https:\/\/hautalahti.fi\/kauppa\/wp-json\/wp\/v2\/comments?post=690"}],"wp:featuredmedia":[{"embeddable":true,"href":"https:\/\/hautalahti.fi\/kauppa\/wp-json\/wp\/v2\/media\/684"}],"wp:attachment":[{"href":"https:\/\/hautalahti.fi\/kauppa\/wp-json\/wp\/v2\/media?parent=690"}],"wp:term":[{"taxonomy":"product_brand","embeddable":true,"href":"https:\/\/hautalahti.fi\/kauppa\/wp-json\/wp\/v2\/product_brand?post=690"},{"taxonomy":"product_cat","embeddable":true,"href":"https:\/\/hautalahti.fi\/kauppa\/wp-json\/wp\/v2\/product_cat?post=690"},{"taxonomy":"product_tag","embeddable":true,"href":"https:\/\/hautalahti.fi\/kauppa\/wp-json\/wp\/v2\/product_tag?post=690"}],"curies":[{"name":"wp","href":"https:\/\/api.w.org\/{rel}","templated":true}]}}