{"id":2766,"date":"2026-03-31T10:36:51","date_gmt":"2026-03-31T07:36:51","guid":{"rendered":"https:\/\/hautalahti.fi\/kauppa\/?post_type=product&#038;p=2766"},"modified":"2026-03-31T10:43:24","modified_gmt":"2026-03-31T07:43:24","slug":"bmw-215mm-kevyt-terasvauhtipyorapaketti","status":"publish","type":"product","link":"https:\/\/hautalahti.fi\/kauppa\/tuote\/bmw-215mm-kevyt-terasvauhtipyorapaketti\/","title":{"rendered":"BMW 215mm Kevyt Ter\u00e4svauhtipy\u00f6r\u00e4paketti"},"content":{"rendered":"<p>BMW m4x, ja M5x Moottoreihin sopiva kevyt Ter\u00e4svauhtipy\u00f6r\u00e4paketti.<\/p>\n<p>-Vauhtipy\u00f6r\u00e4n paino n.5kg<\/p>\n<p>-215mm Kytkinlevy<\/p>\n<p>-215mm\u00a0 Asetelma<\/p>\n<p><strong>Valitse liukuvalikosta haluamasi kytkinlevy!<\/strong><\/p>\n<p>Ei sis\u00e4ll\u00e4 Hammaskeh\u00e4\u00e4!!<\/p>\n<p>Ei Tasapainoitettu!<\/p>\n<p>Vain Kilpa k\u00e4ytt\u00f6\u00f6n!<\/p>\n","protected":false},"excerpt":{"rendered":"<p>BMW m4x, ja M5x Moottoreihin sopiva kevyt Ter\u00e4svauhtipy\u00f6r\u00e4paketti. -Vauhtipy\u00f6r\u00e4n paino n.5kg -215mm Kytkinlevy -215mm\u00a0 Asetelma Valitse liukuvalikosta haluamasi kytkinlevy! Ei sis\u00e4ll\u00e4 Hammaskeh\u00e4\u00e4!! Ei Tasapainoitettu! Vain Kilpa k\u00e4ytt\u00f6\u00f6n!<\/p>\n","protected":false},"featured_media":1351,"comment_status":"closed","ping_status":"closed","template":"","meta":[],"product_brand":[],"product_cat":[91,95,100,38],"product_tag":[78,50,15,52,57,53,56,55,54,97,96],"class_list":{"0":"post-2766","1":"product","2":"type-product","3":"status-publish","4":"has-post-thumbnail","6":"product_cat-bmw-osat","7":"product_cat-kaikkituotteet","8":"product_cat-vauhtipyorat","9":"product_cat-yleinen","10":"product_tag-bmw","11":"product_tag-kevennetty","12":"product_tag-m20","13":"product_tag-m50","14":"product_tag-m51","15":"product_tag-m52","16":"product_tag-m54","17":"product_tag-sre-765","18":"product_tag-terasvauhtipyora","19":"product_tag-vauhtipyora","20":"product_tag-volvo","22":"first","23":"instock","24":"taxable","25":"shipping-taxable","26":"purchasable","27":"product-type-variable","28":"czr-hentry"},"jetpack_sharing_enabled":true,"_links":{"self":[{"href":"https:\/\/hautalahti.fi\/kauppa\/wp-json\/wp\/v2\/product\/2766","targetHints":{"allow":["GET"]}}],"collection":[{"href":"https:\/\/hautalahti.fi\/kauppa\/wp-json\/wp\/v2\/product"}],"about":[{"href":"https:\/\/hautalahti.fi\/kauppa\/wp-json\/wp\/v2\/types\/product"}],"replies":[{"embeddable":true,"href":"https:\/\/hautalahti.fi\/kauppa\/wp-json\/wp\/v2\/comments?post=2766"}],"wp:featuredmedia":[{"embeddable":true,"href":"https:\/\/hautalahti.fi\/kauppa\/wp-json\/wp\/v2\/media\/1351"}],"wp:attachment":[{"href":"https:\/\/hautalahti.fi\/kauppa\/wp-json\/wp\/v2\/media?parent=2766"}],"wp:term":[{"taxonomy":"product_brand","embeddable":true,"href":"https:\/\/hautalahti.fi\/kauppa\/wp-json\/wp\/v2\/product_brand?post=2766"},{"taxonomy":"product_cat","embeddable":true,"href":"https:\/\/hautalahti.fi\/kauppa\/wp-json\/wp\/v2\/product_cat?post=2766"},{"taxonomy":"product_tag","embeddable":true,"href":"https:\/\/hautalahti.fi\/kauppa\/wp-json\/wp\/v2\/product_tag?post=2766"}],"curies":[{"name":"wp","href":"https:\/\/api.w.org\/{rel}","templated":true}]}}