{"id":2745,"date":"2026-03-31T10:35:47","date_gmt":"2026-03-31T07:35:47","guid":{"rendered":"https:\/\/hautalahti.fi\/kauppa\/?post_type=product&#038;p=2745"},"modified":"2026-03-31T10:56:22","modified_gmt":"2026-03-31T07:56:22","slug":"bmw-184mm-terasvauhtipyorapaketti-500-1240nm","status":"publish","type":"product","link":"https:\/\/hautalahti.fi\/kauppa\/tuote\/bmw-184mm-terasvauhtipyorapaketti-500-1240nm\/","title":{"rendered":"BMW 184mm Ter\u00e4svauhtipy\u00f6r\u00e4paketti 500-1240nm"},"content":{"rendered":"<p>BMW:n Moottoreihin sopiva 184mm Ter\u00e4svauhtipy\u00f6r\u00e4 Paketti\u00a0 500nm-875nm-1240nm tehon kestolle.<\/p>\n<p>-Sopivuudet esim. M5x, M4x yms.<\/p>\n<p>-Vauhtipy\u00f6r\u00e4n paino n.5kg<\/p>\n<p>-184mm kytkinlevy 1-3kpl valitse m\u00e4\u00e4r\u00e4 ja keski\u00f6<\/p>\n<p>-184mm asetelma<\/p>\n<p><strong>Valitse liukuvalikoista haluamasi kytkinlevy keski\u00f6 ja m\u00e4\u00e4r\u00e4 !<\/strong><\/p>\n<p>Ei sis\u00e4ll\u00e4 Hammaskeh\u00e4\u00e4!!<\/p>\n<p>Ei Tasapainoitettu!<\/p>\n<p>Vain Kilpa k\u00e4ytt\u00f6\u00f6n!<\/p>\n","protected":false},"excerpt":{"rendered":"<p>BMW:n Moottoreihin sopiva 184mm Ter\u00e4svauhtipy\u00f6r\u00e4 Paketti\u00a0 500nm-875nm-1240nm tehon kestolle. -Sopivuudet esim. M5x, M4x yms. -Vauhtipy\u00f6r\u00e4n paino n.5kg -184mm kytkinlevy 1-3kpl valitse m\u00e4\u00e4r\u00e4 ja keski\u00f6 -184mm asetelma Valitse liukuvalikoista haluamasi kytkinlevy keski\u00f6 ja m\u00e4\u00e4r\u00e4 ! Ei sis\u00e4ll\u00e4 Hammaskeh\u00e4\u00e4!! Ei Tasapainoitettu! Vain Kilpa k\u00e4ytt\u00f6\u00f6n!<\/p>\n","protected":false},"featured_media":2617,"comment_status":"closed","ping_status":"closed","template":"","meta":[],"product_brand":[],"product_cat":[91,95,100,38],"product_tag":[78,50,15,52,57,53,56,55,54,97],"class_list":{"0":"post-2745","1":"product","2":"type-product","3":"status-publish","4":"has-post-thumbnail","6":"product_cat-bmw-osat","7":"product_cat-kaikkituotteet","8":"product_cat-vauhtipyorat","9":"product_cat-yleinen","10":"product_tag-bmw","11":"product_tag-kevennetty","12":"product_tag-m20","13":"product_tag-m50","14":"product_tag-m51","15":"product_tag-m52","16":"product_tag-m54","17":"product_tag-sre-765","18":"product_tag-terasvauhtipyora","19":"product_tag-vauhtipyora","21":"first","22":"instock","23":"taxable","24":"shipping-taxable","25":"purchasable","26":"product-type-variable","27":"czr-hentry"},"jetpack_sharing_enabled":true,"_links":{"self":[{"href":"https:\/\/hautalahti.fi\/kauppa\/wp-json\/wp\/v2\/product\/2745","targetHints":{"allow":["GET"]}}],"collection":[{"href":"https:\/\/hautalahti.fi\/kauppa\/wp-json\/wp\/v2\/product"}],"about":[{"href":"https:\/\/hautalahti.fi\/kauppa\/wp-json\/wp\/v2\/types\/product"}],"replies":[{"embeddable":true,"href":"https:\/\/hautalahti.fi\/kauppa\/wp-json\/wp\/v2\/comments?post=2745"}],"wp:featuredmedia":[{"embeddable":true,"href":"https:\/\/hautalahti.fi\/kauppa\/wp-json\/wp\/v2\/media\/2617"}],"wp:attachment":[{"href":"https:\/\/hautalahti.fi\/kauppa\/wp-json\/wp\/v2\/media?parent=2745"}],"wp:term":[{"taxonomy":"product_brand","embeddable":true,"href":"https:\/\/hautalahti.fi\/kauppa\/wp-json\/wp\/v2\/product_brand?post=2745"},{"taxonomy":"product_cat","embeddable":true,"href":"https:\/\/hautalahti.fi\/kauppa\/wp-json\/wp\/v2\/product_cat?post=2745"},{"taxonomy":"product_tag","embeddable":true,"href":"https:\/\/hautalahti.fi\/kauppa\/wp-json\/wp\/v2\/product_tag?post=2745"}],"curies":[{"name":"wp","href":"https:\/\/api.w.org\/{rel}","templated":true}]}}