{"id":2713,"date":"2026-03-31T09:58:07","date_gmt":"2026-03-31T06:58:07","guid":{"rendered":"https:\/\/hautalahti.fi\/kauppa\/?post_type=product&#038;p=2713"},"modified":"2026-03-31T10:17:13","modified_gmt":"2026-03-31T07:17:13","slug":"kytkinlevy-184mm-2-6mm","status":"publish","type":"product","link":"https:\/\/hautalahti.fi\/kauppa\/tuote\/kytkinlevy-184mm-2-6mm\/","title":{"rendered":"Kytkinlevy 184mm 2.6mm"},"content":{"rendered":"<p>Keski\u00f6: Valitse liukuvalikosta!<\/p>\n<p>Halkaisija: 184mm<\/p>\n<p>Lapa m\u00e4\u00e4r\u00e4: 4kpl<\/p>\n<p>Paksuus 2,6mm<\/p>\n<p>&nbsp;<\/p>\n<p>Saatavilla my\u00f6s muita keski\u00f6it\u00e4 tilauksesta. KYSY!<\/p>\n","protected":false},"excerpt":{"rendered":"<p>Keski\u00f6: Valitse liukuvalikosta! Halkaisija: 184mm Lapa m\u00e4\u00e4r\u00e4: 4kpl Paksuus 2,6mm &nbsp; Saatavilla my\u00f6s muita keski\u00f6it\u00e4 tilauksesta. KYSY!<\/p>\n","protected":false},"featured_media":2700,"comment_status":"closed","ping_status":"closed","template":"","meta":[],"product_brand":[],"product_cat":[91,95,93,187,100,38],"product_tag":[],"class_list":{"0":"post-2713","1":"product","2":"type-product","3":"status-publish","4":"has-post-thumbnail","6":"product_cat-bmw-osat","7":"product_cat-kaikkituotteet","8":"product_cat-mercedes-benz","9":"product_cat-valtuot","10":"product_cat-vauhtipyorat","11":"product_cat-yleinen","13":"first","14":"instock","15":"taxable","16":"shipping-taxable","17":"purchasable","18":"product-type-variable","19":"czr-hentry"},"jetpack_sharing_enabled":true,"_links":{"self":[{"href":"https:\/\/hautalahti.fi\/kauppa\/wp-json\/wp\/v2\/product\/2713","targetHints":{"allow":["GET"]}}],"collection":[{"href":"https:\/\/hautalahti.fi\/kauppa\/wp-json\/wp\/v2\/product"}],"about":[{"href":"https:\/\/hautalahti.fi\/kauppa\/wp-json\/wp\/v2\/types\/product"}],"replies":[{"embeddable":true,"href":"https:\/\/hautalahti.fi\/kauppa\/wp-json\/wp\/v2\/comments?post=2713"}],"wp:featuredmedia":[{"embeddable":true,"href":"https:\/\/hautalahti.fi\/kauppa\/wp-json\/wp\/v2\/media\/2700"}],"wp:attachment":[{"href":"https:\/\/hautalahti.fi\/kauppa\/wp-json\/wp\/v2\/media?parent=2713"}],"wp:term":[{"taxonomy":"product_brand","embeddable":true,"href":"https:\/\/hautalahti.fi\/kauppa\/wp-json\/wp\/v2\/product_brand?post=2713"},{"taxonomy":"product_cat","embeddable":true,"href":"https:\/\/hautalahti.fi\/kauppa\/wp-json\/wp\/v2\/product_cat?post=2713"},{"taxonomy":"product_tag","embeddable":true,"href":"https:\/\/hautalahti.fi\/kauppa\/wp-json\/wp\/v2\/product_tag?post=2713"}],"curies":[{"name":"wp","href":"https:\/\/api.w.org\/{rel}","templated":true}]}}