{"id":2704,"date":"2026-03-31T09:06:21","date_gmt":"2026-03-31T06:06:21","guid":{"rendered":"https:\/\/hautalahti.fi\/kauppa\/?post_type=product&#038;p=2704"},"modified":"2026-03-31T09:14:43","modified_gmt":"2026-03-31T06:14:43","slug":"mercedes-benz-vauhtipyora-m104-etc-triggerinnilla","status":"publish","type":"product","link":"https:\/\/hautalahti.fi\/kauppa\/tuote\/mercedes-benz-vauhtipyora-m104-etc-triggerinnilla\/","title":{"rendered":"Mercedes Benz Vauhtipy\u00f6r\u00e4 M104 etc. Triggerinnill\u00e4"},"content":{"rendered":"<p>Ter\u00e4svauhtipy\u00f6r\u00e4 MB:n bensa ja diesel koneisiin kaksoismassa vauhtipy\u00f6r\u00e4n tilalle.<\/p>\n<p>-Hammaskeh\u00e4n Asennusmitta 275,3mm T\u00e4st\u00e4 my\u00f6s muita variaatioita tarkista mitta ennen tilausta, mahdollista tehd\u00e4 my\u00f6s muille mitoille.<\/p>\n<p>-Trigger\u00f6inti 60-2<\/p>\n<p>-240mm Kytkimelle<\/p>\n<p>-SRE-765 Asetelmalle<\/p>\n<p>-Paino n.7kg<\/p>\n<p>-Sis\u00e4lt\u00e4\u00e4 asetelman kohdistus tapit<\/p>\n<p>Toimitetaan ilman Hammaskeh\u00e4\u00e4!!<\/p>\n<p>Ei Tasapainoitettu!<\/p>\n<p>Vain Kilpa K\u00e4ytt\u00f6\u00f6n!!<\/p>\n<p>Tuotteet valmistetaan mittatilausty\u00f6n\u00e4 tilauksesta!<\/p>\n","protected":false},"excerpt":{"rendered":"<p>Ter\u00e4svauhtipy\u00f6r\u00e4 MB:n bensa ja diesel koneisiin kaksoismassa vauhtipy\u00f6r\u00e4n tilalle. -Hammaskeh\u00e4n Asennusmitta 275,3mm T\u00e4st\u00e4 my\u00f6s muita variaatioita tarkista mitta ennen tilausta, mahdollista tehd\u00e4 my\u00f6s muille mitoille. -Trigger\u00f6inti 60-2 -240mm Kytkimelle -SRE-765 Asetelmalle -Paino n.7kg -Sis\u00e4lt\u00e4\u00e4 asetelman kohdistus tapit Toimitetaan ilman Hammaskeh\u00e4\u00e4!! Ei Tasapainoitettu! Vain Kilpa K\u00e4ytt\u00f6\u00f6n!! Tuotteet valmistetaan mittatilausty\u00f6n\u00e4 tilauksesta!<\/p>\n","protected":false},"featured_media":2698,"comment_status":"closed","ping_status":"closed","template":"","meta":[],"product_brand":[],"product_cat":[95,93,100],"product_tag":[122,88,50,48,52,57,53,56,58,121,120,203,55,13,54,97],"class_list":{"0":"post-2704","1":"product","2":"type-product","3":"status-publish","4":"has-post-thumbnail","6":"product_cat-kaikkituotteet","7":"product_cat-mercedes-benz","8":"product_cat-vauhtipyorat","9":"product_tag-diesel","10":"product_tag-jokkis","11":"product_tag-kevennetty","12":"product_tag-m104","13":"product_tag-m50","14":"product_tag-m51","15":"product_tag-m52","16":"product_tag-m54","17":"product_tag-m57","18":"product_tag-m57tu","19":"product_tag-m57tud30","20":"product_tag-mercedes-benz","21":"product_tag-sre-765","22":"product_tag-teras","23":"product_tag-terasvauhtipyora","24":"product_tag-vauhtipyora","26":"first","27":"instock","28":"taxable","29":"shipping-taxable","30":"purchasable","31":"product-type-simple","32":"czr-hentry"},"jetpack_sharing_enabled":true,"_links":{"self":[{"href":"https:\/\/hautalahti.fi\/kauppa\/wp-json\/wp\/v2\/product\/2704","targetHints":{"allow":["GET"]}}],"collection":[{"href":"https:\/\/hautalahti.fi\/kauppa\/wp-json\/wp\/v2\/product"}],"about":[{"href":"https:\/\/hautalahti.fi\/kauppa\/wp-json\/wp\/v2\/types\/product"}],"replies":[{"embeddable":true,"href":"https:\/\/hautalahti.fi\/kauppa\/wp-json\/wp\/v2\/comments?post=2704"}],"wp:featuredmedia":[{"embeddable":true,"href":"https:\/\/hautalahti.fi\/kauppa\/wp-json\/wp\/v2\/media\/2698"}],"wp:attachment":[{"href":"https:\/\/hautalahti.fi\/kauppa\/wp-json\/wp\/v2\/media?parent=2704"}],"wp:term":[{"taxonomy":"product_brand","embeddable":true,"href":"https:\/\/hautalahti.fi\/kauppa\/wp-json\/wp\/v2\/product_brand?post=2704"},{"taxonomy":"product_cat","embeddable":true,"href":"https:\/\/hautalahti.fi\/kauppa\/wp-json\/wp\/v2\/product_cat?post=2704"},{"taxonomy":"product_tag","embeddable":true,"href":"https:\/\/hautalahti.fi\/kauppa\/wp-json\/wp\/v2\/product_tag?post=2704"}],"curies":[{"name":"wp","href":"https:\/\/api.w.org\/{rel}","templated":true}]}}