{"id":2622,"date":"2026-03-11T10:20:33","date_gmt":"2026-03-11T08:20:33","guid":{"rendered":"https:\/\/hautalahti.fi\/kauppa\/?post_type=product&#038;p=2622"},"modified":"2026-03-11T10:48:08","modified_gmt":"2026-03-11T08:48:08","slug":"lukitusmutteri","status":"publish","type":"product","link":"https:\/\/hautalahti.fi\/kauppa\/tuote\/lukitusmutteri\/","title":{"rendered":"Lukitusmutteri"},"content":{"rendered":"<p>Soveltuu k\u00e4ytett\u00e4v\u00e4ksi mm.unibaalien kanssa<\/p>\n<p>Valitse koko ja k\u00e4tisyys liukuvalikosta.<\/p>\n<p>Muissa mitoissa ole yhteydess\u00e4!<\/p>\n","protected":false},"excerpt":{"rendered":"<p>Soveltuu k\u00e4ytett\u00e4v\u00e4ksi mm.unibaalien kanssa Valitse koko ja k\u00e4tisyys liukuvalikosta. Muissa mitoissa ole yhteydess\u00e4!<\/p>\n","protected":false},"featured_media":2650,"comment_status":"closed","ping_status":"closed","template":"","meta":[],"product_brand":[],"product_cat":[167,95,77,92,38],"product_tag":[45,46,13,44,10],"class_list":{"0":"post-2622","1":"product","2":"type-product","3":"status-publish","4":"has-post-thumbnail","6":"product_cat-alustan-osat","7":"product_cat-kaikkituotteet","8":"product_cat-pyorotangot","9":"product_cat-uniball-osat","10":"product_cat-yleinen","11":"product_tag-linkintanko","12":"product_tag-linkki","13":"product_tag-teras","14":"product_tag-tukivarsi","15":"product_tag-uniball","17":"first","18":"instock","19":"taxable","20":"shipping-taxable","21":"purchasable","22":"product-type-variable","23":"czr-hentry"},"jetpack_sharing_enabled":true,"_links":{"self":[{"href":"https:\/\/hautalahti.fi\/kauppa\/wp-json\/wp\/v2\/product\/2622","targetHints":{"allow":["GET"]}}],"collection":[{"href":"https:\/\/hautalahti.fi\/kauppa\/wp-json\/wp\/v2\/product"}],"about":[{"href":"https:\/\/hautalahti.fi\/kauppa\/wp-json\/wp\/v2\/types\/product"}],"replies":[{"embeddable":true,"href":"https:\/\/hautalahti.fi\/kauppa\/wp-json\/wp\/v2\/comments?post=2622"}],"wp:featuredmedia":[{"embeddable":true,"href":"https:\/\/hautalahti.fi\/kauppa\/wp-json\/wp\/v2\/media\/2650"}],"wp:attachment":[{"href":"https:\/\/hautalahti.fi\/kauppa\/wp-json\/wp\/v2\/media?parent=2622"}],"wp:term":[{"taxonomy":"product_brand","embeddable":true,"href":"https:\/\/hautalahti.fi\/kauppa\/wp-json\/wp\/v2\/product_brand?post=2622"},{"taxonomy":"product_cat","embeddable":true,"href":"https:\/\/hautalahti.fi\/kauppa\/wp-json\/wp\/v2\/product_cat?post=2622"},{"taxonomy":"product_tag","embeddable":true,"href":"https:\/\/hautalahti.fi\/kauppa\/wp-json\/wp\/v2\/product_tag?post=2622"}],"curies":[{"name":"wp","href":"https:\/\/api.w.org\/{rel}","templated":true}]}}