{"id":2217,"date":"2025-05-21T09:58:59","date_gmt":"2025-05-21T06:58:59","guid":{"rendered":"https:\/\/hautalahti.fi\/kauppa\/?post_type=product&#038;p=2217"},"modified":"2026-02-27T16:26:20","modified_gmt":"2026-02-27T14:26:20","slug":"kytkinlevy-bmw-jousitettu-240mm-sintteri-6-lapaa","status":"publish","type":"product","link":"https:\/\/hautalahti.fi\/kauppa\/tuote\/kytkinlevy-bmw-jousitettu-240mm-sintteri-6-lapaa\/","title":{"rendered":"Kytkinlevy BMW jousitettu 240mm Sintteri 6 lapaa"},"content":{"rendered":"<p>Boori: Valitse liukuvalikosta!<\/p>\n<p>Halkaisija: 240mm<\/p>\n<p>Jousitus: on<\/p>\n<p>Lapa m\u00e4\u00e4r\u00e4: 6kpl<\/p>\n<p>Paksuus 8.1mm<\/p>\n","protected":false},"excerpt":{"rendered":"<p>Boori: Valitse liukuvalikosta! Halkaisija: 240mm Jousitus: on Lapa m\u00e4\u00e4r\u00e4: 6kpl Paksuus 8.1mm<\/p>\n","protected":false},"featured_media":1354,"comment_status":"closed","ping_status":"closed","template":"","meta":[],"product_brand":[],"product_cat":[91,95,93,187,100,38],"product_tag":[],"class_list":{"0":"post-2217","1":"product","2":"type-product","3":"status-publish","4":"has-post-thumbnail","6":"product_cat-bmw-osat","7":"product_cat-kaikkituotteet","8":"product_cat-mercedes-benz","9":"product_cat-valtuot","10":"product_cat-vauhtipyorat","11":"product_cat-yleinen","12":"product_shipping_class-16","14":"first","15":"instock","16":"taxable","17":"shipping-taxable","18":"purchasable","19":"product-type-variable","20":"czr-hentry"},"jetpack_sharing_enabled":true,"_links":{"self":[{"href":"https:\/\/hautalahti.fi\/kauppa\/wp-json\/wp\/v2\/product\/2217","targetHints":{"allow":["GET"]}}],"collection":[{"href":"https:\/\/hautalahti.fi\/kauppa\/wp-json\/wp\/v2\/product"}],"about":[{"href":"https:\/\/hautalahti.fi\/kauppa\/wp-json\/wp\/v2\/types\/product"}],"replies":[{"embeddable":true,"href":"https:\/\/hautalahti.fi\/kauppa\/wp-json\/wp\/v2\/comments?post=2217"}],"wp:featuredmedia":[{"embeddable":true,"href":"https:\/\/hautalahti.fi\/kauppa\/wp-json\/wp\/v2\/media\/1354"}],"wp:attachment":[{"href":"https:\/\/hautalahti.fi\/kauppa\/wp-json\/wp\/v2\/media?parent=2217"}],"wp:term":[{"taxonomy":"product_brand","embeddable":true,"href":"https:\/\/hautalahti.fi\/kauppa\/wp-json\/wp\/v2\/product_brand?post=2217"},{"taxonomy":"product_cat","embeddable":true,"href":"https:\/\/hautalahti.fi\/kauppa\/wp-json\/wp\/v2\/product_cat?post=2217"},{"taxonomy":"product_tag","embeddable":true,"href":"https:\/\/hautalahti.fi\/kauppa\/wp-json\/wp\/v2\/product_tag?post=2217"}],"curies":[{"name":"wp","href":"https:\/\/api.w.org\/{rel}","templated":true}]}}