{"id":2111,"date":"2025-02-14T09:46:28","date_gmt":"2025-02-14T07:46:28","guid":{"rendered":"https:\/\/hautalahti.fi\/kauppa\/?post_type=product&#038;p=2111"},"modified":"2026-02-27T16:29:46","modified_gmt":"2026-02-27T14:29:46","slug":"duratec-2-0-2-3-crmo-retainer-25mm-16kpl-sarja","status":"publish","type":"product","link":"https:\/\/hautalahti.fi\/kauppa\/tuote\/duratec-2-0-2-3-crmo-retainer-25mm-16kpl-sarja\/","title":{"rendered":"Duratec 2.0\/2.3 CrMo Retainer 25mm 16kpl sarja"},"content":{"rendered":"<h2>Duratec 2.0\/2.3 Retainer 25mm sarja.<\/h2>\n<p>&nbsp;<\/p>\n<h3>CrMo Retainerit 16kpl.<\/h3>\n<p>-Paino 12g\/kpl<\/p>\n<p>-5.5mm Venttiilin varrelle<\/p>\n<p>-Ulkohalkaisija 25mm<\/p>\n<p>-K\u00e4ytett\u00e4v\u00e4n jousen sis\u00e4halkaisija 18mm<\/p>\n<p>-Asennus mitaksi tulee 39mm<\/p>\n<p>&nbsp;<\/p>\n<p>(Osa kuvista havainne kuvia)<\/p>\n","protected":false},"excerpt":{"rendered":"<p>Duratec 2.0\/2.3 Retainer 25mm sarja. &nbsp; CrMo Retainerit 16kpl. -Paino 12g\/kpl -5.5mm Venttiilin varrelle -Ulkohalkaisija 25mm -K\u00e4ytett\u00e4v\u00e4n jousen sis\u00e4halkaisija 18mm -Asennus mitaksi tulee 39mm &nbsp; (Osa kuvista havainne kuvia)<\/p>\n","protected":false},"featured_media":2106,"comment_status":"closed","ping_status":"closed","template":"","meta":[],"product_brand":[],"product_cat":[185,95,177,38],"product_tag":[128,102,163,47,130,129,131,183,182],"class_list":{"0":"post-2111","1":"product","2":"type-product","3":"status-publish","4":"has-post-thumbnail","6":"product_cat-duratec","7":"product_cat-kaikkituotteet","8":"product_cat-moottorin-osat","9":"product_cat-yleinen","10":"product_tag-crmo","11":"product_tag-ford","12":"product_tag-mazda","13":"product_tag-retainer","14":"product_tag-spring","15":"product_tag-valve","16":"product_tag-valvespring","17":"product_tag-ventiilijouset","18":"product_tag-ventiilijousi","19":"product_shipping_class-16","21":"first","22":"instock","23":"taxable","24":"shipping-taxable","25":"purchasable","26":"product-type-simple","27":"czr-hentry"},"jetpack_sharing_enabled":true,"_links":{"self":[{"href":"https:\/\/hautalahti.fi\/kauppa\/wp-json\/wp\/v2\/product\/2111","targetHints":{"allow":["GET"]}}],"collection":[{"href":"https:\/\/hautalahti.fi\/kauppa\/wp-json\/wp\/v2\/product"}],"about":[{"href":"https:\/\/hautalahti.fi\/kauppa\/wp-json\/wp\/v2\/types\/product"}],"replies":[{"embeddable":true,"href":"https:\/\/hautalahti.fi\/kauppa\/wp-json\/wp\/v2\/comments?post=2111"}],"wp:featuredmedia":[{"embeddable":true,"href":"https:\/\/hautalahti.fi\/kauppa\/wp-json\/wp\/v2\/media\/2106"}],"wp:attachment":[{"href":"https:\/\/hautalahti.fi\/kauppa\/wp-json\/wp\/v2\/media?parent=2111"}],"wp:term":[{"taxonomy":"product_brand","embeddable":true,"href":"https:\/\/hautalahti.fi\/kauppa\/wp-json\/wp\/v2\/product_brand?post=2111"},{"taxonomy":"product_cat","embeddable":true,"href":"https:\/\/hautalahti.fi\/kauppa\/wp-json\/wp\/v2\/product_cat?post=2111"},{"taxonomy":"product_tag","embeddable":true,"href":"https:\/\/hautalahti.fi\/kauppa\/wp-json\/wp\/v2\/product_tag?post=2111"}],"curies":[{"name":"wp","href":"https:\/\/api.w.org\/{rel}","templated":true}]}}