{"id":1950,"date":"2024-09-24T11:44:57","date_gmt":"2024-09-24T08:44:57","guid":{"rendered":"https:\/\/hautalahti.fi\/kauppa\/?post_type=product&#038;p=1950"},"modified":"2026-03-18T09:21:43","modified_gmt":"2026-03-18T07:21:43","slug":"bmw-m50-m52-m54-venttiilijousisarja-crmo-retainerit-24kpl","status":"publish","type":"product","link":"https:\/\/hautalahti.fi\/kauppa\/tuote\/bmw-m50-m52-m54-venttiilijousisarja-crmo-retainerit-24kpl\/","title":{"rendered":"BMW M50 M52 M54 Venttiilijousisarja + Crmo Retainerit 24kpl"},"content":{"rendered":"<p>Race tupla venttiilinjouset<\/p>\n<p>Vakiota j\u00e4ykempi ulompi venttiilinjousi<\/p>\n<p>K\u00e4ytet\u00e4\u00e4n vakio sis\u00e4jousen kanssa<\/p>\n<p>Asennusmitta (mm): 37.00<\/p>\n<p>Puristuspaine eri pituuksilla:<\/p>\n<p>37.00mm = 47Kg (vakio 37)<\/p>\n<p>27.00mm = 105Kg (vakio 96)<\/p>\n<p>25,00mm= 116Kg<\/p>\n<p>Jousi menee putkelle mitassa 21.40mm (vakio 25.00mm)Hinta \/ kpl<\/p>\n<p>Jousi menee putkelle mitassa 22.20mm (vakio 25.00mm)<br \/>\n37 mm &#8211; 22,2 mm = 14,8 mm &#8211; 1,5 mm &#8221;turvaraja&#8221; = kest\u00e4\u00e4 v\u00e4hint\u00e4\u00e4n 13,3 mm nokka-akselin nostokorkeuden<\/p>\n<p>Hinta \/ 24kpl<\/p>\n","protected":false},"excerpt":{"rendered":"<p>Race tupla venttiilinjouset Vakiota j\u00e4ykempi ulompi venttiilinjousi K\u00e4ytet\u00e4\u00e4n vakio sis\u00e4jousen kanssa Asennusmitta (mm): 37.00 Puristuspaine eri pituuksilla: 37.00mm = 47Kg (vakio 37) 27.00mm = 105Kg (vakio 96) 25,00mm= 116Kg Jousi menee putkelle mitassa 21.40mm (vakio 25.00mm)Hinta \/ kpl Jousi menee putkelle mitassa 22.20mm (vakio 25.00mm) 37 mm &#8211; 22,2 mm = 14,8 mm &#8211; 1,5 [&hellip;]<\/p>\n","protected":false},"featured_media":1936,"comment_status":"closed","ping_status":"closed","template":"","meta":[],"product_brand":[],"product_cat":[91,95],"product_tag":[78,128,52,53,47,130,129,131,183,182],"class_list":{"0":"post-1950","1":"product","2":"type-product","3":"status-publish","4":"has-post-thumbnail","6":"product_cat-bmw-osat","7":"product_cat-kaikkituotteet","8":"product_tag-bmw","9":"product_tag-crmo","10":"product_tag-m50","11":"product_tag-m52","12":"product_tag-retainer","13":"product_tag-spring","14":"product_tag-valve","15":"product_tag-valvespring","16":"product_tag-ventiilijouset","17":"product_tag-ventiilijousi","19":"first","20":"instock","21":"taxable","22":"shipping-taxable","23":"purchasable","24":"product-type-simple","25":"czr-hentry"},"jetpack_sharing_enabled":true,"_links":{"self":[{"href":"https:\/\/hautalahti.fi\/kauppa\/wp-json\/wp\/v2\/product\/1950","targetHints":{"allow":["GET"]}}],"collection":[{"href":"https:\/\/hautalahti.fi\/kauppa\/wp-json\/wp\/v2\/product"}],"about":[{"href":"https:\/\/hautalahti.fi\/kauppa\/wp-json\/wp\/v2\/types\/product"}],"replies":[{"embeddable":true,"href":"https:\/\/hautalahti.fi\/kauppa\/wp-json\/wp\/v2\/comments?post=1950"}],"wp:featuredmedia":[{"embeddable":true,"href":"https:\/\/hautalahti.fi\/kauppa\/wp-json\/wp\/v2\/media\/1936"}],"wp:attachment":[{"href":"https:\/\/hautalahti.fi\/kauppa\/wp-json\/wp\/v2\/media?parent=1950"}],"wp:term":[{"taxonomy":"product_brand","embeddable":true,"href":"https:\/\/hautalahti.fi\/kauppa\/wp-json\/wp\/v2\/product_brand?post=1950"},{"taxonomy":"product_cat","embeddable":true,"href":"https:\/\/hautalahti.fi\/kauppa\/wp-json\/wp\/v2\/product_cat?post=1950"},{"taxonomy":"product_tag","embeddable":true,"href":"https:\/\/hautalahti.fi\/kauppa\/wp-json\/wp\/v2\/product_tag?post=1950"}],"curies":[{"name":"wp","href":"https:\/\/api.w.org\/{rel}","templated":true}]}}