{"id":1841,"date":"2024-07-03T09:36:04","date_gmt":"2024-07-03T06:36:04","guid":{"rendered":"https:\/\/hautalahti.fi\/kauppa\/?post_type=product&#038;p=1841"},"modified":"2026-04-05T11:43:38","modified_gmt":"2026-04-05T08:43:38","slug":"paininkuppi-sarja-38mm-peugeot-saab-volvo","status":"publish","type":"product","link":"https:\/\/hautalahti.fi\/kauppa\/tuote\/paininkuppi-sarja-38mm-peugeot-saab-volvo\/","title":{"rendered":"Paininkuppi sarja 38mm (Peugeot, saab, volvo)"},"content":{"rendered":"<p>20CR-ter\u00e4ksest\u00e4 taottu ter\u00e4spaininkuppi<\/p>\n<p>Halkaisija: 38mm<br \/>\nKorkeus: 33mm<br \/>\nPaino: 65 grammaa<\/p>\n<p>Hinta per 8kpl sarja<\/p>\n<p>K\u00e4y peugeot sek\u00e4 saab H moottoreihin sek\u00e4\u00a0 esim. volvon vinokoneen kanteen kun kuppien pes\u00e4t on koneistettu sek\u00e4 pitk\u00e4t venttiilit tai lash capit.<\/p>\n","protected":false},"excerpt":{"rendered":"<p>20CR-ter\u00e4ksest\u00e4 taottu ter\u00e4spaininkuppi Halkaisija: 38mm Korkeus: 33mm Paino: 65 grammaa Hinta per 8kpl sarja K\u00e4y peugeot sek\u00e4 saab H moottoreihin sek\u00e4\u00a0 esim. volvon vinokoneen kanteen kun kuppien pes\u00e4t on koneistettu sek\u00e4 pitk\u00e4t venttiilit tai lash capit.<\/p>\n","protected":false},"featured_media":1843,"comment_status":"closed","ping_status":"closed","template":"","meta":[],"product_brand":[],"product_cat":[95,177,166,38],"product_tag":[181,180,178,179,96],"class_list":{"0":"post-1841","1":"product","2":"type-product","3":"status-publish","4":"has-post-thumbnail","6":"product_cat-kaikkituotteet","7":"product_cat-moottorin-osat","8":"product_cat-volvo","9":"product_cat-yleinen","10":"product_tag-38mm","11":"product_tag-paininkuppi","12":"product_tag-peugeot","13":"product_tag-saab","14":"product_tag-volvo","15":"product_shipping_class-16","17":"first","18":"instock","19":"taxable","20":"shipping-taxable","21":"purchasable","22":"product-type-simple","23":"czr-hentry"},"jetpack_sharing_enabled":true,"_links":{"self":[{"href":"https:\/\/hautalahti.fi\/kauppa\/wp-json\/wp\/v2\/product\/1841","targetHints":{"allow":["GET"]}}],"collection":[{"href":"https:\/\/hautalahti.fi\/kauppa\/wp-json\/wp\/v2\/product"}],"about":[{"href":"https:\/\/hautalahti.fi\/kauppa\/wp-json\/wp\/v2\/types\/product"}],"replies":[{"embeddable":true,"href":"https:\/\/hautalahti.fi\/kauppa\/wp-json\/wp\/v2\/comments?post=1841"}],"wp:featuredmedia":[{"embeddable":true,"href":"https:\/\/hautalahti.fi\/kauppa\/wp-json\/wp\/v2\/media\/1843"}],"wp:attachment":[{"href":"https:\/\/hautalahti.fi\/kauppa\/wp-json\/wp\/v2\/media?parent=1841"}],"wp:term":[{"taxonomy":"product_brand","embeddable":true,"href":"https:\/\/hautalahti.fi\/kauppa\/wp-json\/wp\/v2\/product_brand?post=1841"},{"taxonomy":"product_cat","embeddable":true,"href":"https:\/\/hautalahti.fi\/kauppa\/wp-json\/wp\/v2\/product_cat?post=1841"},{"taxonomy":"product_tag","embeddable":true,"href":"https:\/\/hautalahti.fi\/kauppa\/wp-json\/wp\/v2\/product_tag?post=1841"}],"curies":[{"name":"wp","href":"https:\/\/api.w.org\/{rel}","templated":true}]}}