{"id":1563,"date":"2023-08-16T09:06:42","date_gmt":"2023-08-16T06:06:42","guid":{"rendered":"https:\/\/hautalahti.fi\/kauppa\/?post_type=product&#038;p=1563"},"modified":"2026-02-27T16:55:56","modified_gmt":"2026-02-27T14:55:56","slug":"mercedes-benz-kovien-nostajien-muutos-sarja-24kpl","status":"publish","type":"product","link":"https:\/\/hautalahti.fi\/kauppa\/tuote\/mercedes-benz-kovien-nostajien-muutos-sarja-24kpl\/","title":{"rendered":"Mercedes-Benz  Kovien nostajien muutos sarja 24kpl"},"content":{"rendered":"<p>M-B Hydraulisten nostajien muutos sarja koviksi nostajiksi<\/p>\n<p>Sopii Paininkuppeihin joissa sielun hydraulisen sielun halkasija on 11mm<\/p>\n<p>Venttiilin pituus s\u00e4\u00e4det\u00e4\u00e4n joko venttiilin\/sielun pituutta muuttamalla tai lashcapeilla.<\/p>\n<p>Sarja sis\u00e4lt\u00e4\u00e4 24kpl karkaistuja mekaanisia nostajan tappeja.<\/p>\n<p>&nbsp;<\/p>\n<p>Sopii my\u00f6s k\u00e4ytett\u00e4v\u00e4ksi muissa samoilla mitoilla olevissa paininkupeissa.<\/p>\n<p>&nbsp;<\/p>\n<p>Kilpa k\u00e4ytt\u00f6\u00f6n.<\/p>\n<p>&nbsp;<\/p>\n<p>Tuotteet valmistetaan mittatilausty\u00f6n\u00e4 tilauksesta!<\/p>\n","protected":false},"excerpt":{"rendered":"<p>M-B Hydraulisten nostajien muutos sarja koviksi nostajiksi Sopii Paininkuppeihin joissa sielun hydraulisen sielun halkasija on 11mm Venttiilin pituus s\u00e4\u00e4det\u00e4\u00e4n joko venttiilin\/sielun pituutta muuttamalla tai lashcapeilla. Sarja sis\u00e4lt\u00e4\u00e4 24kpl karkaistuja mekaanisia nostajan tappeja. &nbsp; Sopii my\u00f6s k\u00e4ytett\u00e4v\u00e4ksi muissa samoilla mitoilla olevissa paininkupeissa. &nbsp; Kilpa k\u00e4ytt\u00f6\u00f6n. &nbsp; Tuotteet valmistetaan mittatilausty\u00f6n\u00e4 tilauksesta!<\/p>\n","protected":false},"featured_media":1113,"comment_status":"closed","ping_status":"closed","template":"","meta":[],"product_brand":[],"product_cat":[91,95],"product_tag":[78,111,110,119,109,115,53,56,112,116,117,118,13,114,113],"class_list":{"0":"post-1563","1":"product","2":"type-product","3":"status-publish","4":"has-post-thumbnail","6":"product_cat-bmw-osat","7":"product_cat-kaikkituotteet","8":"product_tag-bmw","9":"product_tag-hydraulinen","10":"product_tag-hydraulinennostaja","11":"product_tag-kova","12":"product_tag-kovanostaja","13":"product_tag-kovatnostajat","14":"product_tag-m52","15":"product_tag-m54","16":"product_tag-nostaja","17":"product_tag-solid","18":"product_tag-solidvalve","19":"product_tag-solidvalvelifter","20":"product_tag-teras","21":"product_tag-tuning","22":"product_tag-viritys","24":"first","25":"instock","26":"taxable","27":"shipping-taxable","28":"purchasable","29":"product-type-simple","30":"czr-hentry"},"jetpack_sharing_enabled":true,"_links":{"self":[{"href":"https:\/\/hautalahti.fi\/kauppa\/wp-json\/wp\/v2\/product\/1563","targetHints":{"allow":["GET"]}}],"collection":[{"href":"https:\/\/hautalahti.fi\/kauppa\/wp-json\/wp\/v2\/product"}],"about":[{"href":"https:\/\/hautalahti.fi\/kauppa\/wp-json\/wp\/v2\/types\/product"}],"replies":[{"embeddable":true,"href":"https:\/\/hautalahti.fi\/kauppa\/wp-json\/wp\/v2\/comments?post=1563"}],"wp:featuredmedia":[{"embeddable":true,"href":"https:\/\/hautalahti.fi\/kauppa\/wp-json\/wp\/v2\/media\/1113"}],"wp:attachment":[{"href":"https:\/\/hautalahti.fi\/kauppa\/wp-json\/wp\/v2\/media?parent=1563"}],"wp:term":[{"taxonomy":"product_brand","embeddable":true,"href":"https:\/\/hautalahti.fi\/kauppa\/wp-json\/wp\/v2\/product_brand?post=1563"},{"taxonomy":"product_cat","embeddable":true,"href":"https:\/\/hautalahti.fi\/kauppa\/wp-json\/wp\/v2\/product_cat?post=1563"},{"taxonomy":"product_tag","embeddable":true,"href":"https:\/\/hautalahti.fi\/kauppa\/wp-json\/wp\/v2\/product_tag?post=1563"}],"curies":[{"name":"wp","href":"https:\/\/api.w.org\/{rel}","templated":true}]}}