{"id":1555,"date":"2023-08-16T08:21:45","date_gmt":"2023-08-16T05:21:45","guid":{"rendered":"https:\/\/hautalahti.fi\/kauppa\/?post_type=product&#038;p=1555"},"modified":"2026-02-27T16:59:49","modified_gmt":"2026-02-27T14:59:49","slug":"duratec-terasvauhtipyora-765","status":"publish","type":"product","link":"https:\/\/hautalahti.fi\/kauppa\/tuote\/duratec-terasvauhtipyora-765\/","title":{"rendered":"Duratec Ter\u00e4svauhtipy\u00f6r\u00e4 240mm kytkimelle ja -765 asetelmalle"},"content":{"rendered":"<p>&nbsp;<\/p>\n<p>Duratec \u00a0Moottoreihin sopiva Ter\u00e4svauhtipy\u00f6r\u00e4.<\/p>\n<p>-Paino n.6kg<\/p>\n<p>-SRE-765 Asetelmalle<\/p>\n<p>Ei sis\u00e4ll\u00e4 Hammaskeh\u00e4\u00e4!!<\/p>\n<p>T\u00e4h\u00e4n vauhtipy\u00f6r\u00e4\u00e4n sopii p\u00e4\u00e4osin mazdoista l\u00f6ytyv\u00e4 hammaskeh\u00e4.<\/p>\n<p>Ei Tasapainoitettu!<\/p>\n<p>Tuotteet valmistetaan mittatilausty\u00f6n\u00e4 tilauksesta!<\/p>\n","protected":false},"excerpt":{"rendered":"<p>&nbsp; Duratec \u00a0Moottoreihin sopiva Ter\u00e4svauhtipy\u00f6r\u00e4. -Paino n.6kg -SRE-765 Asetelmalle Ei sis\u00e4ll\u00e4 Hammaskeh\u00e4\u00e4!! T\u00e4h\u00e4n vauhtipy\u00f6r\u00e4\u00e4n sopii p\u00e4\u00e4osin mazdoista l\u00f6ytyv\u00e4 hammaskeh\u00e4. Ei Tasapainoitettu! Tuotteet valmistetaan mittatilausty\u00f6n\u00e4 tilauksesta!<\/p>\n","protected":false},"featured_media":1557,"comment_status":"closed","ping_status":"closed","template":"","meta":[],"product_brand":[],"product_cat":[95,100,38],"product_tag":[176,164,102,50,163,55,54,97],"class_list":{"0":"post-1555","1":"product","2":"type-product","3":"status-publish","4":"has-post-thumbnail","6":"product_cat-kaikkituotteet","7":"product_cat-vauhtipyorat","8":"product_cat-yleinen","9":"product_tag-176","10":"product_tag-duratec","11":"product_tag-ford","12":"product_tag-kevennetty","13":"product_tag-mazda","14":"product_tag-sre-765","15":"product_tag-terasvauhtipyora","16":"product_tag-vauhtipyora","17":"product_shipping_class-175","19":"first","20":"instock","21":"taxable","22":"shipping-taxable","23":"purchasable","24":"product-type-simple","25":"czr-hentry"},"jetpack_sharing_enabled":true,"_links":{"self":[{"href":"https:\/\/hautalahti.fi\/kauppa\/wp-json\/wp\/v2\/product\/1555","targetHints":{"allow":["GET"]}}],"collection":[{"href":"https:\/\/hautalahti.fi\/kauppa\/wp-json\/wp\/v2\/product"}],"about":[{"href":"https:\/\/hautalahti.fi\/kauppa\/wp-json\/wp\/v2\/types\/product"}],"replies":[{"embeddable":true,"href":"https:\/\/hautalahti.fi\/kauppa\/wp-json\/wp\/v2\/comments?post=1555"}],"wp:featuredmedia":[{"embeddable":true,"href":"https:\/\/hautalahti.fi\/kauppa\/wp-json\/wp\/v2\/media\/1557"}],"wp:attachment":[{"href":"https:\/\/hautalahti.fi\/kauppa\/wp-json\/wp\/v2\/media?parent=1555"}],"wp:term":[{"taxonomy":"product_brand","embeddable":true,"href":"https:\/\/hautalahti.fi\/kauppa\/wp-json\/wp\/v2\/product_brand?post=1555"},{"taxonomy":"product_cat","embeddable":true,"href":"https:\/\/hautalahti.fi\/kauppa\/wp-json\/wp\/v2\/product_cat?post=1555"},{"taxonomy":"product_tag","embeddable":true,"href":"https:\/\/hautalahti.fi\/kauppa\/wp-json\/wp\/v2\/product_tag?post=1555"}],"curies":[{"name":"wp","href":"https:\/\/api.w.org\/{rel}","templated":true}]}}