{"id":1471,"date":"2023-05-02T16:16:13","date_gmt":"2023-05-02T13:16:13","guid":{"rendered":"https:\/\/hautalahti.fi\/kauppa\/?post_type=product&#038;p=1471"},"modified":"2026-03-05T13:34:39","modified_gmt":"2026-03-05T11:34:39","slug":"iskunvaimentimen-korvakko-pari","status":"publish","type":"product","link":"https:\/\/hautalahti.fi\/kauppa\/tuote\/iskunvaimentimen-korvakko-pari\/","title":{"rendered":"Iskunvaimentimen korvakko Pari"},"content":{"rendered":"<p>Iskun vaimentimien korvakko pari<\/p>\n<p>Soveltuu moneen k\u00e4ytt\u00f6tarkoitukseen.<\/p>\n<p>&nbsp;<\/p>\n<p>Korkeus 220mm<\/p>\n<p>Leveys ulko\/sis\u00e4 60\/52mm<\/p>\n<p>Syvyys n.60mm<\/p>\n<p>Reikien et\u00e4isyys 20mm<\/p>\n<p>Reikien lukum\u00e4\u00e4r\u00e4 10 kpl<\/p>\n<p>Reikien halkaisija 10mm<\/p>\n<p>Reikien et\u00e4isyys korvakon takaulkopinnalta 45mm<\/p>\n<p>Soveltuu k\u00e4ytett\u00e4v\u00e4ksi M12, M14, M16 ja M20 uniball:ien ja levitys holkkien kanssa.<\/p>\n<p>Myyd\u00e4\u00e4n Pareittain.<\/p>\n<p>Hinta pari hinta.<\/p>\n<p>&nbsp;<\/p>\n<p>Tuotteet valmistetaan mittatilausty\u00f6n\u00e4 tilauksesta!<\/p>\n","protected":false},"excerpt":{"rendered":"<p>Iskun vaimentimien korvakko pari Soveltuu moneen k\u00e4ytt\u00f6tarkoitukseen. &nbsp; Korkeus 220mm Leveys ulko\/sis\u00e4 60\/52mm Syvyys n.60mm Reikien et\u00e4isyys 20mm Reikien lukum\u00e4\u00e4r\u00e4 10 kpl Reikien halkaisija 10mm Reikien et\u00e4isyys korvakon takaulkopinnalta 45mm Soveltuu k\u00e4ytett\u00e4v\u00e4ksi M12, M14, M16 ja M20 uniball:ien ja levitys holkkien kanssa. Myyd\u00e4\u00e4n Pareittain. Hinta pari hinta. &nbsp; Tuotteet valmistetaan mittatilausty\u00f6n\u00e4 tilauksesta!<\/p>\n","protected":false},"featured_media":1475,"comment_status":"closed","ping_status":"closed","template":"","meta":[],"product_brand":[],"product_cat":[95,92,38],"product_tag":[20,65,66,45,46,69,10,68,67],"class_list":{"0":"post-1471","1":"product","2":"type-product","3":"status-publish","4":"has-post-thumbnail","6":"product_cat-kaikkituotteet","7":"product_cat-uniball-osat","8":"product_cat-yleinen","9":"product_tag-hitsattava","10":"product_tag-korvakko","11":"product_tag-linkinkorvakko","12":"product_tag-linkintanko","13":"product_tag-linkki","14":"product_tag-taka-akseli","15":"product_tag-uniball","16":"product_tag-volvonpera","17":"product_tag-volvopera","19":"first","20":"instock","21":"taxable","22":"shipping-taxable","23":"purchasable","24":"product-type-simple","25":"czr-hentry"},"jetpack_sharing_enabled":true,"_links":{"self":[{"href":"https:\/\/hautalahti.fi\/kauppa\/wp-json\/wp\/v2\/product\/1471","targetHints":{"allow":["GET"]}}],"collection":[{"href":"https:\/\/hautalahti.fi\/kauppa\/wp-json\/wp\/v2\/product"}],"about":[{"href":"https:\/\/hautalahti.fi\/kauppa\/wp-json\/wp\/v2\/types\/product"}],"replies":[{"embeddable":true,"href":"https:\/\/hautalahti.fi\/kauppa\/wp-json\/wp\/v2\/comments?post=1471"}],"wp:featuredmedia":[{"embeddable":true,"href":"https:\/\/hautalahti.fi\/kauppa\/wp-json\/wp\/v2\/media\/1475"}],"wp:attachment":[{"href":"https:\/\/hautalahti.fi\/kauppa\/wp-json\/wp\/v2\/media?parent=1471"}],"wp:term":[{"taxonomy":"product_brand","embeddable":true,"href":"https:\/\/hautalahti.fi\/kauppa\/wp-json\/wp\/v2\/product_brand?post=1471"},{"taxonomy":"product_cat","embeddable":true,"href":"https:\/\/hautalahti.fi\/kauppa\/wp-json\/wp\/v2\/product_cat?post=1471"},{"taxonomy":"product_tag","embeddable":true,"href":"https:\/\/hautalahti.fi\/kauppa\/wp-json\/wp\/v2\/product_tag?post=1471"}],"curies":[{"name":"wp","href":"https:\/\/api.w.org\/{rel}","templated":true}]}}