{"id":1452,"date":"2023-04-06T13:49:10","date_gmt":"2023-04-06T10:49:10","guid":{"rendered":"https:\/\/hautalahti.fi\/kauppa\/?post_type=product&#038;p=1452"},"modified":"2026-03-31T21:14:16","modified_gmt":"2026-03-31T18:14:16","slug":"uniball-levennysholkki-m14","status":"publish","type":"product","link":"https:\/\/hautalahti.fi\/kauppa\/tuote\/uniball-levennysholkki-m14\/","title":{"rendered":"Uniball levennysholkki M14"},"content":{"rendered":"<p>M14 Uniball nivelelle levennys holkki jolloin leveydeksi tulee 41mm jolloin sopii esim.50mm RHS putken sis\u00e4lle.<\/p>\n<p>-Sis.reik\u00e4 12mm<\/p>\n<p>-Ulkoleveys 25mm<\/p>\n<p>_Suunniteltu k\u00e4ytett\u00e4v\u00e4ksi myymiemme Korvakoiden kanssa<\/p>\n","protected":false},"excerpt":{"rendered":"<p>M14 Uniball nivelelle levennys holkki jolloin leveydeksi tulee 41mm jolloin sopii esim.50mm RHS putken sis\u00e4lle. -Sis.reik\u00e4 12mm -Ulkoleveys 25mm _Suunniteltu k\u00e4ytett\u00e4v\u00e4ksi myymiemme Korvakoiden kanssa<\/p>\n","protected":false},"featured_media":848,"comment_status":"closed","ping_status":"closed","template":"","meta":[],"product_brand":[],"product_cat":[95,92],"product_tag":[23,45,46,44,10],"class_list":{"0":"post-1452","1":"product","2":"type-product","3":"status-publish","4":"has-post-thumbnail","6":"product_cat-kaikkituotteet","7":"product_cat-uniball-osat","8":"product_tag-holkki","9":"product_tag-linkintanko","10":"product_tag-linkki","11":"product_tag-tukivarsi","12":"product_tag-uniball","13":"product_shipping_class-16","15":"first","16":"instock","17":"taxable","18":"shipping-taxable","19":"purchasable","20":"product-type-simple","21":"czr-hentry"},"jetpack_sharing_enabled":true,"_links":{"self":[{"href":"https:\/\/hautalahti.fi\/kauppa\/wp-json\/wp\/v2\/product\/1452","targetHints":{"allow":["GET"]}}],"collection":[{"href":"https:\/\/hautalahti.fi\/kauppa\/wp-json\/wp\/v2\/product"}],"about":[{"href":"https:\/\/hautalahti.fi\/kauppa\/wp-json\/wp\/v2\/types\/product"}],"replies":[{"embeddable":true,"href":"https:\/\/hautalahti.fi\/kauppa\/wp-json\/wp\/v2\/comments?post=1452"}],"wp:featuredmedia":[{"embeddable":true,"href":"https:\/\/hautalahti.fi\/kauppa\/wp-json\/wp\/v2\/media\/848"}],"wp:attachment":[{"href":"https:\/\/hautalahti.fi\/kauppa\/wp-json\/wp\/v2\/media?parent=1452"}],"wp:term":[{"taxonomy":"product_brand","embeddable":true,"href":"https:\/\/hautalahti.fi\/kauppa\/wp-json\/wp\/v2\/product_brand?post=1452"},{"taxonomy":"product_cat","embeddable":true,"href":"https:\/\/hautalahti.fi\/kauppa\/wp-json\/wp\/v2\/product_cat?post=1452"},{"taxonomy":"product_tag","embeddable":true,"href":"https:\/\/hautalahti.fi\/kauppa\/wp-json\/wp\/v2\/product_tag?post=1452"}],"curies":[{"name":"wp","href":"https:\/\/api.w.org\/{rel}","templated":true}]}}