{"id":1002,"date":"2020-12-14T16:15:06","date_gmt":"2020-12-14T14:15:06","guid":{"rendered":"https:\/\/hautalahti.fi\/kauppa\/?post_type=product&#038;p=1002"},"modified":"2026-02-27T17:32:24","modified_gmt":"2026-02-27T15:32:24","slug":"volvo-kevennetty-vauhtipyora-valurauta","status":"publish","type":"product","link":"https:\/\/hautalahti.fi\/kauppa\/tuote\/volvo-kevennetty-vauhtipyora-valurauta\/","title":{"rendered":"Volvo Kevennetty vauhtipy\u00f6r\u00e4 Valurauta"},"content":{"rendered":"<p>Volvon vakio vauhtipy\u00f6r\u00e4st\u00e4 CNC-Koneistamalla kevennetty vauhtipy\u00f6r\u00e4.<\/p>\n<p>Paino n.6.2kg<\/p>\n<p>sis\u00e4lt\u00e4\u00e4 hammaskeh\u00e4n.<\/p>\n<p>Vaihdossa vaaditaan Volvon vakio vauhtipy\u00f6r\u00e4 hammaskeh\u00e4ll\u00e4.<\/p>\n<p>EI Tasapainoitettu,<\/p>\n<p>Tuotteet valmistetaan mittatilausty\u00f6n\u00e4 tilauksesta!<\/p>\n","protected":false},"excerpt":{"rendered":"<p>Volvon vakio vauhtipy\u00f6r\u00e4st\u00e4 CNC-Koneistamalla kevennetty vauhtipy\u00f6r\u00e4. Paino n.6.2kg sis\u00e4lt\u00e4\u00e4 hammaskeh\u00e4n. Vaihdossa vaaditaan Volvon vakio vauhtipy\u00f6r\u00e4 hammaskeh\u00e4ll\u00e4. EI Tasapainoitettu, Tuotteet valmistetaan mittatilausty\u00f6n\u00e4 tilauksesta!<\/p>\n","protected":false},"featured_media":1005,"comment_status":"closed","ping_status":"closed","template":"","meta":[],"product_brand":[],"product_cat":[95,100,38],"product_tag":[98,99,50,54,97,96],"class_list":{"0":"post-1002","1":"product","2":"type-product","3":"status-publish","4":"has-post-thumbnail","6":"product_cat-kaikkituotteet","7":"product_cat-vauhtipyorat","8":"product_cat-yleinen","9":"product_tag-b200","10":"product_tag-b230","11":"product_tag-kevennetty","12":"product_tag-terasvauhtipyora","13":"product_tag-vauhtipyora","14":"product_tag-volvo","16":"first","17":"instock","18":"taxable","19":"shipping-taxable","20":"purchasable","21":"product-type-simple","22":"czr-hentry"},"jetpack_sharing_enabled":true,"_links":{"self":[{"href":"https:\/\/hautalahti.fi\/kauppa\/wp-json\/wp\/v2\/product\/1002","targetHints":{"allow":["GET"]}}],"collection":[{"href":"https:\/\/hautalahti.fi\/kauppa\/wp-json\/wp\/v2\/product"}],"about":[{"href":"https:\/\/hautalahti.fi\/kauppa\/wp-json\/wp\/v2\/types\/product"}],"replies":[{"embeddable":true,"href":"https:\/\/hautalahti.fi\/kauppa\/wp-json\/wp\/v2\/comments?post=1002"}],"wp:featuredmedia":[{"embeddable":true,"href":"https:\/\/hautalahti.fi\/kauppa\/wp-json\/wp\/v2\/media\/1005"}],"wp:attachment":[{"href":"https:\/\/hautalahti.fi\/kauppa\/wp-json\/wp\/v2\/media?parent=1002"}],"wp:term":[{"taxonomy":"product_brand","embeddable":true,"href":"https:\/\/hautalahti.fi\/kauppa\/wp-json\/wp\/v2\/product_brand?post=1002"},{"taxonomy":"product_cat","embeddable":true,"href":"https:\/\/hautalahti.fi\/kauppa\/wp-json\/wp\/v2\/product_cat?post=1002"},{"taxonomy":"product_tag","embeddable":true,"href":"https:\/\/hautalahti.fi\/kauppa\/wp-json\/wp\/v2\/product_tag?post=1002"}],"curies":[{"name":"wp","href":"https:\/\/api.w.org\/{rel}","templated":true}]}}