{"id":419,"date":"2017-04-14T21:14:59","date_gmt":"2017-04-14T18:14:59","guid":{"rendered":"https:\/\/hautalahti.fi\/kauppa\/?page_id=419"},"modified":"2026-02-26T11:48:08","modified_gmt":"2026-02-26T09:48:08","slug":"toimitusehdot","status":"publish","type":"page","link":"https:\/\/hautalahti.fi\/kauppa\/verkkokauppa\/toimitusehdot\/","title":{"rendered":"Toimitusehdot"},"content":{"rendered":"<p><strong>1. Yleiset ehdot<\/strong><\/p>\n<p>Hautalahti.fi on Hautalahden Metallity\u00f6n yll\u00e4pit\u00e4m\u00e4 ja omistama markkinapaikka, jossa tuotteiden myyj\u00e4n\u00e4 on Hautalahden Metallity\u00f6 (Y-tunnus: 2683350-2). Seuraavia sopimusehtoja sovelletaan Hautalahden Metallity\u00f6n ja sen asiakkaiden v\u00e4lisess\u00e4 kauppasuhteessa, joka syntyy hautalahti.fi verkkokaupan v\u00e4lityksell\u00e4.<\/p>\n<p>Hautalahden Metallity\u00f6 pid\u00e4tt\u00e4\u00e4 oikeuden muuttaa toimitusehtoja yksipuolisella p\u00e4\u00e4t\u00f6ksell\u00e4 ilman ennakkoilmoitusta. Tilauksiin sovelletaan tilaushetkell\u00e4 voimassa olevia toimitusehtoja, jotka on m\u00e4\u00e4ritelty hautalahti.fi verkkokaupassa. Mik\u00e4li Suomen lakiin tulee muutoksia, astuvat ne voimaan v\u00e4litt\u00f6m\u00e4sti.<\/p>\n<p>Hautalahden Metallity\u00f6 ei vastaa ylivoimaisesta esteest\u00e4 aiheutuvista vahingoista. Ylivoimaisena esteen\u00e4 pidet\u00e4\u00e4n sellaista ennalta arvaamatonta seikkaa tai olosuhteiden muutosta, johon Hautalahden Metallity\u00f6 ei pysty vaikuttamaan ja jota Hautalahden Metallity\u00f6 ei pysty kohtuudella voittamaan. Hautalahden Metallity\u00f6ll\u00e4 on velvollisuus ilmoittaa Asiakkaalleen sit\u00e4 kohdanneesta ylivoimaisesta esteest\u00e4 heti kun se on mahdollista.<\/p>\n<p>Hautalahti.fi verkkokaupassa myyt\u00e4v\u00e4t osat ovat tarkoitettu kilpa-auto k\u00e4ytt\u00f6\u00f6n. N\u00e4in ollen Hautalahti.fi sek\u00e4 Hautalahden Metallity\u00f6 ei ole vastuussa osien v\u00e4\u00e4rink\u00e4yt\u00f6st\u00e4.<\/p>\n<p><strong>2. Asiakas<\/strong><\/p>\n<p>Hautalahden Metallity\u00f6 myy tuotteita hautalahti.fi verkkokaupan kautta t\u00e4ysi-ik\u00e4iselle yksityishenkil\u00f6lle (j\u00e4ljemp\u00e4n\u00e4 kuluttaja) ja huoltajan suostumuksella my\u00f6s alle 18-vuotiaalle. Hy\u00f6dykkeit\u00e4 myyd\u00e4\u00e4n my\u00f6s yritys- ja julkishallinto- ja yhteis\u00f6asiakkaille (j\u00e4ljemp\u00e4n\u00e4 yritysasiakas), jotka hankkivat hy\u00f6dykkeen ammatilliseen tai liikelahjak\u00e4ytt\u00f6\u00f6n k\u00e4ytt\u00f6\u00f6n.<\/p>\n<p><strong>Kuluttajakaupassa<\/strong>\u00a0noudatetaan aina sopimushetkell\u00e4 voimassa olevaa Suomen ja Euroopan Unionin kuluttajansuojalains\u00e4\u00e4d\u00e4nt\u00f6\u00e4. N\u00e4m\u00e4 toimitusehdot eiv\u00e4t rajoita kuluttajan oikeuksia vaan ovat pakottavan lains\u00e4\u00e4d\u00e4nn\u00f6ss\u00e4 mukaiset.<\/p>\n<p><strong>Yritysasiakkaiden<\/strong>\u00a0ja Hautalahden Metallity\u00f6n v\u00e4lisess\u00e4 kauppasopimuksessa sovelletaan voimassa olevaa Suomen kauppalakia ellei n\u00e4iss\u00e4 toimitusehdoissa ole toisin m\u00e4\u00e4r\u00e4tty.<\/p>\n<p><strong>3. Verkkokaupan tuotteet ja hinnat<\/strong><\/p>\n<p>Kaikki verkkokauppamme hinnat sis\u00e4lt\u00e4v\u00e4t arvonlis\u00e4veron, mutta eiv\u00e4t toimituskuluja ellei tuotetiedoissa toisin mainita. Mik\u00e4li tuote on selv\u00e4sti hinnoiteltu v\u00e4\u00e4rin verkkokaupassamme ja jos voidaan olettaa asiakkaan ymm\u00e4rt\u00e4v\u00e4n tuotteen olevan v\u00e4\u00e4rin hinnoiteltu, tuotetta ei toimiteta tilauksesta huolimatta asiakkaalle kyseiseen hintaan. V\u00e4\u00e4rinhinnoittelun sattuessa, Hautalahden Metallity\u00f6 on velvoitettu ilmoittamaan tuotteen tilanneelle asiakkaalle v\u00e4litt\u00f6m\u00e4sti.<\/p>\n<p>Hautalahti.fi verkkokaupassa myyt\u00e4v\u00e4t tuotteet ovat yksil\u00f6llisi\u00e4 tuotteita jotka valmistetaan tilauksesta (joitain tuotteita saattaa l\u00f6yty\u00e4 jo valmistettuna) ja n\u00e4in tuotteille ei my\u00f6nnet\u00e4 palautusoikeutta. Mik\u00e4li asiakas kuitenkin haluaa palauttaa tuotteen, tulee asiakkaan olla yhteydess\u00e4 myyj\u00e4\u00e4n s\u00e4hk\u00f6postilla info@hautalahti.fi selvitt\u00e4\u00e4kseen mahdollisen tilanteen. Asiakkaan palauttaessa tuotteen takaisin myyj\u00e4lle, on asiakas vastuussa tuotteen palauttamisesta tulevista kuluista.\u00a0 Palautusoikeus kuitenkin my\u00f6nnet\u00e4\u00e4n, mik\u00e4li asiakkaan tilaamassa tuotteessa on valmistusvika tai muu vastaava ongelma joka ei vastaa tuotetietoja.<\/p>\n<p><strong>4. Maksutavat<\/strong><\/p>\n<p>Verkkokaupassamme voitte maksaa suoralla tilisiirrolla sek\u00e4 klarnalla ja yritysasiakkaille voivat valita laskutusvaihtoehdon, jolloin tulee ensin ottaa yhteys asiakaspalveluumme info@hautalahti.fi<\/p>\n<p><strong>5. Toimitustavat<\/strong><\/p>\n<p>Tilaukset toimitetaan asiakkaan osoitteen perusteella l\u00e4himp\u00e4\u00e4n mahdolliseen noutopaikkaan. Suuremmat tilaukset toimitetaan asiakkaan kanssa sovitulla toimitustavalla. Pakettien noutoaika on eri kuljetusfirmoilla erilainen mutta yleens\u00e4 7-14 vuorokautta, jonka j\u00e4lkeen paketti palautuu l\u00e4hett\u00e4j\u00e4lle. Perimme aiheettomista palautuksista aiheutuneet kulut tilauksen hinnasta.<\/p>\n<p><strong>6. Toimituskulut<\/strong><\/p>\n<p>Tilauksen toimituskulut ovat yksil\u00f6lliset. Pid\u00e4mme oikeuden muuttaa postikkulujen hinnastoa, my\u00f6s kesken tilauksen (esimerkiksi toimituskulujen hinta on noussut radikaalisti). Postikulujen hinnastot eiv\u00e4t ole realiaikaisia jonka vuoksi kuljetusyritysten hinnanmuutokset eiv\u00e4t n\u00e4y automaattisesti hinnastossamme.<\/p>\n<p>Voit tarkistaa omat toimituskulut ostoskorista. Jos valitsemaasi osoitteeseen ei l\u00f6ydy hintaa, ole yhteydess\u00e4 meihin niin tarkistamme tilanteen.\u00a0<\/p>\n<p>Asiakkaan toivoessa yksil\u00f6llisi\u00e4 kuljetusratkaisuja (esimerkiksi kotiinkuljetus) voi asiakas olla meihin yhteydess\u00e4 s\u00e4hk\u00f6postitse info@hautalahti.fi<\/p>\n<p><strong>7. Toimitusaika<\/strong><\/p>\n<p>Tilatut tuotteet valmistetaan tilauksesta ja ovat mittatilausty\u00f6t\u00e4. Maksu on suoriutunut hyv\u00e4ksytysti tai maksu tullut tilillemme, tuotteet p\u00e4\u00e4tyv\u00e4t tuotantojonoon. \u00a0 Tilauksen tuotteiden valmistuttua ja\/tai valmiina olevat tuotteet l\u00e4hetet\u00e4\u00e4n 3 vuorokauden kuluessa tilaajalle.<\/p>\n<p>Suuremmat tilaukset toimitetaan asiakkaan kanssa sovitusti.<\/p>\n<p><strong>8. Palautusoikeus<\/strong><\/p>\n<p>Myyt\u00e4v\u00e4t tuotteet ovat yksil\u00f6llisi\u00e4 ja ne valmistetaan mittatilausty\u00f6n\u00e4 tilauksesta. N\u00e4in ollen tuotteissa ole palautusoikeutta. Ongelma\/Reklamaatio tilanteissa ole yhteydess\u00e4 meihin s\u00e4hk\u00f6postilla info@hautalahti.fi.<\/p>\n<p><strong>Pakkaaminen<\/strong>\u00a0on l\u00e4hett\u00e4j\u00e4n vastuulla. Palautettava tuote tulee pakata huolellisesti, ettei se vahingoitu kuljetuksessa. V\u00e4himm\u00e4isvaatimuksena on vastaavan tasoinen pakkaus, kuin tuotteen ymp\u00e4rill\u00e4 oli toimitettaessa. Emme vastaa ep\u00e4asianmukaisesti pakattujen palautusten vahingoittumisesta. Mik\u00e4li asiakas on laiminly\u00f6nyt tuotteen huolellisen pakkaamisen, t\u00e4st\u00e4 aiheutuvat kustannukset perit\u00e4\u00e4n asiakkaalta.<\/p>\n<p><strong>9. Reklamaatiot<\/strong><\/p>\n<p><strong>Ostotodistus<\/strong>\u00a0on v\u00e4ltt\u00e4m\u00e4t\u00f6n reklamoitaessa tavaran virheest\u00e4. Ostotodistukseksi kelpaa esimerkiksi kuitti tai pakkauslista.<\/p>\n<p><strong>Reklamaation k\u00e4sittely<\/strong> hoidetaan mieluiten kirjallisesti\/S\u00e4hk\u00f6postitse. Vapaamuotoisen reklamaation voi toimittaa s\u00e4hk\u00f6postilla osoitteeseen info@hautalahti.fi<\/p>\n<p><strong>Toimituksessa rikkoutuneet tuotteet<\/strong>\u00a0pyrit\u00e4\u00e4n korvaamaan uudella v\u00e4litt\u00f6m\u00e4sti. Huolellisesta pakkaamisestamme huolimatta, posti ei aina onnistu kuljettamaan paketteja ehj\u00e4n\u00e4 perille. T\u00e4m\u00e4n takia on hyv\u00e4 jo l\u00e4hetyst\u00e4 noudettaessa tarkistaa paketin kunto ja mahdolliset vauriot paketissa. Mik\u00e4li l\u00e4hetys on vaurioitunut postin kuljetuksessa, tee vahinkoilmoitus postikonttoriisi niin pian kuin mahdollista. Ota my\u00f6s yhteys meihin, niin sovimme uuden tuotteen toimituksesta v\u00e4litt\u00f6m\u00e4sti.<\/p>\n<p><strong>10. Yhteys<\/strong><\/p>\n<p>Kaikissa tilanteissa voit olla meihin yhteydess\u00e4 s\u00e4hk\u00f6postitse info@hautalahti.fi niin vastaamme mahdollisimman pian.<\/p>\n\n\n<p><\/p>\n","protected":false},"excerpt":{"rendered":"<p>1. Yleiset ehdot Hautalahti.fi on Hautalahden Metallity\u00f6n yll\u00e4pit\u00e4m\u00e4 ja omistama markkinapaikka, jossa tuotteiden myyj\u00e4n\u00e4 on Hautalahden Metallity\u00f6 (Y-tunnus: 2683350-2). Seuraavia sopimusehtoja sovelletaan Hautalahden Metallity\u00f6n ja sen asiakkaiden v\u00e4lisess\u00e4 kauppasuhteessa, joka syntyy hautalahti.fi verkkokaupan v\u00e4lityksell\u00e4. Hautalahden Metallity\u00f6 pid\u00e4tt\u00e4\u00e4 oikeuden muuttaa toimitusehtoja yksipuolisella p\u00e4\u00e4t\u00f6ksell\u00e4 ilman ennakkoilmoitusta. Tilauksiin sovelletaan tilaushetkell\u00e4 voimassa olevia toimitusehtoja, jotka on m\u00e4\u00e4ritelty hautalahti.fi verkkokaupassa. [&hellip;]<\/p>\n","protected":false},"author":63,"featured_media":0,"parent":345,"menu_order":5,"comment_status":"closed","ping_status":"closed","template":"","meta":{"footnotes":""},"class_list":["post-419","page","type-page","status-publish","czr-hentry"],"jetpack_sharing_enabled":true,"_links":{"self":[{"href":"https:\/\/hautalahti.fi\/kauppa\/wp-json\/wp\/v2\/pages\/419","targetHints":{"allow":["GET"]}}],"collection":[{"href":"https:\/\/hautalahti.fi\/kauppa\/wp-json\/wp\/v2\/pages"}],"about":[{"href":"https:\/\/hautalahti.fi\/kauppa\/wp-json\/wp\/v2\/types\/page"}],"author":[{"embeddable":true,"href":"https:\/\/hautalahti.fi\/kauppa\/wp-json\/wp\/v2\/users\/63"}],"replies":[{"embeddable":true,"href":"https:\/\/hautalahti.fi\/kauppa\/wp-json\/wp\/v2\/comments?post=419"}],"version-history":[{"count":5,"href":"https:\/\/hautalahti.fi\/kauppa\/wp-json\/wp\/v2\/pages\/419\/revisions"}],"predecessor-version":[{"id":2584,"href":"https:\/\/hautalahti.fi\/kauppa\/wp-json\/wp\/v2\/pages\/419\/revisions\/2584"}],"up":[{"embeddable":true,"href":"https:\/\/hautalahti.fi\/kauppa\/wp-json\/wp\/v2\/pages\/345"}],"wp:attachment":[{"href":"https:\/\/hautalahti.fi\/kauppa\/wp-json\/wp\/v2\/media?parent=419"}],"curies":[{"name":"wp","href":"https:\/\/api.w.org\/{rel}","templated":true}]}}