{"id":993,"date":"2020-12-14T10:43:31","date_gmt":"2020-12-14T08:43:31","guid":{"rendered":"https:\/\/hautalahti.fi\/kauppa\/?post_type=product&#038;p=993"},"modified":"2026-04-01T09:34:19","modified_gmt":"2026-04-01T06:34:19","slug":"bmw-m57-terasvauhtipyora","status":"publish","type":"product","link":"https:\/\/hautalahti.fi\/kauppa\/en\/product\/bmw-m57-terasvauhtipyora\/","title":{"rendered":"BMW M5x Solid Steel Flywheel (Dual Mass Flywheel Replacement)"},"content":{"rendered":"<p>Ter\u00e4svauhtipy\u00f6r\u00e4 BMW kaikkiin M5x sarjan moottoreihin (M50, M51, M52, M54, M57, jne.) My\u00f6s neloskoneisiin.<\/p>\n<p>Sopivuus my\u00f6s muihin kaksoismassa vauhtipy\u00f6r\u00e4ll\u00e4 oleviin<\/p>\n<p>-240mm Kytkimelle<\/p>\n<p>-SRE-765 Asetelmalle<\/p>\n<p>-Paino n.7,5 kg<\/p>\n<p>-Hammaskeh\u00e4n asennus mitta 260.3mm<\/p>\n<p>Toimitetaan ilman Hammaskeh\u00e4\u00e4!!<\/p>\n<p>Ei Tasapainoitettu!<\/p>\n<p>Vain Kilpa K\u00e4ytt\u00f6\u00f6n!!<\/p>\n<p>Products are made to order as custom work!<\/p>","protected":false},"excerpt":{"rendered":"<p>Ter\u00e4svauhtipy\u00f6r\u00e4 BMW kaikkiin M5x sarjan moottoreihin (M50, M51, M52, M54, M57, jne.) My\u00f6s neloskoneisiin. Sopivuus my\u00f6s muihin kaksoismassa vauhtipy\u00f6r\u00e4ll\u00e4 oleviin -240mm Kytkimelle -SRE-765 Asetelmalle -Paino n.7,5 kg -Hammaskeh\u00e4n asennus mitta 260.3mm Toimitetaan ilman Hammaskeh\u00e4\u00e4!! Ei Tasapainoitettu! Vain Kilpa K\u00e4ytt\u00f6\u00f6n!! Tuotteet valmistetaan mittatilausty\u00f6n\u00e4 tilauksesta!<\/p>","protected":false},"featured_media":995,"comment_status":"closed","ping_status":"closed","template":"","meta":[],"product_brand":[],"product_cat":[91,95,100],"product_tag":[78,88,50,15,52,57,53,56,107,108,105,55,13,97],"class_list":{"0":"post-993","1":"product","2":"type-product","3":"status-publish","4":"has-post-thumbnail","6":"product_cat-bmw-osat","7":"product_cat-kaikkituotteet","8":"product_cat-vauhtipyorat","9":"product_tag-bmw","10":"product_tag-jokkis","11":"product_tag-kevennetty","12":"product_tag-m20","13":"product_tag-m50","14":"product_tag-m51","15":"product_tag-m52","16":"product_tag-m54","17":"product_tag-moc","18":"product_tag-mokki","19":"product_tag-oem","20":"product_tag-sre-765","21":"product_tag-teras","22":"product_tag-vauhtipyora","24":"first","25":"instock","26":"taxable","27":"shipping-taxable","28":"purchasable","29":"product-type-simple","30":"czr-hentry"},"jetpack_sharing_enabled":true,"_links":{"self":[{"href":"https:\/\/hautalahti.fi\/kauppa\/en\/wp-json\/wp\/v2\/product\/993","targetHints":{"allow":["GET"]}}],"collection":[{"href":"https:\/\/hautalahti.fi\/kauppa\/en\/wp-json\/wp\/v2\/product"}],"about":[{"href":"https:\/\/hautalahti.fi\/kauppa\/en\/wp-json\/wp\/v2\/types\/product"}],"replies":[{"embeddable":true,"href":"https:\/\/hautalahti.fi\/kauppa\/en\/wp-json\/wp\/v2\/comments?post=993"}],"wp:featuredmedia":[{"embeddable":true,"href":"https:\/\/hautalahti.fi\/kauppa\/en\/wp-json\/wp\/v2\/media\/995"}],"wp:attachment":[{"href":"https:\/\/hautalahti.fi\/kauppa\/en\/wp-json\/wp\/v2\/media?parent=993"}],"wp:term":[{"taxonomy":"product_brand","embeddable":true,"href":"https:\/\/hautalahti.fi\/kauppa\/en\/wp-json\/wp\/v2\/product_brand?post=993"},{"taxonomy":"product_cat","embeddable":true,"href":"https:\/\/hautalahti.fi\/kauppa\/en\/wp-json\/wp\/v2\/product_cat?post=993"},{"taxonomy":"product_tag","embeddable":true,"href":"https:\/\/hautalahti.fi\/kauppa\/en\/wp-json\/wp\/v2\/product_tag?post=993"}],"curies":[{"name":"wp","href":"https:\/\/api.w.org\/{rel}","templated":true}]}}