{"id":875,"date":"2020-04-15T20:08:00","date_gmt":"2020-04-15T17:08:00","guid":{"rendered":"https:\/\/hautalahti.fi\/kauppa\/?post_type=product&#038;p=875"},"modified":"2026-02-27T18:01:55","modified_gmt":"2026-02-27T16:01:55","slug":"tukivarsi-putki-3-4-putkesta","status":"publish","type":"product","link":"https:\/\/hautalahti.fi\/kauppa\/en\/product\/tukivarsi-putki-3-4-putkesta\/","title":{"rendered":"Control Arm Tube 3\/4\u2033"},"content":{"rendered":"<p>Soveltuu k\u00e4ytett\u00e4v\u00e4ksi M16 uniball kierreholkkien kanssa<\/p>\n<p>Hinta sis\u00e4lt\u00e4\u00e4 sahauksen oikean mittaan.<\/p>\n<p>Saatavilla pituudet 10-100cm (10cm v\u00e4lein)<\/p>\n<p>Valitse pituus liukuvalikosta<\/p>\n<p>Muissa mitoissa ole yhteydess\u00e4!<\/p>","protected":false},"excerpt":{"rendered":"<p>Soveltuu k\u00e4ytett\u00e4v\u00e4ksi M16 uniball kierreholkkien kanssa Hinta sis\u00e4lt\u00e4\u00e4 sahauksen oikean mittaan. Saatavilla pituudet 10-100cm (10cm v\u00e4lein) Valitse pituus liukuvalikosta Muissa mitoissa ole yhteydess\u00e4!<\/p>","protected":false},"featured_media":785,"comment_status":"closed","ping_status":"closed","template":"","meta":[],"product_brand":[],"product_cat":[95,77],"product_tag":[45,46,13,44,10],"class_list":{"0":"post-875","1":"product","2":"type-product","3":"status-publish","4":"has-post-thumbnail","6":"product_cat-kaikkituotteet","7":"product_cat-pyorotangot","8":"product_tag-linkintanko","9":"product_tag-linkki","10":"product_tag-teras","11":"product_tag-tukivarsi","12":"product_tag-uniball","14":"first","15":"instock","16":"taxable","17":"shipping-taxable","18":"purchasable","19":"product-type-variable","20":"czr-hentry"},"jetpack_sharing_enabled":true,"_links":{"self":[{"href":"https:\/\/hautalahti.fi\/kauppa\/en\/wp-json\/wp\/v2\/product\/875","targetHints":{"allow":["GET"]}}],"collection":[{"href":"https:\/\/hautalahti.fi\/kauppa\/en\/wp-json\/wp\/v2\/product"}],"about":[{"href":"https:\/\/hautalahti.fi\/kauppa\/en\/wp-json\/wp\/v2\/types\/product"}],"replies":[{"embeddable":true,"href":"https:\/\/hautalahti.fi\/kauppa\/en\/wp-json\/wp\/v2\/comments?post=875"}],"wp:featuredmedia":[{"embeddable":true,"href":"https:\/\/hautalahti.fi\/kauppa\/en\/wp-json\/wp\/v2\/media\/785"}],"wp:attachment":[{"href":"https:\/\/hautalahti.fi\/kauppa\/en\/wp-json\/wp\/v2\/media?parent=875"}],"wp:term":[{"taxonomy":"product_brand","embeddable":true,"href":"https:\/\/hautalahti.fi\/kauppa\/en\/wp-json\/wp\/v2\/product_brand?post=875"},{"taxonomy":"product_cat","embeddable":true,"href":"https:\/\/hautalahti.fi\/kauppa\/en\/wp-json\/wp\/v2\/product_cat?post=875"},{"taxonomy":"product_tag","embeddable":true,"href":"https:\/\/hautalahti.fi\/kauppa\/en\/wp-json\/wp\/v2\/product_tag?post=875"}],"curies":[{"name":"wp","href":"https:\/\/api.w.org\/{rel}","templated":true}]}}