{"id":864,"date":"2020-04-15T19:50:54","date_gmt":"2020-04-15T16:50:54","guid":{"rendered":"https:\/\/hautalahti.fi\/kauppa\/?post_type=product&#038;p=864"},"modified":"2026-02-27T17:56:21","modified_gmt":"2026-02-27T15:56:21","slug":"tukivarsi-putki-1-putkesta","status":"publish","type":"product","link":"https:\/\/hautalahti.fi\/kauppa\/en\/product\/tukivarsi-putki-1-putkesta\/","title":{"rendered":"Control Arm Tube 1\u2033"},"content":{"rendered":"<p>Soveltuu k\u00e4ytett\u00e4v\u00e4ksi M20 uniball kierreholkkien kanssa<\/p>\n<p>Hinta sis\u00e4lt\u00e4\u00e4 sahauksen oikeaan mittaan.<\/p>\n<p>Saatavilla pituudet 10-100cm (10cm v\u00e4lein)<\/p>\n<p>Valitse pituus liukuvalikosta<\/p>\n<p>Muissa mitoissa ole yhteydess\u00e4!<\/p>","protected":false},"excerpt":{"rendered":"<p>Soveltuu k\u00e4ytett\u00e4v\u00e4ksi M20 uniball kierreholkkien kanssa Hinta sis\u00e4lt\u00e4\u00e4 sahauksen oikeaan mittaan. Saatavilla pituudet 10-100cm (10cm v\u00e4lein) Valitse pituus liukuvalikosta Muissa mitoissa ole yhteydess\u00e4!<\/p>","protected":false},"featured_media":785,"comment_status":"closed","ping_status":"closed","template":"","meta":[],"product_brand":[],"product_cat":[95,77],"product_tag":[45,46,13,44,10],"class_list":{"0":"post-864","1":"product","2":"type-product","3":"status-publish","4":"has-post-thumbnail","6":"product_cat-kaikkituotteet","7":"product_cat-pyorotangot","8":"product_tag-linkintanko","9":"product_tag-linkki","10":"product_tag-teras","11":"product_tag-tukivarsi","12":"product_tag-uniball","13":"product_shipping_class-16","15":"first","16":"instock","17":"taxable","18":"shipping-taxable","19":"purchasable","20":"product-type-variable","21":"czr-hentry"},"jetpack_sharing_enabled":true,"_links":{"self":[{"href":"https:\/\/hautalahti.fi\/kauppa\/en\/wp-json\/wp\/v2\/product\/864","targetHints":{"allow":["GET"]}}],"collection":[{"href":"https:\/\/hautalahti.fi\/kauppa\/en\/wp-json\/wp\/v2\/product"}],"about":[{"href":"https:\/\/hautalahti.fi\/kauppa\/en\/wp-json\/wp\/v2\/types\/product"}],"replies":[{"embeddable":true,"href":"https:\/\/hautalahti.fi\/kauppa\/en\/wp-json\/wp\/v2\/comments?post=864"}],"wp:featuredmedia":[{"embeddable":true,"href":"https:\/\/hautalahti.fi\/kauppa\/en\/wp-json\/wp\/v2\/media\/785"}],"wp:attachment":[{"href":"https:\/\/hautalahti.fi\/kauppa\/en\/wp-json\/wp\/v2\/media?parent=864"}],"wp:term":[{"taxonomy":"product_brand","embeddable":true,"href":"https:\/\/hautalahti.fi\/kauppa\/en\/wp-json\/wp\/v2\/product_brand?post=864"},{"taxonomy":"product_cat","embeddable":true,"href":"https:\/\/hautalahti.fi\/kauppa\/en\/wp-json\/wp\/v2\/product_cat?post=864"},{"taxonomy":"product_tag","embeddable":true,"href":"https:\/\/hautalahti.fi\/kauppa\/en\/wp-json\/wp\/v2\/product_tag?post=864"}],"curies":[{"name":"wp","href":"https:\/\/api.w.org\/{rel}","templated":true}]}}