{"id":856,"date":"2020-04-14T14:54:44","date_gmt":"2020-04-14T11:54:44","guid":{"rendered":"https:\/\/hautalahti.fi\/kauppa\/?post_type=product&#038;p=856"},"modified":"2026-04-13T19:23:24","modified_gmt":"2026-04-13T16:23:24","slug":"levennysholkki-uniball-m16-levempi-bmw","status":"publish","type":"product","link":"https:\/\/hautalahti.fi\/kauppa\/en\/product\/levennysholkki-uniball-m16-levempi-bmw\/","title":{"rendered":"Uniball Spacer Sleeve M16 Wide (BMW)"},"content":{"rendered":"<p>M16 Uniball nivelelle levennys holkki jolloin leveydeksi tulee 56mm jolloin sopii esim.e36 taka-akselin alatukivarren sisemm\u00e4ksi niveleksi<\/p>\n<p>-Iron hole 12mm<\/p>\n<p>-Ulkohalkaisija 25mm<\/p>\n<p>&nbsp;<\/p>\n<p>Products are made to order as custom work!<\/p>","protected":false},"excerpt":{"rendered":"<p>M16 Uniball nivelelle levennys holkki jolloin leveydeksi tulee 56mm jolloin sopii esim.e36 taka-akselin alatukivarren sisemm\u00e4ksi niveleksi -Sis.reik\u00e4 12mm -Ulkohalkaisija 25mm &nbsp; Tuotteet valmistetaan mittatilausty\u00f6n\u00e4 tilauksesta!<\/p>","protected":false},"featured_media":844,"comment_status":"closed","ping_status":"closed","template":"","meta":[],"product_brand":[],"product_cat":[95,92],"product_tag":[78,103,27,102,20,23,88,21,22,18,65,66,45,46,101,12,69,44,10,96,68],"class_list":{"0":"post-856","1":"product","2":"type-product","3":"status-publish","4":"has-post-thumbnail","6":"product_cat-kaikkituotteet","7":"product_cat-uniball-osat","8":"product_tag-bmw","9":"product_tag-datsun","10":"product_tag-fiat","11":"product_tag-ford","12":"product_tag-hitsattava","13":"product_tag-holkki","14":"product_tag-jokkis","15":"product_tag-jousilautanen","16":"product_tag-kierre","17":"product_tag-kierreholkki","18":"product_tag-korvakko","19":"product_tag-linkinkorvakko","20":"product_tag-linkintanko","21":"product_tag-linkki","22":"product_tag-m-b","23":"product_tag-m16","24":"product_tag-taka-akseli","25":"product_tag-tukivarsi","26":"product_tag-uniball","27":"product_tag-volvo","28":"product_tag-volvonpera","30":"first","31":"instock","32":"taxable","33":"shipping-taxable","34":"purchasable","35":"product-type-simple","36":"czr-hentry"},"jetpack_sharing_enabled":true,"_links":{"self":[{"href":"https:\/\/hautalahti.fi\/kauppa\/en\/wp-json\/wp\/v2\/product\/856","targetHints":{"allow":["GET"]}}],"collection":[{"href":"https:\/\/hautalahti.fi\/kauppa\/en\/wp-json\/wp\/v2\/product"}],"about":[{"href":"https:\/\/hautalahti.fi\/kauppa\/en\/wp-json\/wp\/v2\/types\/product"}],"replies":[{"embeddable":true,"href":"https:\/\/hautalahti.fi\/kauppa\/en\/wp-json\/wp\/v2\/comments?post=856"}],"wp:featuredmedia":[{"embeddable":true,"href":"https:\/\/hautalahti.fi\/kauppa\/en\/wp-json\/wp\/v2\/media\/844"}],"wp:attachment":[{"href":"https:\/\/hautalahti.fi\/kauppa\/en\/wp-json\/wp\/v2\/media?parent=856"}],"wp:term":[{"taxonomy":"product_brand","embeddable":true,"href":"https:\/\/hautalahti.fi\/kauppa\/en\/wp-json\/wp\/v2\/product_brand?post=856"},{"taxonomy":"product_cat","embeddable":true,"href":"https:\/\/hautalahti.fi\/kauppa\/en\/wp-json\/wp\/v2\/product_cat?post=856"},{"taxonomy":"product_tag","embeddable":true,"href":"https:\/\/hautalahti.fi\/kauppa\/en\/wp-json\/wp\/v2\/product_tag?post=856"}],"curies":[{"name":"wp","href":"https:\/\/api.w.org\/{rel}","templated":true}]}}