{"id":855,"date":"2020-04-14T14:52:04","date_gmt":"2020-04-14T11:52:04","guid":{"rendered":"https:\/\/hautalahti.fi\/kauppa\/?post_type=product&#038;p=855"},"modified":"2026-02-27T17:47:46","modified_gmt":"2026-02-27T15:47:46","slug":"levennysholkki-uniball-m12","status":"publish","type":"product","link":"https:\/\/hautalahti.fi\/kauppa\/en\/product\/levennysholkki-uniball-m12\/","title":{"rendered":"Uniball Spacer Sleeve M12"},"content":{"rendered":"<p>M12 Uniball nivelelle levennys holkki jolloin leveydeksi tulee 41mm jolloin sopii esim.50mm RHS putken sis\u00e4lle.<\/p>\n<p>-Sis.reik\u00e4 10mm<\/p>\n<p>-Ulkoleveys 25mm<\/p>\n<p>&nbsp;<\/p>\n<p>Products are made to order as custom work!<\/p>","protected":false},"excerpt":{"rendered":"<p>M12 Uniball nivelelle levennys holkki jolloin leveydeksi tulee 41mm jolloin sopii esim.50mm RHS putken sis\u00e4lle. -Sis.reik\u00e4 10mm -Ulkoleveys 25mm &nbsp; Tuotteet valmistetaan mittatilausty\u00f6n\u00e4 tilauksesta!<\/p>","protected":false},"featured_media":842,"comment_status":"closed","ping_status":"closed","template":"","meta":[],"product_brand":[],"product_cat":[95,92],"product_tag":[23,66,89,13,44,10],"class_list":{"0":"post-855","1":"product","2":"type-product","3":"status-publish","4":"has-post-thumbnail","6":"product_cat-kaikkituotteet","7":"product_cat-uniball-osat","8":"product_tag-holkki","9":"product_tag-linkinkorvakko","10":"product_tag-m12","11":"product_tag-teras","12":"product_tag-tukivarsi","13":"product_tag-uniball","15":"first","16":"instock","17":"taxable","18":"shipping-taxable","19":"purchasable","20":"product-type-simple","21":"czr-hentry"},"jetpack_sharing_enabled":true,"_links":{"self":[{"href":"https:\/\/hautalahti.fi\/kauppa\/en\/wp-json\/wp\/v2\/product\/855","targetHints":{"allow":["GET"]}}],"collection":[{"href":"https:\/\/hautalahti.fi\/kauppa\/en\/wp-json\/wp\/v2\/product"}],"about":[{"href":"https:\/\/hautalahti.fi\/kauppa\/en\/wp-json\/wp\/v2\/types\/product"}],"replies":[{"embeddable":true,"href":"https:\/\/hautalahti.fi\/kauppa\/en\/wp-json\/wp\/v2\/comments?post=855"}],"wp:featuredmedia":[{"embeddable":true,"href":"https:\/\/hautalahti.fi\/kauppa\/en\/wp-json\/wp\/v2\/media\/842"}],"wp:attachment":[{"href":"https:\/\/hautalahti.fi\/kauppa\/en\/wp-json\/wp\/v2\/media?parent=855"}],"wp:term":[{"taxonomy":"product_brand","embeddable":true,"href":"https:\/\/hautalahti.fi\/kauppa\/en\/wp-json\/wp\/v2\/product_brand?post=855"},{"taxonomy":"product_cat","embeddable":true,"href":"https:\/\/hautalahti.fi\/kauppa\/en\/wp-json\/wp\/v2\/product_cat?post=855"},{"taxonomy":"product_tag","embeddable":true,"href":"https:\/\/hautalahti.fi\/kauppa\/en\/wp-json\/wp\/v2\/product_tag?post=855"}],"curies":[{"name":"wp","href":"https:\/\/api.w.org\/{rel}","templated":true}]}}