{"id":854,"date":"2020-04-14T14:48:05","date_gmt":"2020-04-14T11:48:05","guid":{"rendered":"https:\/\/hautalahti.fi\/kauppa\/?post_type=product&#038;p=854"},"modified":"2026-02-27T17:46:35","modified_gmt":"2026-02-27T15:46:35","slug":"uniball-kierreholkki-m12","status":"publish","type":"product","link":"https:\/\/hautalahti.fi\/kauppa\/en\/product\/uniball-kierreholkki-m12\/","title":{"rendered":"Uniball Threaded Sleeve M12"},"content":{"rendered":"<p>Uniball Kierre holkki Tankojen tekoon<\/p>\n<p>soveltuu k\u00e4ytett\u00e4v\u00e4ksi esim.1\/2\u2033 Tukivarsi putken kanssa<\/p>\n<p>Sis\u00e4kierre M12x1,75<\/p>\n<p>Pituus 15mm<\/p>\n<p>Olake 5mm<\/p>\n<p>Halkaisija 21,4\/15,8<\/p>\n<p>&nbsp;<\/p>\n<p>Ilmoita tilatesse Kierteen k\u00e4tisyys<\/p>\n<p>&nbsp;<\/p>\n<p>Products are made to order as custom work!<\/p>","protected":false},"excerpt":{"rendered":"<p>Uniball Kierre holkki Tankojen tekoon soveltuu k\u00e4ytett\u00e4v\u00e4ksi esim.1\/2\u2033 Tukivarsi putken kanssa Sis\u00e4kierre M12x1,75 Pituus 15mm Olake 5mm Halkaisija 21,4\/15,8 &nbsp; Ilmoita tilatesse Kierteen k\u00e4tisyys &nbsp; Tuotteet valmistetaan mittatilausty\u00f6n\u00e4 tilauksesta!<\/p>","protected":false},"featured_media":840,"comment_status":"closed","ping_status":"closed","template":"","meta":[],"product_brand":[],"product_cat":[95,92],"product_tag":[20,23,22,18,66,45,46,89,13,44,10],"class_list":{"0":"post-854","1":"product","2":"type-product","3":"status-publish","4":"has-post-thumbnail","6":"product_cat-kaikkituotteet","7":"product_cat-uniball-osat","8":"product_tag-hitsattava","9":"product_tag-holkki","10":"product_tag-kierre","11":"product_tag-kierreholkki","12":"product_tag-linkinkorvakko","13":"product_tag-linkintanko","14":"product_tag-linkki","15":"product_tag-m12","16":"product_tag-teras","17":"product_tag-tukivarsi","18":"product_tag-uniball","20":"first","21":"instock","22":"taxable","23":"shipping-taxable","24":"purchasable","25":"product-type-variable","26":"czr-hentry"},"jetpack_sharing_enabled":true,"_links":{"self":[{"href":"https:\/\/hautalahti.fi\/kauppa\/en\/wp-json\/wp\/v2\/product\/854","targetHints":{"allow":["GET"]}}],"collection":[{"href":"https:\/\/hautalahti.fi\/kauppa\/en\/wp-json\/wp\/v2\/product"}],"about":[{"href":"https:\/\/hautalahti.fi\/kauppa\/en\/wp-json\/wp\/v2\/types\/product"}],"replies":[{"embeddable":true,"href":"https:\/\/hautalahti.fi\/kauppa\/en\/wp-json\/wp\/v2\/comments?post=854"}],"wp:featuredmedia":[{"embeddable":true,"href":"https:\/\/hautalahti.fi\/kauppa\/en\/wp-json\/wp\/v2\/media\/840"}],"wp:attachment":[{"href":"https:\/\/hautalahti.fi\/kauppa\/en\/wp-json\/wp\/v2\/media?parent=854"}],"wp:term":[{"taxonomy":"product_brand","embeddable":true,"href":"https:\/\/hautalahti.fi\/kauppa\/en\/wp-json\/wp\/v2\/product_brand?post=854"},{"taxonomy":"product_cat","embeddable":true,"href":"https:\/\/hautalahti.fi\/kauppa\/en\/wp-json\/wp\/v2\/product_cat?post=854"},{"taxonomy":"product_tag","embeddable":true,"href":"https:\/\/hautalahti.fi\/kauppa\/en\/wp-json\/wp\/v2\/product_tag?post=854"}],"curies":[{"name":"wp","href":"https:\/\/api.w.org\/{rel}","templated":true}]}}