{"id":837,"date":"2020-04-14T14:24:09","date_gmt":"2020-04-14T11:24:09","guid":{"rendered":"https:\/\/hautalahti.fi\/kauppa\/?post_type=product&#038;p=837"},"modified":"2026-02-27T17:32:43","modified_gmt":"2026-02-27T15:32:43","slug":"uniball-m12","status":"publish","type":"product","link":"https:\/\/hautalahti.fi\/kauppa\/en\/product\/uniball-m12\/","title":{"rendered":"Uniball M12"},"content":{"rendered":"<p>Kierre: M12x1,75<\/p>\n<p>Silm\u00e4n sis\u00e4halkaisija: 12mm<\/p>\n<p>Kierteen pituus: 35mm<\/p>\n<p>Koko Pituus: 69mm<\/p>\n<p>Leveys: 16mm<\/p>\n<p>Materiaali: Ter\u00e4s + Laakeripronssi<\/p>\n<p>Kierre: Oikea\/vasen<\/p>\n<p>Valitse liukuvalikosta Kierteen k\u00e4tisyys Vasen\/Oikea<\/p>","protected":false},"excerpt":{"rendered":"<p>Kierre: M12x1,75 Silm\u00e4n sis\u00e4halkaisija: 12mm Kierteen pituus: 35mm Koko Pituus: 69mm Leveys: 16mm Materiaali: Ter\u00e4s + Laakeripronssi Kierre: Oikea\/vasen Valitse liukuvalikosta Kierteen k\u00e4tisyys Vasen\/Oikea<\/p>","protected":false},"featured_media":841,"comment_status":"closed","ping_status":"closed","template":"","meta":[],"product_brand":[],"product_cat":[95,92,187],"product_tag":[78,103,27,102,88,106,45,46,101,89,105,11,44,10,104,96],"class_list":{"0":"post-837","1":"product","2":"type-product","3":"status-publish","4":"has-post-thumbnail","6":"product_cat-kaikkituotteet","7":"product_cat-uniball-osat","8":"product_cat-valtuot","9":"product_tag-bmw","10":"product_tag-datsun","11":"product_tag-fiat","12":"product_tag-ford","13":"product_tag-jokkis","14":"product_tag-laatu","15":"product_tag-linkintanko","16":"product_tag-linkki","17":"product_tag-m-b","18":"product_tag-m12","19":"product_tag-oem","20":"product_tag-oikeakierre","21":"product_tag-tukivarsi","22":"product_tag-uniball","23":"product_tag-vasenkierre","24":"product_tag-volvo","26":"first","27":"instock","28":"taxable","29":"shipping-taxable","30":"purchasable","31":"product-type-variable","32":"czr-hentry"},"jetpack_sharing_enabled":true,"_links":{"self":[{"href":"https:\/\/hautalahti.fi\/kauppa\/en\/wp-json\/wp\/v2\/product\/837","targetHints":{"allow":["GET"]}}],"collection":[{"href":"https:\/\/hautalahti.fi\/kauppa\/en\/wp-json\/wp\/v2\/product"}],"about":[{"href":"https:\/\/hautalahti.fi\/kauppa\/en\/wp-json\/wp\/v2\/types\/product"}],"replies":[{"embeddable":true,"href":"https:\/\/hautalahti.fi\/kauppa\/en\/wp-json\/wp\/v2\/comments?post=837"}],"wp:featuredmedia":[{"embeddable":true,"href":"https:\/\/hautalahti.fi\/kauppa\/en\/wp-json\/wp\/v2\/media\/841"}],"wp:attachment":[{"href":"https:\/\/hautalahti.fi\/kauppa\/en\/wp-json\/wp\/v2\/media?parent=837"}],"wp:term":[{"taxonomy":"product_brand","embeddable":true,"href":"https:\/\/hautalahti.fi\/kauppa\/en\/wp-json\/wp\/v2\/product_brand?post=837"},{"taxonomy":"product_cat","embeddable":true,"href":"https:\/\/hautalahti.fi\/kauppa\/en\/wp-json\/wp\/v2\/product_cat?post=837"},{"taxonomy":"product_tag","embeddable":true,"href":"https:\/\/hautalahti.fi\/kauppa\/en\/wp-json\/wp\/v2\/product_tag?post=837"}],"curies":[{"name":"wp","href":"https:\/\/api.w.org\/{rel}","templated":true}]}}