{"id":779,"date":"2020-01-07T10:26:10","date_gmt":"2020-01-07T08:26:10","guid":{"rendered":"https:\/\/hautalahti.fi\/kauppa\/?post_type=product&#038;p=779"},"modified":"2026-02-27T17:27:21","modified_gmt":"2026-02-27T15:27:21","slug":"tukitangon-kori-korvakko-pari","status":"publish","type":"product","link":"https:\/\/hautalahti.fi\/kauppa\/en\/product\/tukitangon-kori-korvakko-pari\/","title":{"rendered":"Chassis Link Tab Pair"},"content":{"rendered":"<p>Linkkien kori korvakko<\/p>\n<p>Soveltuu moneen k\u00e4ytt\u00f6tarkoitukseen.<\/p>\n<p>&nbsp;<\/p>\n<p>Korkeus 220mm<\/p>\n<p>Leveys ulko\/sis\u00e4 50\/44mm<\/p>\n<p>Syvyys n.50mm<\/p>\n<p>Reikien et\u00e4isyys 30mm<\/p>\n<p>Reikien lukum\u00e4\u00e4r\u00e4 kuvista ppoiketen 10 kpl<\/p>\n<p>Reikien halkaisija 12mm<\/p>\n<p>Soveltuu k\u00e4ytett\u00e4v\u00e4ksi M12, M16 ja M20 uniball:ien ja levitys holkkien kanssa.<\/p>\n<p>Myyd\u00e4\u00e4n Pareittain. Hinta pari hinta.<\/p>\n<p>&nbsp;<\/p>\n<p>Products are made to order as custom work!<\/p>","protected":false},"excerpt":{"rendered":"<p>Linkkien kori korvakko Soveltuu moneen k\u00e4ytt\u00f6tarkoitukseen. &nbsp; Korkeus 220mm Leveys ulko\/sis\u00e4 50\/44mm Syvyys n.50mm Reikien et\u00e4isyys 30mm Reikien lukum\u00e4\u00e4r\u00e4 kuvista ppoiketen 10 kpl Reikien halkaisija 12mm Soveltuu k\u00e4ytett\u00e4v\u00e4ksi M12, M16 ja M20 uniball:ien ja levitys holkkien kanssa. Myyd\u00e4\u00e4n Pareittain. Hinta pari hinta. &nbsp; Tuotteet valmistetaan mittatilausty\u00f6n\u00e4 tilauksesta!<\/p>","protected":false},"featured_media":777,"comment_status":"closed","ping_status":"closed","template":"","meta":[],"product_brand":[],"product_cat":[95,92],"product_tag":[20,65,66,45,46,69,10,68,67],"class_list":{"0":"post-779","1":"product","2":"type-product","3":"status-publish","4":"has-post-thumbnail","6":"product_cat-kaikkituotteet","7":"product_cat-uniball-osat","8":"product_tag-hitsattava","9":"product_tag-korvakko","10":"product_tag-linkinkorvakko","11":"product_tag-linkintanko","12":"product_tag-linkki","13":"product_tag-taka-akseli","14":"product_tag-uniball","15":"product_tag-volvonpera","16":"product_tag-volvopera","18":"first","19":"instock","20":"taxable","21":"shipping-taxable","22":"purchasable","23":"product-type-simple","24":"czr-hentry"},"jetpack_sharing_enabled":true,"_links":{"self":[{"href":"https:\/\/hautalahti.fi\/kauppa\/en\/wp-json\/wp\/v2\/product\/779","targetHints":{"allow":["GET"]}}],"collection":[{"href":"https:\/\/hautalahti.fi\/kauppa\/en\/wp-json\/wp\/v2\/product"}],"about":[{"href":"https:\/\/hautalahti.fi\/kauppa\/en\/wp-json\/wp\/v2\/types\/product"}],"replies":[{"embeddable":true,"href":"https:\/\/hautalahti.fi\/kauppa\/en\/wp-json\/wp\/v2\/comments?post=779"}],"wp:featuredmedia":[{"embeddable":true,"href":"https:\/\/hautalahti.fi\/kauppa\/en\/wp-json\/wp\/v2\/media\/777"}],"wp:attachment":[{"href":"https:\/\/hautalahti.fi\/kauppa\/en\/wp-json\/wp\/v2\/media?parent=779"}],"wp:term":[{"taxonomy":"product_brand","embeddable":true,"href":"https:\/\/hautalahti.fi\/kauppa\/en\/wp-json\/wp\/v2\/product_brand?post=779"},{"taxonomy":"product_cat","embeddable":true,"href":"https:\/\/hautalahti.fi\/kauppa\/en\/wp-json\/wp\/v2\/product_cat?post=779"},{"taxonomy":"product_tag","embeddable":true,"href":"https:\/\/hautalahti.fi\/kauppa\/en\/wp-json\/wp\/v2\/product_tag?post=779"}],"curies":[{"name":"wp","href":"https:\/\/api.w.org\/{rel}","templated":true}]}}