{"id":778,"date":"2020-01-07T10:16:41","date_gmt":"2020-01-07T08:16:41","guid":{"rendered":"https:\/\/hautalahti.fi\/kauppa\/?post_type=product&#038;p=778"},"modified":"2026-03-09T15:18:22","modified_gmt":"2026-03-09T13:18:22","slug":"tukitangon-kiinnitys-korvakko-pari","status":"publish","type":"product","link":"https:\/\/hautalahti.fi\/kauppa\/en\/product\/tukitangon-kiinnitys-korvakko-pari\/","title":{"rendered":"Axle Link Tab Pair"},"content":{"rendered":"<p>Korvakko Linkin tangon kiinnitykselle akseliin.<\/p>\n<p>Tehty suoraan sopivaksi volvon 1030\/1 taka-akselin putken p\u00e4\u00e4lle.<\/p>\n<p>Soveltuu my\u00f6s muihin akseleihin, mutta istuvuus ei yht\u00e4 hyv\u00e4.<\/p>\n<p>&nbsp;<\/p>\n<p>Korkeus 125mm<\/p>\n<p>Leveys ulko\/sis\u00e4 50\/44mm<\/p>\n<p>Syvyys n.50mm<\/p>\n<p>Ylinreik\u00e4 112,5mm korkeudella<\/p>\n<p>Reik\u00e4v\u00e4li 20mm<\/p>\n<p>Reiki\u00e4 6kpl<\/p>\n<p>Reikien halkaisija 12mm<\/p>\n<p>Soveltuu k\u00e4ytett\u00e4v\u00e4ksi M16 ja M20 uniball:ien ja levitys holkkien kanssa.<\/p>\n<p>Myyd\u00e4\u00e4n Pareittain. Hinta my\u00f6s pari hinta<\/p>\n<p>&nbsp;<\/p>\n<p>Products are made to order as custom work!<\/p>","protected":false},"excerpt":{"rendered":"<p>Korvakko Linkin tangon kiinnitykselle akseliin. Tehty suoraan sopivaksi volvon 1030\/1 taka-akselin putken p\u00e4\u00e4lle. Soveltuu my\u00f6s muihin akseleihin, mutta istuvuus ei yht\u00e4 hyv\u00e4. &nbsp; Korkeus 125mm Leveys ulko\/sis\u00e4 50\/44mm Syvyys n.50mm Ylinreik\u00e4 112,5mm korkeudella Reik\u00e4v\u00e4li 20mm Reiki\u00e4 6kpl Reikien halkaisija 12mm Soveltuu k\u00e4ytett\u00e4v\u00e4ksi M16 ja M20 uniball:ien ja levitys holkkien kanssa. Myyd\u00e4\u00e4n Pareittain. Hinta my\u00f6s pari [&hellip;]<\/p>\n","protected":false},"featured_media":1568,"comment_status":"closed","ping_status":"closed","template":"","meta":[],"product_brand":[],"product_cat":[95,92],"product_tag":[65,66,46,69,70,10,68,67],"class_list":{"0":"post-778","1":"product","2":"type-product","3":"status-publish","4":"has-post-thumbnail","6":"product_cat-kaikkituotteet","7":"product_cat-uniball-osat","8":"product_tag-korvakko","9":"product_tag-linkinkorvakko","10":"product_tag-linkki","11":"product_tag-taka-akseli","12":"product_tag-tanko","13":"product_tag-uniball","14":"product_tag-volvonpera","15":"product_tag-volvopera","17":"first","18":"instock","19":"taxable","20":"shipping-taxable","21":"purchasable","22":"product-type-simple","23":"czr-hentry"},"jetpack_sharing_enabled":true,"_links":{"self":[{"href":"https:\/\/hautalahti.fi\/kauppa\/en\/wp-json\/wp\/v2\/product\/778","targetHints":{"allow":["GET"]}}],"collection":[{"href":"https:\/\/hautalahti.fi\/kauppa\/en\/wp-json\/wp\/v2\/product"}],"about":[{"href":"https:\/\/hautalahti.fi\/kauppa\/en\/wp-json\/wp\/v2\/types\/product"}],"replies":[{"embeddable":true,"href":"https:\/\/hautalahti.fi\/kauppa\/en\/wp-json\/wp\/v2\/comments?post=778"}],"wp:featuredmedia":[{"embeddable":true,"href":"https:\/\/hautalahti.fi\/kauppa\/en\/wp-json\/wp\/v2\/media\/1568"}],"wp:attachment":[{"href":"https:\/\/hautalahti.fi\/kauppa\/en\/wp-json\/wp\/v2\/media?parent=778"}],"wp:term":[{"taxonomy":"product_brand","embeddable":true,"href":"https:\/\/hautalahti.fi\/kauppa\/en\/wp-json\/wp\/v2\/product_brand?post=778"},{"taxonomy":"product_cat","embeddable":true,"href":"https:\/\/hautalahti.fi\/kauppa\/en\/wp-json\/wp\/v2\/product_cat?post=778"},{"taxonomy":"product_tag","embeddable":true,"href":"https:\/\/hautalahti.fi\/kauppa\/en\/wp-json\/wp\/v2\/product_tag?post=778"}],"curies":[{"name":"wp","href":"https:\/\/api.w.org\/{rel}","templated":true}]}}