{"id":695,"date":"2019-08-16T15:55:30","date_gmt":"2019-08-16T12:55:30","guid":{"rendered":"https:\/\/hautalahti.fi\/kauppa\/?post_type=product&#038;p=695"},"modified":"2026-02-27T17:25:10","modified_gmt":"2026-02-27T15:25:10","slug":"terasvauhtipyora-bmw-m50-sre-765","status":"publish","type":"product","link":"https:\/\/hautalahti.fi\/kauppa\/en\/product\/terasvauhtipyora-bmw-m50-sre-765\/","title":{"rendered":"Steel Flywheel BMW M5x SRE-765"},"content":{"rendered":"<p>BMW:n Moottoreihin sopiva Ter\u00e4svauhtipy\u00f6r\u00e4.<\/p>\n<p>-Paino n.7kg<\/p>\n<p>-SRE-765 Asetelmalle<\/p>\n<p>Ei sis\u00e4ll\u00e4 Hammaskeh\u00e4\u00e4!!<\/p>\n<p>Ei Tasapainoitettu!<\/p>\n<p>&nbsp;<\/p>\n<p>Products are made to order as custom work!<\/p>","protected":false},"excerpt":{"rendered":"<p>BMW:n Moottoreihin sopiva Ter\u00e4svauhtipy\u00f6r\u00e4. -Paino n.7kg -SRE-765 Asetelmalle Ei sis\u00e4ll\u00e4 Hammaskeh\u00e4\u00e4!! Ei Tasapainoitettu! &nbsp; Tuotteet valmistetaan mittatilausty\u00f6n\u00e4 tilauksesta!<\/p>","protected":false},"featured_media":1003,"comment_status":"closed","ping_status":"closed","template":"","meta":[],"product_brand":[],"product_cat":[91,95,100],"product_tag":[52,57,53,56,58,55,54],"class_list":{"0":"post-695","1":"product","2":"type-product","3":"status-publish","4":"has-post-thumbnail","6":"product_cat-bmw-osat","7":"product_cat-kaikkituotteet","8":"product_cat-vauhtipyorat","9":"product_tag-m50","10":"product_tag-m51","11":"product_tag-m52","12":"product_tag-m54","13":"product_tag-m57","14":"product_tag-sre-765","15":"product_tag-terasvauhtipyora","17":"first","18":"instock","19":"taxable","20":"shipping-taxable","21":"purchasable","22":"product-type-simple","23":"czr-hentry"},"jetpack_sharing_enabled":true,"_links":{"self":[{"href":"https:\/\/hautalahti.fi\/kauppa\/en\/wp-json\/wp\/v2\/product\/695","targetHints":{"allow":["GET"]}}],"collection":[{"href":"https:\/\/hautalahti.fi\/kauppa\/en\/wp-json\/wp\/v2\/product"}],"about":[{"href":"https:\/\/hautalahti.fi\/kauppa\/en\/wp-json\/wp\/v2\/types\/product"}],"replies":[{"embeddable":true,"href":"https:\/\/hautalahti.fi\/kauppa\/en\/wp-json\/wp\/v2\/comments?post=695"}],"wp:featuredmedia":[{"embeddable":true,"href":"https:\/\/hautalahti.fi\/kauppa\/en\/wp-json\/wp\/v2\/media\/1003"}],"wp:attachment":[{"href":"https:\/\/hautalahti.fi\/kauppa\/en\/wp-json\/wp\/v2\/media?parent=695"}],"wp:term":[{"taxonomy":"product_brand","embeddable":true,"href":"https:\/\/hautalahti.fi\/kauppa\/en\/wp-json\/wp\/v2\/product_brand?post=695"},{"taxonomy":"product_cat","embeddable":true,"href":"https:\/\/hautalahti.fi\/kauppa\/en\/wp-json\/wp\/v2\/product_cat?post=695"},{"taxonomy":"product_tag","embeddable":true,"href":"https:\/\/hautalahti.fi\/kauppa\/en\/wp-json\/wp\/v2\/product_tag?post=695"}],"curies":[{"name":"wp","href":"https:\/\/api.w.org\/{rel}","templated":true}]}}