{"id":692,"date":"2019-08-16T15:50:14","date_gmt":"2019-08-16T12:50:14","guid":{"rendered":"https:\/\/hautalahti.fi\/kauppa\/?post_type=product&#038;p=692"},"modified":"2026-03-26T14:45:16","modified_gmt":"2026-03-26T12:45:16","slug":"teras-vauhtipyora-mercedes-benz-om60x-sre-765","status":"publish","type":"product","link":"https:\/\/hautalahti.fi\/kauppa\/en\/product\/teras-vauhtipyora-mercedes-benz-om60x-sre-765\/","title":{"rendered":"Steel Flywheel Mercedes-Benz OM60X SRE-765"},"content":{"rendered":"<p>Ter\u00e4svauhtipy\u00f6r\u00e4 Mercedes-Benz diesel moottoreihin<\/p>\n<p>-240mm Kytkimelle<\/p>\n<p>-SRE-765 Asetelmalle<\/p>\n<p>-Paino n.7kg<\/p>\n<p>-Keskireik\u00e4 50mm (ilmoita jos tarvitset sovitteen 46mm keskireij\u00e4lle)<\/p>\n<p>Toimitetaan ilman Hammaskeh\u00e4\u00e4!!<\/p>\n<p>Ei Tasapainoitettu!<\/p>\n<p>&nbsp;<\/p>\n<p>Products are made to order as custom work!<\/p>","protected":false},"excerpt":{"rendered":"<p>Ter\u00e4svauhtipy\u00f6r\u00e4 Mercedes-Benz diesel moottoreihin -240mm Kytkimelle -SRE-765 Asetelmalle -Paino n.7kg -Keskireik\u00e4 50mm (ilmoita jos tarvitset sovitteen 46mm keskireij\u00e4lle) Toimitetaan ilman Hammaskeh\u00e4\u00e4!! Ei Tasapainoitettu! &nbsp; Tuotteet valmistetaan mittatilausty\u00f6n\u00e4 tilauksesta!<\/p>","protected":false},"featured_media":998,"comment_status":"closed","ping_status":"closed","template":"","meta":[],"product_brand":[],"product_cat":[95,93,100],"product_tag":[60,61,62,63,64,59,55,54],"class_list":{"0":"post-692","1":"product","2":"type-product","3":"status-publish","4":"has-post-thumbnail","6":"product_cat-kaikkituotteet","7":"product_cat-mercedes-benz","8":"product_cat-vauhtipyorat","9":"product_tag-om601","10":"product_tag-om602","11":"product_tag-om603","12":"product_tag-om604","13":"product_tag-om605","14":"product_tag-om606","15":"product_tag-sre-765","16":"product_tag-terasvauhtipyora","18":"first","19":"instock","20":"taxable","21":"shipping-taxable","22":"purchasable","23":"product-type-simple","24":"czr-hentry"},"jetpack_sharing_enabled":true,"_links":{"self":[{"href":"https:\/\/hautalahti.fi\/kauppa\/en\/wp-json\/wp\/v2\/product\/692","targetHints":{"allow":["GET"]}}],"collection":[{"href":"https:\/\/hautalahti.fi\/kauppa\/en\/wp-json\/wp\/v2\/product"}],"about":[{"href":"https:\/\/hautalahti.fi\/kauppa\/en\/wp-json\/wp\/v2\/types\/product"}],"replies":[{"embeddable":true,"href":"https:\/\/hautalahti.fi\/kauppa\/en\/wp-json\/wp\/v2\/comments?post=692"}],"wp:featuredmedia":[{"embeddable":true,"href":"https:\/\/hautalahti.fi\/kauppa\/en\/wp-json\/wp\/v2\/media\/998"}],"wp:attachment":[{"href":"https:\/\/hautalahti.fi\/kauppa\/en\/wp-json\/wp\/v2\/media?parent=692"}],"wp:term":[{"taxonomy":"product_brand","embeddable":true,"href":"https:\/\/hautalahti.fi\/kauppa\/en\/wp-json\/wp\/v2\/product_brand?post=692"},{"taxonomy":"product_cat","embeddable":true,"href":"https:\/\/hautalahti.fi\/kauppa\/en\/wp-json\/wp\/v2\/product_cat?post=692"},{"taxonomy":"product_tag","embeddable":true,"href":"https:\/\/hautalahti.fi\/kauppa\/en\/wp-json\/wp\/v2\/product_tag?post=692"}],"curies":[{"name":"wp","href":"https:\/\/api.w.org\/{rel}","templated":true}]}}