{"id":683,"date":"2019-08-16T15:00:34","date_gmt":"2019-08-16T12:00:34","guid":{"rendered":"https:\/\/hautalahti.fi\/kauppa\/?post_type=product&#038;p=683"},"modified":"2026-04-25T13:42:47","modified_gmt":"2026-04-25T10:42:47","slug":"spacer-pultattava-5x120-20mm","status":"publish","type":"product","link":"https:\/\/hautalahti.fi\/kauppa\/en\/product\/spacer-pultattava-5x120-20mm\/","title":{"rendered":"Spacer Bolt-On 5\u00d7120 20mm"},"content":{"rendered":"<p>Pultattava spacer<\/p>\n<p>-Paksuus 20mm<\/p>\n<p>-Jako 5X120<\/p>\n<p>-Kr.72,6<\/p>\n<p>&nbsp;<\/p>\n<p>Vain Kilpa K\u00e4ytt\u00f6\u00f6n!<\/p>\n<p>Huom! ! Kappaleen Hinta! Tuotteet myyd\u00e4\u00e4n kappaleittain!<\/p>\n<p>Products are made to order as custom work!<\/p>","protected":false},"excerpt":{"rendered":"<p>Pultattava spacer -Paksuus 20mm -Jako 5X120 -Kr.72,6 &nbsp; Vain Kilpa K\u00e4ytt\u00f6\u00f6n! Huom! ! Kappaleen Hinta! Tuotteet myyd\u00e4\u00e4n kappaleittain! Tuotteet valmistetaan mittatilausty\u00f6n\u00e4 tilauksesta!<\/p>","protected":false},"featured_media":1704,"comment_status":"closed","ping_status":"closed","template":"","meta":[],"product_brand":[],"product_cat":[95,94],"product_tag":[42,43,41],"class_list":{"0":"post-683","1":"product","2":"type-product","3":"status-publish","4":"has-post-thumbnail","6":"product_cat-kaikkituotteet","7":"product_cat-spacerit","8":"product_tag-adabteri","9":"product_tag-pultattava","10":"product_tag-spacer","12":"first","13":"instock","14":"taxable","15":"shipping-taxable","16":"purchasable","17":"product-type-variable","18":"czr-hentry"},"jetpack_sharing_enabled":true,"_links":{"self":[{"href":"https:\/\/hautalahti.fi\/kauppa\/en\/wp-json\/wp\/v2\/product\/683","targetHints":{"allow":["GET"]}}],"collection":[{"href":"https:\/\/hautalahti.fi\/kauppa\/en\/wp-json\/wp\/v2\/product"}],"about":[{"href":"https:\/\/hautalahti.fi\/kauppa\/en\/wp-json\/wp\/v2\/types\/product"}],"replies":[{"embeddable":true,"href":"https:\/\/hautalahti.fi\/kauppa\/en\/wp-json\/wp\/v2\/comments?post=683"}],"wp:featuredmedia":[{"embeddable":true,"href":"https:\/\/hautalahti.fi\/kauppa\/en\/wp-json\/wp\/v2\/media\/1704"}],"wp:attachment":[{"href":"https:\/\/hautalahti.fi\/kauppa\/en\/wp-json\/wp\/v2\/media?parent=683"}],"wp:term":[{"taxonomy":"product_brand","embeddable":true,"href":"https:\/\/hautalahti.fi\/kauppa\/en\/wp-json\/wp\/v2\/product_brand?post=683"},{"taxonomy":"product_cat","embeddable":true,"href":"https:\/\/hautalahti.fi\/kauppa\/en\/wp-json\/wp\/v2\/product_cat?post=683"},{"taxonomy":"product_tag","embeddable":true,"href":"https:\/\/hautalahti.fi\/kauppa\/en\/wp-json\/wp\/v2\/product_tag?post=683"}],"curies":[{"name":"wp","href":"https:\/\/api.w.org\/{rel}","templated":true}]}}