{"id":540,"date":"2018-06-08T09:39:41","date_gmt":"2018-06-08T06:39:41","guid":{"rendered":"https:\/\/hautalahti.fi\/kauppa\/?post_type=product&#038;p=540"},"modified":"2026-04-28T17:06:13","modified_gmt":"2026-04-28T14:06:13","slug":"bmw-retailer","status":"publish","type":"product","link":"https:\/\/hautalahti.fi\/kauppa\/en\/product\/bmw-retailer\/","title":{"rendered":"BMW M50\/M52 Retainer Set"},"content":{"rendered":"<p>M50\/m52 Retainer sarja 24Kpl<\/p>\n<p>Retainerit 6mm Venttiilin varrelle<\/p>\n<p>N\u00e4ill\u00e4 M50 Tuplajouset 6mm Varsiin<\/p>\n<p>-Materiaali CRMO<\/p>\n<p>:Satavilla my\u00f6s 12kpl, 16kpl ja 32kpl sarjoissa erikseen pyyt\u00e4m\u00e4ll\u00e4.<\/p>\n<p>&nbsp;<\/p>\n<p>Products are made to order as custom work!<\/p>","protected":false},"excerpt":{"rendered":"<p>M50\/m52 Retainer sarja 24Kpl Retainerit 6mm Venttiilin varrelle N\u00e4ill\u00e4 M50 Tuplajouset 6mm Varsiin -Materiaali CRMO :Satavilla my\u00f6s 12kpl, 16kpl ja 32kpl sarjoissa erikseen pyyt\u00e4m\u00e4ll\u00e4. &nbsp; Tuotteet valmistetaan mittatilausty\u00f6n\u00e4 tilauksesta!<\/p>","protected":false},"featured_media":670,"comment_status":"closed","ping_status":"closed","template":"","meta":[],"product_brand":[],"product_cat":[91,95],"product_tag":[78,128,52,53,47,130,129,131],"class_list":{"0":"post-540","1":"product","2":"type-product","3":"status-publish","4":"has-post-thumbnail","6":"product_cat-bmw-osat","7":"product_cat-kaikkituotteet","8":"product_tag-bmw","9":"product_tag-crmo","10":"product_tag-m50","11":"product_tag-m52","12":"product_tag-retainer","13":"product_tag-spring","14":"product_tag-valve","15":"product_tag-valvespring","17":"first","18":"instock","19":"taxable","20":"shipping-taxable","21":"purchasable","22":"product-type-simple","23":"czr-hentry"},"jetpack_sharing_enabled":true,"_links":{"self":[{"href":"https:\/\/hautalahti.fi\/kauppa\/en\/wp-json\/wp\/v2\/product\/540","targetHints":{"allow":["GET"]}}],"collection":[{"href":"https:\/\/hautalahti.fi\/kauppa\/en\/wp-json\/wp\/v2\/product"}],"about":[{"href":"https:\/\/hautalahti.fi\/kauppa\/en\/wp-json\/wp\/v2\/types\/product"}],"replies":[{"embeddable":true,"href":"https:\/\/hautalahti.fi\/kauppa\/en\/wp-json\/wp\/v2\/comments?post=540"}],"wp:featuredmedia":[{"embeddable":true,"href":"https:\/\/hautalahti.fi\/kauppa\/en\/wp-json\/wp\/v2\/media\/670"}],"wp:attachment":[{"href":"https:\/\/hautalahti.fi\/kauppa\/en\/wp-json\/wp\/v2\/media?parent=540"}],"wp:term":[{"taxonomy":"product_brand","embeddable":true,"href":"https:\/\/hautalahti.fi\/kauppa\/en\/wp-json\/wp\/v2\/product_brand?post=540"},{"taxonomy":"product_cat","embeddable":true,"href":"https:\/\/hautalahti.fi\/kauppa\/en\/wp-json\/wp\/v2\/product_cat?post=540"},{"taxonomy":"product_tag","embeddable":true,"href":"https:\/\/hautalahti.fi\/kauppa\/en\/wp-json\/wp\/v2\/product_tag?post=540"}],"curies":[{"name":"wp","href":"https:\/\/api.w.org\/{rel}","templated":true}]}}