{"id":539,"date":"2018-06-08T09:39:20","date_gmt":"2018-06-08T06:39:20","guid":{"rendered":"https:\/\/hautalahti.fi\/kauppa\/?post_type=product&#038;p=539"},"modified":"2026-04-13T19:23:25","modified_gmt":"2026-04-13T16:23:25","slug":"uniball-levennysholkki","status":"publish","type":"product","link":"https:\/\/hautalahti.fi\/kauppa\/en\/product\/uniball-levennysholkki\/","title":{"rendered":"Uniball Misalignment Spacer M16"},"content":{"rendered":"<p>M16 Uniball nivelelle levennys holkki jolloin leveydeksi tulee 41mm jolloin sopii esim.50mm RHS putken sis\u00e4lle.<\/p>\n<p>-Iron hole 12mm<\/p>\n<p>-Ulkoleveys 25mm<\/p>\n<p>&nbsp;<\/p>\n<p>Products are made to order as custom work!<\/p>","protected":false},"excerpt":{"rendered":"<p>M16 Uniball nivelelle levennys holkki jolloin leveydeksi tulee 41mm jolloin sopii esim.50mm RHS putken sis\u00e4lle. -Sis.reik\u00e4 12mm -Ulkoleveys 25mm &nbsp; Tuotteet valmistetaan mittatilausty\u00f6n\u00e4 tilauksesta!<\/p>","protected":false},"featured_media":848,"comment_status":"closed","ping_status":"closed","template":"","meta":[],"product_brand":[],"product_cat":[95,92],"product_tag":[23,45,46,44,10],"class_list":{"0":"post-539","1":"product","2":"type-product","3":"status-publish","4":"has-post-thumbnail","6":"product_cat-kaikkituotteet","7":"product_cat-uniball-osat","8":"product_tag-holkki","9":"product_tag-linkintanko","10":"product_tag-linkki","11":"product_tag-tukivarsi","12":"product_tag-uniball","14":"first","15":"instock","16":"taxable","17":"shipping-taxable","18":"purchasable","19":"product-type-simple","20":"czr-hentry"},"jetpack_sharing_enabled":true,"_links":{"self":[{"href":"https:\/\/hautalahti.fi\/kauppa\/en\/wp-json\/wp\/v2\/product\/539","targetHints":{"allow":["GET"]}}],"collection":[{"href":"https:\/\/hautalahti.fi\/kauppa\/en\/wp-json\/wp\/v2\/product"}],"about":[{"href":"https:\/\/hautalahti.fi\/kauppa\/en\/wp-json\/wp\/v2\/types\/product"}],"replies":[{"embeddable":true,"href":"https:\/\/hautalahti.fi\/kauppa\/en\/wp-json\/wp\/v2\/comments?post=539"}],"wp:featuredmedia":[{"embeddable":true,"href":"https:\/\/hautalahti.fi\/kauppa\/en\/wp-json\/wp\/v2\/media\/848"}],"wp:attachment":[{"href":"https:\/\/hautalahti.fi\/kauppa\/en\/wp-json\/wp\/v2\/media?parent=539"}],"wp:term":[{"taxonomy":"product_brand","embeddable":true,"href":"https:\/\/hautalahti.fi\/kauppa\/en\/wp-json\/wp\/v2\/product_brand?post=539"},{"taxonomy":"product_cat","embeddable":true,"href":"https:\/\/hautalahti.fi\/kauppa\/en\/wp-json\/wp\/v2\/product_cat?post=539"},{"taxonomy":"product_tag","embeddable":true,"href":"https:\/\/hautalahti.fi\/kauppa\/en\/wp-json\/wp\/v2\/product_tag?post=539"}],"curies":[{"name":"wp","href":"https:\/\/api.w.org\/{rel}","templated":true}]}}