{"id":355,"date":"2017-03-17T13:03:30","date_gmt":"2017-03-17T11:03:30","guid":{"rendered":"https:\/\/hautalahti.fi\/kauppa\/tuote\/uniball-m20-vasenkierre\/"},"modified":"2026-04-06T16:08:29","modified_gmt":"2026-04-06T13:08:29","slug":"uniball-m20-vasenkierre","status":"publish","type":"product","link":"https:\/\/hautalahti.fi\/kauppa\/en\/product\/uniball-m20-vasenkierre\/","title":{"rendered":"Uniball M20"},"content":{"rendered":"<p>Kierre: M20x1.50mm\u00a0Vasenkierre<\/p>\n<p>Silm\u00e4n sis\u00e4halkaisija: 20mm<\/p>\n<p>Kierteen pituus: 48mm<\/p>\n<p>Koko Pituus: 105mm<\/p>\n<p>Leveys: 50mm<\/p>\n<p>Paksuus: 25mm<\/p>\n<p>Materiaali: Ter\u00e4s +\u00a0Laakeripronssi<\/p>\n<p>Kierre: Vasen\/Oikea<\/p>\n<p>Valitse Liukuvalikosta Kierteen K\u00e4tisyys<\/p>","protected":false},"excerpt":{"rendered":"<p>Kierre: M20x1.50mm\u00a0Vasenkierre Silm\u00e4n sis\u00e4halkaisija: 20mm Kierteen pituus: 48mm Koko Pituus: 105mm Leveys: 50mm Paksuus: 25mm Materiaali: Ter\u00e4s +\u00a0Laakeripronssi Kierre: Vasen\/Oikea Valitse Liukuvalikosta Kierteen K\u00e4tisyys<\/p>","protected":false},"featured_media":405,"comment_status":"closed","ping_status":"closed","template":"","meta":[],"product_brand":[],"product_cat":[95,92,187],"product_tag":[78,103,27,102,88,101,15,14,11,13,10,96],"class_list":{"0":"post-355","1":"product","2":"type-product","3":"status-publish","4":"has-post-thumbnail","6":"product_cat-kaikkituotteet","7":"product_cat-uniball-osat","8":"product_cat-valtuot","9":"product_tag-bmw","10":"product_tag-datsun","11":"product_tag-fiat","12":"product_tag-ford","13":"product_tag-jokkis","14":"product_tag-m-b","15":"product_tag-m20","16":"product_tag-messinki","17":"product_tag-oikeakierre","18":"product_tag-teras","19":"product_tag-uniball","20":"product_tag-volvo","22":"first","23":"instock","24":"taxable","25":"shipping-taxable","26":"purchasable","27":"product-type-variable","28":"czr-hentry"},"jetpack_sharing_enabled":true,"_links":{"self":[{"href":"https:\/\/hautalahti.fi\/kauppa\/en\/wp-json\/wp\/v2\/product\/355","targetHints":{"allow":["GET"]}}],"collection":[{"href":"https:\/\/hautalahti.fi\/kauppa\/en\/wp-json\/wp\/v2\/product"}],"about":[{"href":"https:\/\/hautalahti.fi\/kauppa\/en\/wp-json\/wp\/v2\/types\/product"}],"replies":[{"embeddable":true,"href":"https:\/\/hautalahti.fi\/kauppa\/en\/wp-json\/wp\/v2\/comments?post=355"}],"wp:featuredmedia":[{"embeddable":true,"href":"https:\/\/hautalahti.fi\/kauppa\/en\/wp-json\/wp\/v2\/media\/405"}],"wp:attachment":[{"href":"https:\/\/hautalahti.fi\/kauppa\/en\/wp-json\/wp\/v2\/media?parent=355"}],"wp:term":[{"taxonomy":"product_brand","embeddable":true,"href":"https:\/\/hautalahti.fi\/kauppa\/en\/wp-json\/wp\/v2\/product_brand?post=355"},{"taxonomy":"product_cat","embeddable":true,"href":"https:\/\/hautalahti.fi\/kauppa\/en\/wp-json\/wp\/v2\/product_cat?post=355"},{"taxonomy":"product_tag","embeddable":true,"href":"https:\/\/hautalahti.fi\/kauppa\/en\/wp-json\/wp\/v2\/product_tag?post=355"}],"curies":[{"name":"wp","href":"https:\/\/api.w.org\/{rel}","templated":true}]}}