{"id":352,"date":"2017-03-17T12:59:41","date_gmt":"2017-03-17T10:59:41","guid":{"rendered":"https:\/\/hautalahti.fi\/kauppa\/?post_type=product&#038;p=352"},"modified":"2026-04-10T12:30:03","modified_gmt":"2026-04-10T09:30:03","slug":"uniball-m16-oikeakierre","status":"publish","type":"product","link":"https:\/\/hautalahti.fi\/kauppa\/en\/product\/uniball-m16-oikeakierre\/","title":{"rendered":"Uniball M16"},"content":{"rendered":"<p>Kierre: M16x2.00mm Oikeakierre<\/p>\n<p>Silm\u00e4n sis\u00e4halkaisija: 16mm<\/p>\n<p>Kierteen pituus: 41mm<\/p>\n<p>Koko Pituus: 88mm<\/p>\n<p>Leveys: 40mm<\/p>\n<p>Paksuus: 21mm<\/p>\n<p>Materiaali: Ter\u00e4s + Laakeripronssi<\/p>\n<p>Kierre: Vasen\/Oikea<\/p>\n<p>Valitse Liukuvalikosta Kierteen K\u00e4tisyys<\/p>","protected":false},"excerpt":{"rendered":"<p>Kierre: M16x2.00mm Oikeakierre Silm\u00e4n sis\u00e4halkaisija: 16mm Kierteen pituus: 41mm Koko Pituus: 88mm Leveys: 40mm Paksuus: 21mm Materiaali: Ter\u00e4s + Laakeripronssi Kierre: Vasen\/Oikea Valitse Liukuvalikosta Kierteen K\u00e4tisyys<\/p>","protected":false},"featured_media":841,"comment_status":"closed","ping_status":"closed","template":"","meta":[],"product_brand":[],"product_cat":[95,92,187],"product_tag":[78,103,27,102,88,101,12,14,11,13,10,96],"class_list":{"0":"post-352","1":"product","2":"type-product","3":"status-publish","4":"has-post-thumbnail","6":"product_cat-kaikkituotteet","7":"product_cat-uniball-osat","8":"product_cat-valtuot","9":"product_tag-bmw","10":"product_tag-datsun","11":"product_tag-fiat","12":"product_tag-ford","13":"product_tag-jokkis","14":"product_tag-m-b","15":"product_tag-m16","16":"product_tag-messinki","17":"product_tag-oikeakierre","18":"product_tag-teras","19":"product_tag-uniball","20":"product_tag-volvo","22":"first","23":"instock","24":"taxable","25":"shipping-taxable","26":"purchasable","27":"product-type-variable","28":"czr-hentry"},"jetpack_sharing_enabled":true,"_links":{"self":[{"href":"https:\/\/hautalahti.fi\/kauppa\/en\/wp-json\/wp\/v2\/product\/352","targetHints":{"allow":["GET"]}}],"collection":[{"href":"https:\/\/hautalahti.fi\/kauppa\/en\/wp-json\/wp\/v2\/product"}],"about":[{"href":"https:\/\/hautalahti.fi\/kauppa\/en\/wp-json\/wp\/v2\/types\/product"}],"replies":[{"embeddable":true,"href":"https:\/\/hautalahti.fi\/kauppa\/en\/wp-json\/wp\/v2\/comments?post=352"}],"wp:featuredmedia":[{"embeddable":true,"href":"https:\/\/hautalahti.fi\/kauppa\/en\/wp-json\/wp\/v2\/media\/841"}],"wp:attachment":[{"href":"https:\/\/hautalahti.fi\/kauppa\/en\/wp-json\/wp\/v2\/media?parent=352"}],"wp:term":[{"taxonomy":"product_brand","embeddable":true,"href":"https:\/\/hautalahti.fi\/kauppa\/en\/wp-json\/wp\/v2\/product_brand?post=352"},{"taxonomy":"product_cat","embeddable":true,"href":"https:\/\/hautalahti.fi\/kauppa\/en\/wp-json\/wp\/v2\/product_cat?post=352"},{"taxonomy":"product_tag","embeddable":true,"href":"https:\/\/hautalahti.fi\/kauppa\/en\/wp-json\/wp\/v2\/product_tag?post=352"}],"curies":[{"name":"wp","href":"https:\/\/api.w.org\/{rel}","templated":true}]}}