{"id":2705,"date":"2026-03-31T09:15:56","date_gmt":"2026-03-31T06:15:56","guid":{"rendered":"https:\/\/hautalahti.fi\/kauppa\/?post_type=product&#038;p=2705"},"modified":"2026-03-31T09:42:08","modified_gmt":"2026-03-31T06:42:08","slug":"kytkinasetelma-184mm-500-1240nm","status":"publish","type":"product","link":"https:\/\/hautalahti.fi\/kauppa\/en\/product\/kytkinasetelma-184mm-500-1240nm\/","title":{"rendered":"Kytkinasetelma 184mm 500-1240nm"},"content":{"rendered":"<p>184mm Kytkinasetelma Tehonkesto 500nm-875nm-1240nm<\/p>\n<p>-saatavilla 1-3 levyisen\u00e4<\/p>\n<p>-Levykoko 184mm<\/p>\n<p>-Tehty guartermaster 184mm asetelman mitoituksella.<\/p>\n<p>-Sopii yleisimpiin 184mm vauhtipy\u00f6riin<\/p>\n<p>-Asetelman pulttikeh\u00e4n halkaisija 200,03mm +\/-0,05mm<\/p>\n<p>-Vauhtipy\u00f6r\u00e4n kytkinpinnan korotuksen oltava 2-3 levyisen\u00e4 2,54mm +\/-0,025mm ja halkaisijan 186,84mm+\/-0,025mm<\/p>\n<p>-1-Levyisen\u00e4 vaatii korkeamman korokkeen vauhtipy\u00f6r\u00e4\u00e4n tai paksumman kytkinlevyn!<\/p>\n<p>-Kytkinlevyn paksuus oltava 2.6mm<\/p>\n<p>&nbsp;<\/p>\n<p>Kytkinlevyt tilattava erikseen!<\/p>\n<p>&nbsp;<\/p>\n<p>Vain Kilpak\u00e4ytt\u00f6\u00f6n!<\/p>\n<p>&nbsp;<\/p>\n<p>Kysy vauhtipy\u00f6r\u00e4\u00e4 t\u00e4lle asetelmalle!<\/p>\n<p>&nbsp;<\/p>\n<div class=\"n4sEPd\">\n<div class=\"QFw9Te BLojaf\">\n<div class=\"NQSJo\"><\/div>\n<\/div>\n<div class=\"FFpbKc\">\n<div class=\"xMmqsf\"><\/div>\n<\/div>\n<\/div>","protected":false},"excerpt":{"rendered":"<p>184mm Kytkinasetelma Tehonkesto 500nm-875nm-1240nm -saatavilla 1-3 levyisen\u00e4 -Levykoko 184mm -Tehty guartermaster 184mm asetelman mitoituksella. -Sopii yleisimpiin 184mm vauhtipy\u00f6riin -Asetelman pulttikeh\u00e4n halkaisija 200,03mm +\/-0,05mm -Vauhtipy\u00f6r\u00e4n kytkinpinnan korotuksen oltava 2-3 levyisen\u00e4 2,54mm +\/-0,025mm ja halkaisijan 186,84mm+\/-0,025mm -1-Levyisen\u00e4 vaatii korkeamman korokkeen vauhtipy\u00f6r\u00e4\u00e4n tai paksumman kytkinlevyn! -Kytkinlevyn paksuus oltava 2.6mm &nbsp; Kytkinlevyt tilattava erikseen! &nbsp; Vain Kilpak\u00e4ytt\u00f6\u00f6n! &nbsp; Kysy [&hellip;]<\/p>\n","protected":false},"featured_media":2701,"comment_status":"closed","ping_status":"closed","template":"","meta":[],"product_brand":[],"product_cat":[91,95,93,187,100,166,38],"product_tag":[],"class_list":{"0":"post-2705","1":"product","2":"type-product","3":"status-publish","4":"has-post-thumbnail","6":"product_cat-bmw-osat","7":"product_cat-kaikkituotteet","8":"product_cat-mercedes-benz","9":"product_cat-valtuot","10":"product_cat-vauhtipyorat","11":"product_cat-volvo","12":"product_cat-yleinen","14":"first","15":"instock","16":"taxable","17":"shipping-taxable","18":"purchasable","19":"product-type-variable","20":"czr-hentry"},"jetpack_sharing_enabled":true,"_links":{"self":[{"href":"https:\/\/hautalahti.fi\/kauppa\/en\/wp-json\/wp\/v2\/product\/2705","targetHints":{"allow":["GET"]}}],"collection":[{"href":"https:\/\/hautalahti.fi\/kauppa\/en\/wp-json\/wp\/v2\/product"}],"about":[{"href":"https:\/\/hautalahti.fi\/kauppa\/en\/wp-json\/wp\/v2\/types\/product"}],"replies":[{"embeddable":true,"href":"https:\/\/hautalahti.fi\/kauppa\/en\/wp-json\/wp\/v2\/comments?post=2705"}],"wp:featuredmedia":[{"embeddable":true,"href":"https:\/\/hautalahti.fi\/kauppa\/en\/wp-json\/wp\/v2\/media\/2701"}],"wp:attachment":[{"href":"https:\/\/hautalahti.fi\/kauppa\/en\/wp-json\/wp\/v2\/media?parent=2705"}],"wp:term":[{"taxonomy":"product_brand","embeddable":true,"href":"https:\/\/hautalahti.fi\/kauppa\/en\/wp-json\/wp\/v2\/product_brand?post=2705"},{"taxonomy":"product_cat","embeddable":true,"href":"https:\/\/hautalahti.fi\/kauppa\/en\/wp-json\/wp\/v2\/product_cat?post=2705"},{"taxonomy":"product_tag","embeddable":true,"href":"https:\/\/hautalahti.fi\/kauppa\/en\/wp-json\/wp\/v2\/product_tag?post=2705"}],"curies":[{"name":"wp","href":"https:\/\/api.w.org\/{rel}","templated":true}]}}