{"id":2519,"date":"2026-02-04T11:19:28","date_gmt":"2026-02-04T09:19:28","guid":{"rendered":"https:\/\/hautalahti.fi\/kauppa\/?post_type=product&#038;p=2519"},"modified":"2026-03-11T13:20:17","modified_gmt":"2026-03-11T11:20:17","slug":"imusuppilo-3d-tulostettu","status":"publish","type":"product","link":"https:\/\/hautalahti.fi\/kauppa\/en\/product\/imusuppilo-3d-tulostettu\/","title":{"rendered":"3D-Printed Intake Trumpet"},"content":{"rendered":"<p>3D-Tulostettu imusuppilo<\/p>\n<p>Saatavilla olevat halkaisijat 40mm-45mm-50mm<\/p>\n<p>Saatavilla pituudet 50mm-75mm-100mm<\/p>\n<p>DCOE jako (65mm) k\u00e4y yleisimpiin kaasuttimiin ja l\u00e4pp\u00e4runkoihin.<\/p>\n<p>Valitse liukuvalikosta halkaisija ja pituus.<\/p>\n<p>Materiaali: PCTG<\/p>\n<p>&nbsp;<\/p>\n<p>Saatavilla my\u00f6s muilla mitoilla jos n\u00e4ist\u00e4 ei l\u00f6ytynyt sopivaa. Ota yhteytt\u00e4 email: info@hautalahti.fi<\/p>","protected":false},"excerpt":{"rendered":"<p>3D-Tulostettu imusuppilo Saatavilla olevat halkaisijat 40mm-45mm-50mm Saatavilla pituudet 50mm-75mm-100mm DCOE jako (65mm) k\u00e4y yleisimpiin kaasuttimiin ja l\u00e4pp\u00e4runkoihin. Valitse liukuvalikosta halkaisija ja pituus. Materiaali: PCTG &nbsp; Saatavilla my\u00f6s muilla mitoilla jos n\u00e4ist\u00e4 ei l\u00f6ytynyt sopivaa. Ota yhteytt\u00e4 email: info@hautalahti.fi<\/p>","protected":false},"featured_media":2533,"comment_status":"closed","ping_status":"closed","template":"","meta":[],"product_brand":[202],"product_cat":[91,95,177,187,166,38],"product_tag":[78,103,188,27,102,88,189,190,101,168,12,14,11,13,10,96],"class_list":{"0":"post-2519","1":"product","2":"type-product","3":"status-publish","4":"has-post-thumbnail","6":"product_brand-jrdesigns","7":"product_cat-bmw-osat","8":"product_cat-kaikkituotteet","9":"product_cat-moottorin-osat","10":"product_cat-valtuot","11":"product_cat-volvo","12":"product_cat-yleinen","13":"product_tag-bmw","14":"product_tag-datsun","15":"product_tag-dcoe","16":"product_tag-fiat","17":"product_tag-ford","18":"product_tag-jokkis","19":"product_tag-kaasutin","20":"product_tag-lapparunko","21":"product_tag-m-b","22":"product_tag-m14","23":"product_tag-m16","24":"product_tag-messinki","25":"product_tag-oikeakierre","26":"product_tag-teras","27":"product_tag-uniball","28":"product_tag-volvo","30":"first","31":"instock","32":"taxable","33":"shipping-taxable","34":"purchasable","35":"product-type-variable","36":"czr-hentry"},"jetpack_sharing_enabled":true,"_links":{"self":[{"href":"https:\/\/hautalahti.fi\/kauppa\/en\/wp-json\/wp\/v2\/product\/2519","targetHints":{"allow":["GET"]}}],"collection":[{"href":"https:\/\/hautalahti.fi\/kauppa\/en\/wp-json\/wp\/v2\/product"}],"about":[{"href":"https:\/\/hautalahti.fi\/kauppa\/en\/wp-json\/wp\/v2\/types\/product"}],"replies":[{"embeddable":true,"href":"https:\/\/hautalahti.fi\/kauppa\/en\/wp-json\/wp\/v2\/comments?post=2519"}],"wp:featuredmedia":[{"embeddable":true,"href":"https:\/\/hautalahti.fi\/kauppa\/en\/wp-json\/wp\/v2\/media\/2533"}],"wp:attachment":[{"href":"https:\/\/hautalahti.fi\/kauppa\/en\/wp-json\/wp\/v2\/media?parent=2519"}],"wp:term":[{"taxonomy":"product_brand","embeddable":true,"href":"https:\/\/hautalahti.fi\/kauppa\/en\/wp-json\/wp\/v2\/product_brand?post=2519"},{"taxonomy":"product_cat","embeddable":true,"href":"https:\/\/hautalahti.fi\/kauppa\/en\/wp-json\/wp\/v2\/product_cat?post=2519"},{"taxonomy":"product_tag","embeddable":true,"href":"https:\/\/hautalahti.fi\/kauppa\/en\/wp-json\/wp\/v2\/product_tag?post=2519"}],"curies":[{"name":"wp","href":"https:\/\/api.w.org\/{rel}","templated":true}]}}