{"id":2402,"date":"2025-11-03T15:40:52","date_gmt":"2025-11-03T13:40:52","guid":{"rendered":"https:\/\/hautalahti.fi\/kauppa\/?post_type=product&#038;p=2402"},"modified":"2026-03-31T12:27:41","modified_gmt":"2026-03-31T09:27:41","slug":"bmw-n52-n53-n54-228mm-terasvauhtipyora","status":"publish","type":"product","link":"https:\/\/hautalahti.fi\/kauppa\/en\/product\/bmw-n52-n53-n54-228mm-terasvauhtipyora\/","title":{"rendered":"BMW N52\/N53\/N54 228mm Steel Flywheel"},"content":{"rendered":"<h2>Ter\u00e4svauhtipy\u00f6r\u00e4 228mm kytkimelle.<\/h2>\n<p>Sopivuus n52, n53, n53 moottoreihin automaatinvetolevyn kanssa k\u00e4ytett\u00e4v\u00e4ksi.<\/p>\n<p>-228mm Kytkimelle<\/p>\n<p>-SRE-618 Asetelmalle<\/p>\n<p>-Paino n.6kg<\/p>\n<p>Toimitetaan ilman Hammaskeh\u00e4\u00e4!!<\/p>\n<p>Ei Tasapainoitettu!<\/p>\n<p>Vain Kilpa K\u00e4ytt\u00f6\u00f6n!!<\/p>\n<p>Products are made to order as custom work!<\/p>","protected":false},"excerpt":{"rendered":"<p>Ter\u00e4svauhtipy\u00f6r\u00e4 228mm kytkimelle. Sopivuus n52, n53, n53 moottoreihin automaatinvetolevyn kanssa k\u00e4ytett\u00e4v\u00e4ksi. -228mm Kytkimelle -SRE-618 Asetelmalle -Paino n.6kg Toimitetaan ilman Hammaskeh\u00e4\u00e4!! Ei Tasapainoitettu! Vain Kilpa K\u00e4ytt\u00f6\u00f6n!! Tuotteet valmistetaan mittatilausty\u00f6n\u00e4 tilauksesta!<\/p>","protected":false},"featured_media":2408,"comment_status":"closed","ping_status":"closed","template":"","meta":[],"product_brand":[],"product_cat":[91,95,100,38],"product_tag":[78,122,88,50,52,57,53,56,186,13,54,97],"class_list":{"0":"post-2402","1":"product","2":"type-product","3":"status-publish","4":"has-post-thumbnail","6":"product_cat-bmw-osat","7":"product_cat-kaikkituotteet","8":"product_cat-vauhtipyorat","9":"product_cat-yleinen","10":"product_tag-bmw","11":"product_tag-diesel","12":"product_tag-jokkis","13":"product_tag-kevennetty","14":"product_tag-m50","15":"product_tag-m51","16":"product_tag-m52","17":"product_tag-m54","18":"product_tag-sre-618","19":"product_tag-teras","20":"product_tag-terasvauhtipyora","21":"product_tag-vauhtipyora","23":"first","24":"instock","25":"taxable","26":"shipping-taxable","27":"purchasable","28":"product-type-simple","29":"czr-hentry"},"jetpack_sharing_enabled":true,"_links":{"self":[{"href":"https:\/\/hautalahti.fi\/kauppa\/en\/wp-json\/wp\/v2\/product\/2402","targetHints":{"allow":["GET"]}}],"collection":[{"href":"https:\/\/hautalahti.fi\/kauppa\/en\/wp-json\/wp\/v2\/product"}],"about":[{"href":"https:\/\/hautalahti.fi\/kauppa\/en\/wp-json\/wp\/v2\/types\/product"}],"replies":[{"embeddable":true,"href":"https:\/\/hautalahti.fi\/kauppa\/en\/wp-json\/wp\/v2\/comments?post=2402"}],"wp:featuredmedia":[{"embeddable":true,"href":"https:\/\/hautalahti.fi\/kauppa\/en\/wp-json\/wp\/v2\/media\/2408"}],"wp:attachment":[{"href":"https:\/\/hautalahti.fi\/kauppa\/en\/wp-json\/wp\/v2\/media?parent=2402"}],"wp:term":[{"taxonomy":"product_brand","embeddable":true,"href":"https:\/\/hautalahti.fi\/kauppa\/en\/wp-json\/wp\/v2\/product_brand?post=2402"},{"taxonomy":"product_cat","embeddable":true,"href":"https:\/\/hautalahti.fi\/kauppa\/en\/wp-json\/wp\/v2\/product_cat?post=2402"},{"taxonomy":"product_tag","embeddable":true,"href":"https:\/\/hautalahti.fi\/kauppa\/en\/wp-json\/wp\/v2\/product_tag?post=2402"}],"curies":[{"name":"wp","href":"https:\/\/api.w.org\/{rel}","templated":true}]}}