{"id":2373,"date":"2025-09-30T18:58:50","date_gmt":"2025-09-30T15:58:50","guid":{"rendered":"https:\/\/hautalahti.fi\/kauppa\/?post_type=product&#038;p=2373"},"modified":"2026-02-27T16:22:32","modified_gmt":"2026-02-27T14:22:32","slug":"kytkinasetelma-sachs-215mm-bmw-volvo-saab-opel","status":"publish","type":"product","link":"https:\/\/hautalahti.fi\/kauppa\/en\/product\/kytkinasetelma-sachs-215mm-bmw-volvo-saab-opel\/","title":{"rendered":"Clutch Pressure Plate Sachs 215mm BMW, Volvo, Saab, Opel"},"content":{"rendered":"<p>Sachs 215mm Kytkinasetelma<\/p>\n<p>-Levykoko 215mm<\/p>\n<p>&nbsp;<\/p>\n<p>Vain Kilpak\u00e4ytt\u00f6\u00f6n!<\/p>","protected":false},"excerpt":{"rendered":"<p>Sachs 215mm Kytkinasetelma -Levykoko 215mm &nbsp; Vain Kilpak\u00e4ytt\u00f6\u00f6n!<\/p>","protected":false},"featured_media":2372,"comment_status":"closed","ping_status":"closed","template":"","meta":[],"product_brand":[],"product_cat":[91,95,93,187,100,38],"product_tag":[],"class_list":{"0":"post-2373","1":"product","2":"type-product","3":"status-publish","4":"has-post-thumbnail","6":"product_cat-bmw-osat","7":"product_cat-kaikkituotteet","8":"product_cat-mercedes-benz","9":"product_cat-valtuot","10":"product_cat-vauhtipyorat","11":"product_cat-yleinen","13":"first","14":"instock","15":"taxable","16":"shipping-taxable","17":"purchasable","18":"product-type-simple","19":"czr-hentry"},"jetpack_sharing_enabled":true,"_links":{"self":[{"href":"https:\/\/hautalahti.fi\/kauppa\/en\/wp-json\/wp\/v2\/product\/2373","targetHints":{"allow":["GET"]}}],"collection":[{"href":"https:\/\/hautalahti.fi\/kauppa\/en\/wp-json\/wp\/v2\/product"}],"about":[{"href":"https:\/\/hautalahti.fi\/kauppa\/en\/wp-json\/wp\/v2\/types\/product"}],"replies":[{"embeddable":true,"href":"https:\/\/hautalahti.fi\/kauppa\/en\/wp-json\/wp\/v2\/comments?post=2373"}],"wp:featuredmedia":[{"embeddable":true,"href":"https:\/\/hautalahti.fi\/kauppa\/en\/wp-json\/wp\/v2\/media\/2372"}],"wp:attachment":[{"href":"https:\/\/hautalahti.fi\/kauppa\/en\/wp-json\/wp\/v2\/media?parent=2373"}],"wp:term":[{"taxonomy":"product_brand","embeddable":true,"href":"https:\/\/hautalahti.fi\/kauppa\/en\/wp-json\/wp\/v2\/product_brand?post=2373"},{"taxonomy":"product_cat","embeddable":true,"href":"https:\/\/hautalahti.fi\/kauppa\/en\/wp-json\/wp\/v2\/product_cat?post=2373"},{"taxonomy":"product_tag","embeddable":true,"href":"https:\/\/hautalahti.fi\/kauppa\/en\/wp-json\/wp\/v2\/product_tag?post=2373"}],"curies":[{"name":"wp","href":"https:\/\/api.w.org\/{rel}","templated":true}]}}