{"id":2368,"date":"2025-09-30T18:33:03","date_gmt":"2025-09-30T15:33:03","guid":{"rendered":"https:\/\/hautalahti.fi\/kauppa\/?post_type=product&#038;p=2368"},"modified":"2026-04-12T19:43:25","modified_gmt":"2026-04-12T16:43:25","slug":"kytkinasetelma-tarvike-sre-763-kytkinasetelma-228mm","status":"publish","type":"product","link":"https:\/\/hautalahti.fi\/kauppa\/en\/product\/kytkinasetelma-tarvike-sre-763-kytkinasetelma-228mm\/","title":{"rendered":"Clutch Pressure Plate SRE-763 228mm Aftermarket"},"content":{"rendered":"<p>Tarvike\/kopio versio sre -763 loppuisesta paineasetelmasta<\/p>\n<ul>\n<li>luvattu v\u00e4\u00e4nn\u00f6nkesto 510nm massalevyll\u00e4 ja sintterille n.650nm<\/li>\n<\/ul>\n<p>-\u00d8228mm\u00a0 7,1mm paksulle Kytkinlevylle<\/p>\n<p>Paljon k\u00e4ytetty ja toimivaksi todettu, k\u00e4yt\u00e4nn\u00f6ss\u00e4 vastaa alkuper\u00e4ist\u00e4 sachs tuotetta.<\/p>\n<p>&nbsp;<\/p>","protected":false},"excerpt":{"rendered":"<p>Tarvike\/kopio versio sre -763 loppuisesta paineasetelmasta luvattu v\u00e4\u00e4nn\u00f6nkesto 510nm massalevyll\u00e4 ja sintterille n.650nm -\u00d8228mm\u00a0 7,1mm paksulle Kytkinlevylle Paljon k\u00e4ytetty ja toimivaksi todettu, k\u00e4yt\u00e4nn\u00f6ss\u00e4 vastaa alkuper\u00e4ist\u00e4 sachs tuotetta. &nbsp;<\/p>","protected":false},"featured_media":2369,"comment_status":"closed","ping_status":"closed","template":"","meta":[],"product_brand":[],"product_cat":[91,95,93,187,100,38],"product_tag":[],"class_list":{"0":"post-2368","1":"product","2":"type-product","3":"status-publish","4":"has-post-thumbnail","6":"product_cat-bmw-osat","7":"product_cat-kaikkituotteet","8":"product_cat-mercedes-benz","9":"product_cat-valtuot","10":"product_cat-vauhtipyorat","11":"product_cat-yleinen","13":"first","14":"instock","15":"taxable","16":"shipping-taxable","17":"purchasable","18":"product-type-simple","19":"czr-hentry"},"jetpack_sharing_enabled":true,"_links":{"self":[{"href":"https:\/\/hautalahti.fi\/kauppa\/en\/wp-json\/wp\/v2\/product\/2368","targetHints":{"allow":["GET"]}}],"collection":[{"href":"https:\/\/hautalahti.fi\/kauppa\/en\/wp-json\/wp\/v2\/product"}],"about":[{"href":"https:\/\/hautalahti.fi\/kauppa\/en\/wp-json\/wp\/v2\/types\/product"}],"replies":[{"embeddable":true,"href":"https:\/\/hautalahti.fi\/kauppa\/en\/wp-json\/wp\/v2\/comments?post=2368"}],"wp:featuredmedia":[{"embeddable":true,"href":"https:\/\/hautalahti.fi\/kauppa\/en\/wp-json\/wp\/v2\/media\/2369"}],"wp:attachment":[{"href":"https:\/\/hautalahti.fi\/kauppa\/en\/wp-json\/wp\/v2\/media?parent=2368"}],"wp:term":[{"taxonomy":"product_brand","embeddable":true,"href":"https:\/\/hautalahti.fi\/kauppa\/en\/wp-json\/wp\/v2\/product_brand?post=2368"},{"taxonomy":"product_cat","embeddable":true,"href":"https:\/\/hautalahti.fi\/kauppa\/en\/wp-json\/wp\/v2\/product_cat?post=2368"},{"taxonomy":"product_tag","embeddable":true,"href":"https:\/\/hautalahti.fi\/kauppa\/en\/wp-json\/wp\/v2\/product_tag?post=2368"}],"curies":[{"name":"wp","href":"https:\/\/api.w.org\/{rel}","templated":true}]}}