{"id":2337,"date":"2025-09-02T10:38:15","date_gmt":"2025-09-02T07:38:15","guid":{"rendered":"https:\/\/hautalahti.fi\/kauppa\/?post_type=product&#038;p=2337"},"modified":"2026-02-27T16:24:34","modified_gmt":"2026-02-27T14:24:34","slug":"paine-laakeri-bmw-40mm-liukuputkelle","status":"publish","type":"product","link":"https:\/\/hautalahti.fi\/kauppa\/en\/product\/paine-laakeri-bmw-40mm-liukuputkelle\/","title":{"rendered":"Clutch Release Bearing  for BMW 40mm sliding tube"},"content":{"rendered":"<p>Paine laakeri Bmw:hen sopii k\u00e4ytett\u00e4v\u00e4ksi 41mm liukuholkilla varustettujen bmw zf ja getrac vaihdelaatikoiden kanssa.<\/p>","protected":false},"excerpt":{"rendered":"<p>Paine laakeri Bmw:hen sopii k\u00e4ytett\u00e4v\u00e4ksi 41mm liukuholkilla varustettujen bmw zf ja getrac vaihdelaatikoiden kanssa.<\/p>","protected":false},"featured_media":1953,"comment_status":"closed","ping_status":"closed","template":"","meta":[],"product_brand":[],"product_cat":[91,95,187,100,38],"product_tag":[78,88,184,55,54,97],"class_list":{"0":"post-2337","1":"product","2":"type-product","3":"status-publish","4":"has-post-thumbnail","6":"product_cat-bmw-osat","7":"product_cat-kaikkituotteet","8":"product_cat-valtuot","9":"product_cat-vauhtipyorat","10":"product_cat-yleinen","11":"product_tag-bmw","12":"product_tag-jokkis","13":"product_tag-painelaakeri","14":"product_tag-sre-765","15":"product_tag-terasvauhtipyora","16":"product_tag-vauhtipyora","17":"product_shipping_class-16","19":"first","20":"instock","21":"taxable","22":"shipping-taxable","23":"purchasable","24":"product-type-simple","25":"czr-hentry"},"jetpack_sharing_enabled":true,"_links":{"self":[{"href":"https:\/\/hautalahti.fi\/kauppa\/en\/wp-json\/wp\/v2\/product\/2337","targetHints":{"allow":["GET"]}}],"collection":[{"href":"https:\/\/hautalahti.fi\/kauppa\/en\/wp-json\/wp\/v2\/product"}],"about":[{"href":"https:\/\/hautalahti.fi\/kauppa\/en\/wp-json\/wp\/v2\/types\/product"}],"replies":[{"embeddable":true,"href":"https:\/\/hautalahti.fi\/kauppa\/en\/wp-json\/wp\/v2\/comments?post=2337"}],"wp:featuredmedia":[{"embeddable":true,"href":"https:\/\/hautalahti.fi\/kauppa\/en\/wp-json\/wp\/v2\/media\/1953"}],"wp:attachment":[{"href":"https:\/\/hautalahti.fi\/kauppa\/en\/wp-json\/wp\/v2\/media?parent=2337"}],"wp:term":[{"taxonomy":"product_brand","embeddable":true,"href":"https:\/\/hautalahti.fi\/kauppa\/en\/wp-json\/wp\/v2\/product_brand?post=2337"},{"taxonomy":"product_cat","embeddable":true,"href":"https:\/\/hautalahti.fi\/kauppa\/en\/wp-json\/wp\/v2\/product_cat?post=2337"},{"taxonomy":"product_tag","embeddable":true,"href":"https:\/\/hautalahti.fi\/kauppa\/en\/wp-json\/wp\/v2\/product_tag?post=2337"}],"curies":[{"name":"wp","href":"https:\/\/api.w.org\/{rel}","templated":true}]}}