{"id":2107,"date":"2025-02-14T09:26:23","date_gmt":"2025-02-14T07:26:23","guid":{"rendered":"https:\/\/hautalahti.fi\/kauppa\/?post_type=product&#038;p=2107"},"modified":"2026-02-27T16:30:38","modified_gmt":"2026-02-27T14:30:38","slug":"duratec-2-0-2-3-venttiilijousisarja","status":"publish","type":"product","link":"https:\/\/hautalahti.fi\/kauppa\/en\/product\/duratec-2-0-2-3-venttiilijousisarja\/","title":{"rendered":"Duratec 2.0\/2.3 Valve Spring Set"},"content":{"rendered":"<h2>Duratec 2.0\/2.3 venttiilijouset 16kpl<\/h2>\n<p>&nbsp;<\/p>\n<h3>Race\u00a0 venttiilinjouset<\/h3>\n<p>Asennusmitta (mm): 37.00<\/p>\n<p>Puristuspaine eri pituuksilla:<\/p>\n<p>37.00mm = 30Kg<\/p>\n<p>29.00mm = 58kg<\/p>\n<p>25,00mm= 90Kg (12mm nosto)<\/p>\n<p>Jousi menee putkelle mitassa 20mm<\/p>\n<p>Ulkohalkaisija 27.5mm<\/p>\n<p>Vapaa pituus 44mm<\/p>\n<p>Langan paksuus 3.8mm<\/p>\n<p>Sopii k\u00e4ytett\u00e4v\u00e4ksi 27mm CRMO retaineriemme\u00a0 kanssa.<\/p>\n<p>&nbsp;<\/p>","protected":false},"excerpt":{"rendered":"<p>Duratec 2.0\/2.3 venttiilijouset 16kpl &nbsp; Race\u00a0 venttiilinjouset Asennusmitta (mm): 37.00 Puristuspaine eri pituuksilla: 37.00mm = 30Kg 29.00mm = 58kg 25,00mm= 90Kg (12mm nosto) Jousi menee putkelle mitassa 20mm Ulkohalkaisija 27.5mm Vapaa pituus 44mm Langan paksuus 3.8mm Sopii k\u00e4ytett\u00e4v\u00e4ksi 27mm CRMO retaineriemme\u00a0 kanssa. &nbsp;<\/p>","protected":false},"featured_media":2108,"comment_status":"closed","ping_status":"closed","template":"","meta":[],"product_brand":[],"product_cat":[185,95,177,187,38],"product_tag":[164,102,163,130,129,131,183,182],"class_list":{"0":"post-2107","1":"product","2":"type-product","3":"status-publish","4":"has-post-thumbnail","6":"product_cat-duratec","7":"product_cat-kaikkituotteet","8":"product_cat-moottorin-osat","9":"product_cat-valtuot","10":"product_cat-yleinen","11":"product_tag-duratec","12":"product_tag-ford","13":"product_tag-mazda","14":"product_tag-spring","15":"product_tag-valve","16":"product_tag-valvespring","17":"product_tag-ventiilijouset","18":"product_tag-ventiilijousi","19":"product_shipping_class-16","21":"first","22":"instock","23":"taxable","24":"shipping-taxable","25":"purchasable","26":"product-type-simple","27":"czr-hentry"},"jetpack_sharing_enabled":true,"_links":{"self":[{"href":"https:\/\/hautalahti.fi\/kauppa\/en\/wp-json\/wp\/v2\/product\/2107","targetHints":{"allow":["GET"]}}],"collection":[{"href":"https:\/\/hautalahti.fi\/kauppa\/en\/wp-json\/wp\/v2\/product"}],"about":[{"href":"https:\/\/hautalahti.fi\/kauppa\/en\/wp-json\/wp\/v2\/types\/product"}],"replies":[{"embeddable":true,"href":"https:\/\/hautalahti.fi\/kauppa\/en\/wp-json\/wp\/v2\/comments?post=2107"}],"wp:featuredmedia":[{"embeddable":true,"href":"https:\/\/hautalahti.fi\/kauppa\/en\/wp-json\/wp\/v2\/media\/2108"}],"wp:attachment":[{"href":"https:\/\/hautalahti.fi\/kauppa\/en\/wp-json\/wp\/v2\/media?parent=2107"}],"wp:term":[{"taxonomy":"product_brand","embeddable":true,"href":"https:\/\/hautalahti.fi\/kauppa\/en\/wp-json\/wp\/v2\/product_brand?post=2107"},{"taxonomy":"product_cat","embeddable":true,"href":"https:\/\/hautalahti.fi\/kauppa\/en\/wp-json\/wp\/v2\/product_cat?post=2107"},{"taxonomy":"product_tag","embeddable":true,"href":"https:\/\/hautalahti.fi\/kauppa\/en\/wp-json\/wp\/v2\/product_tag?post=2107"}],"curies":[{"name":"wp","href":"https:\/\/api.w.org\/{rel}","templated":true}]}}