{"id":2095,"date":"2025-02-11T17:54:44","date_gmt":"2025-02-11T15:54:44","guid":{"rendered":"https:\/\/hautalahti.fi\/kauppa\/?post_type=product&#038;p=2095"},"modified":"2026-03-31T12:27:41","modified_gmt":"2026-03-31T09:27:41","slug":"kytkinasetelma-tarvike-sre-618-kytkinasetelma-2228mm","status":"publish","type":"product","link":"https:\/\/hautalahti.fi\/kauppa\/en\/product\/kytkinasetelma-tarvike-sre-618-kytkinasetelma-2228mm\/","title":{"rendered":"Clutch Pressure Plate SRE-618 228mm Aftermarket"},"content":{"rendered":"<p>Tarvike\/kopio versio sre -618 loppuisesta paineasetelmasta<\/p>\n<ul>\n<li>luvattu v\u00e4\u00e4nn\u00f6nkesto 450nm massalevyll\u00e4 ja sintterille n.650nm<\/li>\n<\/ul>\n<p>-\u00d8228mm Kytkinlevylle<\/p>\n<p>Paljon k\u00e4ytetty ja toimivaksi todettu, k\u00e4yt\u00e4nn\u00f6ss\u00e4 vastaa alkuper\u00e4ist\u00e4.<\/p>\n<p>&nbsp;<\/p>","protected":false},"excerpt":{"rendered":"<p>Tarvike\/kopio versio sre -618 loppuisesta paineasetelmasta luvattu v\u00e4\u00e4nn\u00f6nkesto 450nm massalevyll\u00e4 ja sintterille n.650nm -\u00d8228mm Kytkinlevylle Paljon k\u00e4ytetty ja toimivaksi todettu, k\u00e4yt\u00e4nn\u00f6ss\u00e4 vastaa alkuper\u00e4ist\u00e4. &nbsp;<\/p>","protected":false},"featured_media":2093,"comment_status":"closed","ping_status":"closed","template":"","meta":[],"product_brand":[],"product_cat":[91,95,93,187,100,38],"product_tag":[],"class_list":{"0":"post-2095","1":"product","2":"type-product","3":"status-publish","4":"has-post-thumbnail","6":"product_cat-bmw-osat","7":"product_cat-kaikkituotteet","8":"product_cat-mercedes-benz","9":"product_cat-valtuot","10":"product_cat-vauhtipyorat","11":"product_cat-yleinen","13":"first","14":"instock","15":"taxable","16":"shipping-taxable","17":"purchasable","18":"product-type-simple","19":"czr-hentry"},"jetpack_sharing_enabled":true,"_links":{"self":[{"href":"https:\/\/hautalahti.fi\/kauppa\/en\/wp-json\/wp\/v2\/product\/2095","targetHints":{"allow":["GET"]}}],"collection":[{"href":"https:\/\/hautalahti.fi\/kauppa\/en\/wp-json\/wp\/v2\/product"}],"about":[{"href":"https:\/\/hautalahti.fi\/kauppa\/en\/wp-json\/wp\/v2\/types\/product"}],"replies":[{"embeddable":true,"href":"https:\/\/hautalahti.fi\/kauppa\/en\/wp-json\/wp\/v2\/comments?post=2095"}],"wp:featuredmedia":[{"embeddable":true,"href":"https:\/\/hautalahti.fi\/kauppa\/en\/wp-json\/wp\/v2\/media\/2093"}],"wp:attachment":[{"href":"https:\/\/hautalahti.fi\/kauppa\/en\/wp-json\/wp\/v2\/media?parent=2095"}],"wp:term":[{"taxonomy":"product_brand","embeddable":true,"href":"https:\/\/hautalahti.fi\/kauppa\/en\/wp-json\/wp\/v2\/product_brand?post=2095"},{"taxonomy":"product_cat","embeddable":true,"href":"https:\/\/hautalahti.fi\/kauppa\/en\/wp-json\/wp\/v2\/product_cat?post=2095"},{"taxonomy":"product_tag","embeddable":true,"href":"https:\/\/hautalahti.fi\/kauppa\/en\/wp-json\/wp\/v2\/product_tag?post=2095"}],"curies":[{"name":"wp","href":"https:\/\/api.w.org\/{rel}","templated":true}]}}