{"id":2058,"date":"2025-01-23T09:10:52","date_gmt":"2025-01-23T07:10:52","guid":{"rendered":"https:\/\/hautalahti.fi\/kauppa\/?post_type=product&#038;p=2058"},"modified":"2026-04-17T09:17:38","modified_gmt":"2026-04-17T06:17:38","slug":"sachs-765-kytkinasetelma-240mm","status":"publish","type":"product","link":"https:\/\/hautalahti.fi\/kauppa\/en\/product\/sachs-765-kytkinasetelma-240mm\/","title":{"rendered":"Clutch Pressure Plate 240mm Sachs -765"},"content":{"rendered":"<p>Sachs SRE paineasetelma \u201c765\u201d (883082999765) (BMW M5)<\/p>\n<p>-v\u00e4\u00e4nn\u00f6nkesto 590nm massalevyll\u00e4 ja 860nm sintterill\u00e4<\/p>\n<p>-\u00d8240mm Kytkinlevylle<\/p>\n<p>Paljon k\u00e4ytetty ja toimivaksi todettu.<\/p>\n<p>&nbsp;<\/p>","protected":false},"excerpt":{"rendered":"<p>Sachs SRE paineasetelma \u201c765\u201d (883082999765) (BMW M5) -v\u00e4\u00e4nn\u00f6nkesto 590nm massalevyll\u00e4 ja 860nm sintterill\u00e4 -\u00d8240mm Kytkinlevylle Paljon k\u00e4ytetty ja toimivaksi todettu. &nbsp;<\/p>","protected":false},"featured_media":2059,"comment_status":"closed","ping_status":"closed","template":"","meta":[],"product_brand":[],"product_cat":[91,95,93,187,100,38],"product_tag":[],"class_list":{"0":"post-2058","1":"product","2":"type-product","3":"status-publish","4":"has-post-thumbnail","6":"product_cat-bmw-osat","7":"product_cat-kaikkituotteet","8":"product_cat-mercedes-benz","9":"product_cat-valtuot","10":"product_cat-vauhtipyorat","11":"product_cat-yleinen","13":"first","14":"instock","15":"sale","16":"taxable","17":"shipping-taxable","18":"purchasable","19":"product-type-simple","20":"czr-hentry"},"jetpack_sharing_enabled":true,"_links":{"self":[{"href":"https:\/\/hautalahti.fi\/kauppa\/en\/wp-json\/wp\/v2\/product\/2058","targetHints":{"allow":["GET"]}}],"collection":[{"href":"https:\/\/hautalahti.fi\/kauppa\/en\/wp-json\/wp\/v2\/product"}],"about":[{"href":"https:\/\/hautalahti.fi\/kauppa\/en\/wp-json\/wp\/v2\/types\/product"}],"replies":[{"embeddable":true,"href":"https:\/\/hautalahti.fi\/kauppa\/en\/wp-json\/wp\/v2\/comments?post=2058"}],"wp:featuredmedia":[{"embeddable":true,"href":"https:\/\/hautalahti.fi\/kauppa\/en\/wp-json\/wp\/v2\/media\/2059"}],"wp:attachment":[{"href":"https:\/\/hautalahti.fi\/kauppa\/en\/wp-json\/wp\/v2\/media?parent=2058"}],"wp:term":[{"taxonomy":"product_brand","embeddable":true,"href":"https:\/\/hautalahti.fi\/kauppa\/en\/wp-json\/wp\/v2\/product_brand?post=2058"},{"taxonomy":"product_cat","embeddable":true,"href":"https:\/\/hautalahti.fi\/kauppa\/en\/wp-json\/wp\/v2\/product_cat?post=2058"},{"taxonomy":"product_tag","embeddable":true,"href":"https:\/\/hautalahti.fi\/kauppa\/en\/wp-json\/wp\/v2\/product_tag?post=2058"}],"curies":[{"name":"wp","href":"https:\/\/api.w.org\/{rel}","templated":true}]}}