{"id":1952,"date":"2024-09-24T11:58:39","date_gmt":"2024-09-24T08:58:39","guid":{"rendered":"https:\/\/hautalahti.fi\/kauppa\/?post_type=product&#038;p=1952"},"modified":"2026-02-27T16:35:46","modified_gmt":"2026-02-27T14:35:46","slug":"paine-laakeri-bmw","status":"publish","type":"product","link":"https:\/\/hautalahti.fi\/kauppa\/en\/product\/paine-laakeri-bmw\/","title":{"rendered":"Clutch Release Bearing for BMW 38mm sliding tube"},"content":{"rendered":"<p>Paine laakeri Bmw:hen sopii k\u00e4ytett\u00e4v\u00e4ksi 38mm liukuholkilla varustettujen bmw zf ja getrac vaihdelaatikoiden kanssa.<\/p>","protected":false},"excerpt":{"rendered":"<p>Paine laakeri Bmw:hen sopii k\u00e4ytett\u00e4v\u00e4ksi 38mm liukuholkilla varustettujen bmw zf ja getrac vaihdelaatikoiden kanssa.<\/p>","protected":false},"featured_media":1953,"comment_status":"closed","ping_status":"closed","template":"","meta":[],"product_brand":[],"product_cat":[91,95,187,100,38],"product_tag":[78,88,184,55,54,97],"class_list":{"0":"post-1952","1":"product","2":"type-product","3":"status-publish","4":"has-post-thumbnail","6":"product_cat-bmw-osat","7":"product_cat-kaikkituotteet","8":"product_cat-valtuot","9":"product_cat-vauhtipyorat","10":"product_cat-yleinen","11":"product_tag-bmw","12":"product_tag-jokkis","13":"product_tag-painelaakeri","14":"product_tag-sre-765","15":"product_tag-terasvauhtipyora","16":"product_tag-vauhtipyora","18":"first","19":"instock","20":"taxable","21":"shipping-taxable","22":"purchasable","23":"product-type-simple","24":"czr-hentry"},"jetpack_sharing_enabled":true,"_links":{"self":[{"href":"https:\/\/hautalahti.fi\/kauppa\/en\/wp-json\/wp\/v2\/product\/1952","targetHints":{"allow":["GET"]}}],"collection":[{"href":"https:\/\/hautalahti.fi\/kauppa\/en\/wp-json\/wp\/v2\/product"}],"about":[{"href":"https:\/\/hautalahti.fi\/kauppa\/en\/wp-json\/wp\/v2\/types\/product"}],"replies":[{"embeddable":true,"href":"https:\/\/hautalahti.fi\/kauppa\/en\/wp-json\/wp\/v2\/comments?post=1952"}],"wp:featuredmedia":[{"embeddable":true,"href":"https:\/\/hautalahti.fi\/kauppa\/en\/wp-json\/wp\/v2\/media\/1953"}],"wp:attachment":[{"href":"https:\/\/hautalahti.fi\/kauppa\/en\/wp-json\/wp\/v2\/media?parent=1952"}],"wp:term":[{"taxonomy":"product_brand","embeddable":true,"href":"https:\/\/hautalahti.fi\/kauppa\/en\/wp-json\/wp\/v2\/product_brand?post=1952"},{"taxonomy":"product_cat","embeddable":true,"href":"https:\/\/hautalahti.fi\/kauppa\/en\/wp-json\/wp\/v2\/product_cat?post=1952"},{"taxonomy":"product_tag","embeddable":true,"href":"https:\/\/hautalahti.fi\/kauppa\/en\/wp-json\/wp\/v2\/product_tag?post=1952"}],"curies":[{"name":"wp","href":"https:\/\/api.w.org\/{rel}","templated":true}]}}