{"id":1877,"date":"2024-08-12T10:17:20","date_gmt":"2024-08-12T07:17:20","guid":{"rendered":"https:\/\/hautalahti.fi\/kauppa\/?post_type=product&#038;p=1877"},"modified":"2026-03-18T09:24:02","modified_gmt":"2026-03-18T07:24:02","slug":"volvo-jakopaan-terashammasratas-pyorea-hammastus","status":"publish","type":"product","link":"https:\/\/hautalahti.fi\/kauppa\/en\/product\/volvo-jakopaan-terashammasratas-pyorea-hammastus\/","title":{"rendered":"Volvo Timing Steel Gear (Round-Tooth)"},"content":{"rendered":"<p>Ter\u00e4shammaspy\u00f6r\u00e4 py\u00f6re\u00e4ll\u00e4 hampaalla, B200-230 8V<\/p>\n<p>Mukana erikoisvalmisteinen 5,7 mm kiila, oikean pituinen, jotta se sopii 100 % oikein kampiakseliin<\/p>\n<p>Kiila sis\u00e4ltyy hintaan!<\/p>\n<p>Alkuper\u00e4ist\u00e4 kammesiivapy\u00f6r\u00e4\u00e4 k\u00e4ytett\u00e4ess\u00e4 on tarkistettava ett\u00e4 py\u00f6r\u00e4ss\u00e4 on 5,7 mm:n kiilaura!<\/p>\n<p>Meill\u00e4 l\u00f6ytyy my\u00f6s alumiiniset hihnapy\u00f6r\u00e4t,<\/p>\n<p>My\u00f6s k\u00e4ytt\u00f6laitteen ja hihnapy\u00f6r\u00e4n v\u00e4list\u00e4 levy\u00e4 on hiottava, jotta levy sopii paikalleen normaalisti.<\/p>\n<p>HUOM: Hampaiden oikea jako, jotta jakohihna ei kulu ja valmistettu oikealla vetoavaimella.<\/p>\n<p>Markkinoilla on &#8221;China&#8221; ter\u00e4shammaspy\u00f6r\u00e4t v\u00e4\u00e4r\u00e4ll\u00e4 hammasprofiililla, jotka kuluttavat jakohihnan muutamassa kilometriss\u00e4 ja niit\u00e4 on vaikeampi vet\u00e4\u00e4 ymp\u00e4ri, kun jakohihna &#8221;jumiutuu&#8221; vaihteeseen<\/p>","protected":false},"excerpt":{"rendered":"<p>Ter\u00e4shammaspy\u00f6r\u00e4 py\u00f6re\u00e4ll\u00e4 hampaalla, B200-230 8V Mukana erikoisvalmisteinen 5,7 mm kiila, oikean pituinen, jotta se sopii 100 % oikein kampiakseliin Kiila sis\u00e4ltyy hintaan! Alkuper\u00e4ist\u00e4 kammesiivapy\u00f6r\u00e4\u00e4 k\u00e4ytett\u00e4ess\u00e4 on tarkistettava ett\u00e4 py\u00f6r\u00e4ss\u00e4 on 5,7 mm:n kiilaura! Meill\u00e4 l\u00f6ytyy my\u00f6s alumiiniset hihnapy\u00f6r\u00e4t, My\u00f6s k\u00e4ytt\u00f6laitteen ja hihnapy\u00f6r\u00e4n v\u00e4list\u00e4 levy\u00e4 on hiottava, jotta levy sopii paikalleen normaalisti. HUOM: Hampaiden oikea jako, [&hellip;]<\/p>\n","protected":false},"featured_media":1880,"comment_status":"closed","ping_status":"closed","template":"","meta":[],"product_brand":[],"product_cat":[95,38],"product_tag":[139,140,76,135,136,137,138,134,96],"class_list":{"0":"post-1877","1":"product","2":"type-product","3":"status-publish","4":"has-post-thumbnail","6":"product_cat-kaikkituotteet","7":"product_cat-yleinen","8":"product_tag-alasiiva","9":"product_tag-alasiivapyora","10":"product_tag-alumiini","11":"product_tag-hihnapyora","12":"product_tag-pyora","13":"product_tag-siiva","14":"product_tag-siivapyora","15":"product_tag-vesipumppu","16":"product_tag-volvo","18":"first","19":"instock","20":"sale","21":"taxable","22":"shipping-taxable","23":"purchasable","24":"product-type-simple","25":"czr-hentry"},"jetpack_sharing_enabled":true,"_links":{"self":[{"href":"https:\/\/hautalahti.fi\/kauppa\/en\/wp-json\/wp\/v2\/product\/1877","targetHints":{"allow":["GET"]}}],"collection":[{"href":"https:\/\/hautalahti.fi\/kauppa\/en\/wp-json\/wp\/v2\/product"}],"about":[{"href":"https:\/\/hautalahti.fi\/kauppa\/en\/wp-json\/wp\/v2\/types\/product"}],"replies":[{"embeddable":true,"href":"https:\/\/hautalahti.fi\/kauppa\/en\/wp-json\/wp\/v2\/comments?post=1877"}],"wp:featuredmedia":[{"embeddable":true,"href":"https:\/\/hautalahti.fi\/kauppa\/en\/wp-json\/wp\/v2\/media\/1880"}],"wp:attachment":[{"href":"https:\/\/hautalahti.fi\/kauppa\/en\/wp-json\/wp\/v2\/media?parent=1877"}],"wp:term":[{"taxonomy":"product_brand","embeddable":true,"href":"https:\/\/hautalahti.fi\/kauppa\/en\/wp-json\/wp\/v2\/product_brand?post=1877"},{"taxonomy":"product_cat","embeddable":true,"href":"https:\/\/hautalahti.fi\/kauppa\/en\/wp-json\/wp\/v2\/product_cat?post=1877"},{"taxonomy":"product_tag","embeddable":true,"href":"https:\/\/hautalahti.fi\/kauppa\/en\/wp-json\/wp\/v2\/product_tag?post=1877"}],"curies":[{"name":"wp","href":"https:\/\/api.w.org\/{rel}","templated":true}]}}