{"id":1709,"date":"2024-01-23T15:31:33","date_gmt":"2024-01-23T13:31:33","guid":{"rendered":"https:\/\/hautalahti.fi\/kauppa\/?post_type=product&#038;p=1709"},"modified":"2026-04-17T13:48:06","modified_gmt":"2026-04-17T10:48:06","slug":"spacerin-vanteen-keskitys-holkki","status":"publish","type":"product","link":"https:\/\/hautalahti.fi\/kauppa\/en\/product\/spacerin-vanteen-keskitys-holkki\/","title":{"rendered":"Spacerin Vanteen Keskitys Holkki"},"content":{"rendered":"<p>Sopii valimistamiimme spacerieihin!<\/p>\n<p>Valitse liukuvalikosta sopiva vanteen keskireik\u00e4!<\/p>\n<p>&nbsp;<\/p>\n<p>Huom vain kilpak\u00e4ytt\u00f6\u00f6n!<\/p>\n<p>Valmistamme tuotteet tilauksesta mittatilausty\u00f6n\u00e4!<\/p>","protected":false},"excerpt":{"rendered":"<p>Sopii valimistamiimme spacerieihin! Valitse liukuvalikosta sopiva vanteen keskireik\u00e4! &nbsp; Huom vain kilpak\u00e4ytt\u00f6\u00f6n! Valmistamme tuotteet tilauksesta mittatilausty\u00f6n\u00e4!<\/p>","protected":false},"featured_media":1705,"comment_status":"closed","ping_status":"closed","template":"","meta":[],"product_brand":[],"product_cat":[95,94,38],"product_tag":[42,78,43,41,96],"class_list":{"0":"post-1709","1":"product","2":"type-product","3":"status-publish","4":"has-post-thumbnail","6":"product_cat-kaikkituotteet","7":"product_cat-spacerit","8":"product_cat-yleinen","9":"product_tag-adabteri","10":"product_tag-bmw","11":"product_tag-pultattava","12":"product_tag-spacer","13":"product_tag-volvo","15":"first","16":"instock","17":"taxable","18":"shipping-taxable","19":"purchasable","20":"product-type-variable","21":"czr-hentry"},"jetpack_sharing_enabled":true,"_links":{"self":[{"href":"https:\/\/hautalahti.fi\/kauppa\/en\/wp-json\/wp\/v2\/product\/1709","targetHints":{"allow":["GET"]}}],"collection":[{"href":"https:\/\/hautalahti.fi\/kauppa\/en\/wp-json\/wp\/v2\/product"}],"about":[{"href":"https:\/\/hautalahti.fi\/kauppa\/en\/wp-json\/wp\/v2\/types\/product"}],"replies":[{"embeddable":true,"href":"https:\/\/hautalahti.fi\/kauppa\/en\/wp-json\/wp\/v2\/comments?post=1709"}],"wp:featuredmedia":[{"embeddable":true,"href":"https:\/\/hautalahti.fi\/kauppa\/en\/wp-json\/wp\/v2\/media\/1705"}],"wp:attachment":[{"href":"https:\/\/hautalahti.fi\/kauppa\/en\/wp-json\/wp\/v2\/media?parent=1709"}],"wp:term":[{"taxonomy":"product_brand","embeddable":true,"href":"https:\/\/hautalahti.fi\/kauppa\/en\/wp-json\/wp\/v2\/product_brand?post=1709"},{"taxonomy":"product_cat","embeddable":true,"href":"https:\/\/hautalahti.fi\/kauppa\/en\/wp-json\/wp\/v2\/product_cat?post=1709"},{"taxonomy":"product_tag","embeddable":true,"href":"https:\/\/hautalahti.fi\/kauppa\/en\/wp-json\/wp\/v2\/product_tag?post=1709"}],"curies":[{"name":"wp","href":"https:\/\/api.w.org\/{rel}","templated":true}]}}