{"id":1673,"date":"2023-12-08T20:46:04","date_gmt":"2023-12-08T18:46:04","guid":{"rendered":"https:\/\/hautalahti.fi\/kauppa\/?post_type=product&#038;p=1673"},"modified":"2026-04-17T09:17:38","modified_gmt":"2026-04-17T06:17:38","slug":"bmw-gs-6-kytkinakselin-jatkoholkki","status":"publish","type":"product","link":"https:\/\/hautalahti.fi\/kauppa\/en\/product\/bmw-gs-6-kytkinakselin-jatkoholkki\/","title":{"rendered":"BMW GS6 Clutch Shaft Extension"},"content":{"rendered":"<p>Tarkoitettu k\u00e4ytett\u00e4v\u00e4ksi BMW ZF GS6 laatikoiden kanssa kun kytkinakseli j\u00e4\u00e4 normaali mittaisena liian kyhyeksi<\/p>","protected":false},"excerpt":{"rendered":"<p>Tarkoitettu k\u00e4ytett\u00e4v\u00e4ksi BMW ZF GS6 laatikoiden kanssa kun kytkinakseli j\u00e4\u00e4 normaali mittaisena liian kyhyeksi<\/p>","protected":false},"featured_media":1671,"comment_status":"open","ping_status":"closed","template":"","meta":[],"product_brand":[],"product_cat":[91,100,38],"product_tag":[42,78,23,15,52,57,53,56,55,13,54,97,96],"class_list":{"0":"post-1673","1":"product","2":"type-product","3":"status-publish","4":"has-post-thumbnail","6":"product_cat-bmw-osat","7":"product_cat-vauhtipyorat","8":"product_cat-yleinen","9":"product_tag-adabteri","10":"product_tag-bmw","11":"product_tag-holkki","12":"product_tag-m20","13":"product_tag-m50","14":"product_tag-m51","15":"product_tag-m52","16":"product_tag-m54","17":"product_tag-sre-765","18":"product_tag-teras","19":"product_tag-terasvauhtipyora","20":"product_tag-vauhtipyora","21":"product_tag-volvo","23":"first","24":"instock","25":"taxable","26":"shipping-taxable","27":"purchasable","28":"product-type-simple","29":"czr-hentry"},"jetpack_sharing_enabled":true,"_links":{"self":[{"href":"https:\/\/hautalahti.fi\/kauppa\/en\/wp-json\/wp\/v2\/product\/1673","targetHints":{"allow":["GET"]}}],"collection":[{"href":"https:\/\/hautalahti.fi\/kauppa\/en\/wp-json\/wp\/v2\/product"}],"about":[{"href":"https:\/\/hautalahti.fi\/kauppa\/en\/wp-json\/wp\/v2\/types\/product"}],"replies":[{"embeddable":true,"href":"https:\/\/hautalahti.fi\/kauppa\/en\/wp-json\/wp\/v2\/comments?post=1673"}],"wp:featuredmedia":[{"embeddable":true,"href":"https:\/\/hautalahti.fi\/kauppa\/en\/wp-json\/wp\/v2\/media\/1671"}],"wp:attachment":[{"href":"https:\/\/hautalahti.fi\/kauppa\/en\/wp-json\/wp\/v2\/media?parent=1673"}],"wp:term":[{"taxonomy":"product_brand","embeddable":true,"href":"https:\/\/hautalahti.fi\/kauppa\/en\/wp-json\/wp\/v2\/product_brand?post=1673"},{"taxonomy":"product_cat","embeddable":true,"href":"https:\/\/hautalahti.fi\/kauppa\/en\/wp-json\/wp\/v2\/product_cat?post=1673"},{"taxonomy":"product_tag","embeddable":true,"href":"https:\/\/hautalahti.fi\/kauppa\/en\/wp-json\/wp\/v2\/product_tag?post=1673"}],"curies":[{"name":"wp","href":"https:\/\/api.w.org\/{rel}","templated":true}]}}