{"id":1647,"date":"2023-11-11T14:17:20","date_gmt":"2023-11-11T12:17:20","guid":{"rendered":"https:\/\/hautalahti.fi\/kauppa\/?post_type=product&#038;p=1647"},"modified":"2026-03-11T10:57:07","modified_gmt":"2026-03-11T08:57:07","slug":"uniball-m14-premium-valykseton","status":"publish","type":"product","link":"https:\/\/hautalahti.fi\/kauppa\/en\/product\/uniball-m14-premium-valykseton\/","title":{"rendered":"Uniball M14 Premium (Zero-Play)"},"content":{"rendered":"<p>Kierre: M14x2.00mm Oikeakierre<\/p>\n<p>Silm\u00e4n sis\u00e4halkaisija: 14mm<\/p>\n<p>Kierteen pituus: 41mm<\/p>\n<p>Koko Pituus: 88mm<\/p>\n<p>Leveys: 40mm<\/p>\n<p>Paksuus: 21mm<\/p>\n<p>Materiaali: Ter\u00e4s<\/p>\n<p>Kierre: Vasen\/Oikea<\/p>\n<p>Valitse Liukuvalikosta Kierteen K\u00e4tisyys<\/p>","protected":false},"excerpt":{"rendered":"<p>Kierre: M14x2.00mm Oikeakierre Silm\u00e4n sis\u00e4halkaisija: 14mm Kierteen pituus: 41mm Koko Pituus: 88mm Leveys: 40mm Paksuus: 21mm Materiaali: Ter\u00e4s Kierre: Vasen\/Oikea Valitse Liukuvalikosta Kierteen K\u00e4tisyys<\/p>","protected":false},"featured_media":1248,"comment_status":"closed","ping_status":"closed","template":"","meta":[],"product_brand":[],"product_cat":[95,92,187,38],"product_tag":[78,103,27,102,88,101,12,14,132,11,13,44,10,133,96],"class_list":{"0":"post-1647","1":"product","2":"type-product","3":"status-publish","4":"has-post-thumbnail","6":"product_cat-kaikkituotteet","7":"product_cat-uniball-osat","8":"product_cat-valtuot","9":"product_cat-yleinen","10":"product_tag-bmw","11":"product_tag-datsun","12":"product_tag-fiat","13":"product_tag-ford","14":"product_tag-jokkis","15":"product_tag-m-b","16":"product_tag-m16","17":"product_tag-messinki","18":"product_tag-naaras","19":"product_tag-oikeakierre","20":"product_tag-teras","21":"product_tag-tukivarsi","22":"product_tag-uniball","23":"product_tag-uros","24":"product_tag-volvo","26":"first","27":"instock","28":"taxable","29":"shipping-taxable","30":"purchasable","31":"product-type-variable","32":"czr-hentry"},"jetpack_sharing_enabled":true,"_links":{"self":[{"href":"https:\/\/hautalahti.fi\/kauppa\/en\/wp-json\/wp\/v2\/product\/1647","targetHints":{"allow":["GET"]}}],"collection":[{"href":"https:\/\/hautalahti.fi\/kauppa\/en\/wp-json\/wp\/v2\/product"}],"about":[{"href":"https:\/\/hautalahti.fi\/kauppa\/en\/wp-json\/wp\/v2\/types\/product"}],"replies":[{"embeddable":true,"href":"https:\/\/hautalahti.fi\/kauppa\/en\/wp-json\/wp\/v2\/comments?post=1647"}],"wp:featuredmedia":[{"embeddable":true,"href":"https:\/\/hautalahti.fi\/kauppa\/en\/wp-json\/wp\/v2\/media\/1248"}],"wp:attachment":[{"href":"https:\/\/hautalahti.fi\/kauppa\/en\/wp-json\/wp\/v2\/media?parent=1647"}],"wp:term":[{"taxonomy":"product_brand","embeddable":true,"href":"https:\/\/hautalahti.fi\/kauppa\/en\/wp-json\/wp\/v2\/product_brand?post=1647"},{"taxonomy":"product_cat","embeddable":true,"href":"https:\/\/hautalahti.fi\/kauppa\/en\/wp-json\/wp\/v2\/product_cat?post=1647"},{"taxonomy":"product_tag","embeddable":true,"href":"https:\/\/hautalahti.fi\/kauppa\/en\/wp-json\/wp\/v2\/product_tag?post=1647"}],"curies":[{"name":"wp","href":"https:\/\/api.w.org\/{rel}","templated":true}]}}