{"id":1562,"date":"2023-08-16T08:35:06","date_gmt":"2023-08-16T05:35:06","guid":{"rendered":"https:\/\/hautalahti.fi\/kauppa\/?post_type=product&#038;p=1562"},"modified":"2026-02-27T16:58:16","modified_gmt":"2026-02-27T14:58:16","slug":"bmw-m50-m52-m54-16mm-retainer-sarja","status":"publish","type":"product","link":"https:\/\/hautalahti.fi\/kauppa\/en\/product\/bmw-m50-m52-m54-16mm-retainer-sarja\/","title":{"rendered":"BMW M50\/M52\/M54 +1,6mm Retainer Set"},"content":{"rendered":"<p>M50\/m52\/M54 +1,6mm Retainer sarja 24Kpl<\/p>\n<p>-N\u00e4ill\u00e4 1,6mm enemm\u00e4n nostoa venttiilille ennenkuin jousi pohjaa, Tarpeelliset etenkin M54 mootterissa joissa jousen asennus mitta vakiona lyhyempi kuin M50\/m52 moottoreissa.<\/p>\n<p>Retainerit 6mm Venttiilin varrelle<\/p>\n<p>N\u00e4ill\u00e4 M50 Tuplajouset 6mm Venttiileille<\/p>\n<p>-Materiaali CRMO<\/p>\n<p>-Satavilla my\u00f6s 12kpl, 16kpl ja 32kpl sarjoissa erikseen pyyt\u00e4m\u00e4ll\u00e4.<\/p>\n<p>&nbsp;<\/p>\n<p>Tuote sis\u00e4lt\u00e4\u00e4 24kpl Retainereita.<\/p>\n<p>Products are made to order as custom work!<\/p>","protected":false},"excerpt":{"rendered":"<p>M50\/m52\/M54 +1,6mm Retainer sarja 24Kpl -N\u00e4ill\u00e4 1,6mm enemm\u00e4n nostoa venttiilille ennenkuin jousi pohjaa, Tarpeelliset etenkin M54 mootterissa joissa jousen asennus mitta vakiona lyhyempi kuin M50\/m52 moottoreissa. Retainerit 6mm Venttiilin varrelle N\u00e4ill\u00e4 M50 Tuplajouset 6mm Venttiileille -Materiaali CRMO -Satavilla my\u00f6s 12kpl, 16kpl ja 32kpl sarjoissa erikseen pyyt\u00e4m\u00e4ll\u00e4. &nbsp; Tuote sis\u00e4lt\u00e4\u00e4 24kpl Retainereita. Tuotteet valmistetaan mittatilausty\u00f6n\u00e4 tilauksesta!<\/p>","protected":false},"featured_media":1558,"comment_status":"closed","ping_status":"closed","template":"","meta":[],"product_brand":[],"product_cat":[91,95],"product_tag":[78,128,52,53,56,47,130,129,131],"class_list":{"0":"post-1562","1":"product","2":"type-product","3":"status-publish","4":"has-post-thumbnail","6":"product_cat-bmw-osat","7":"product_cat-kaikkituotteet","8":"product_tag-bmw","9":"product_tag-crmo","10":"product_tag-m50","11":"product_tag-m52","12":"product_tag-m54","13":"product_tag-retainer","14":"product_tag-spring","15":"product_tag-valve","16":"product_tag-valvespring","18":"first","19":"instock","20":"taxable","21":"shipping-taxable","22":"purchasable","23":"product-type-simple","24":"czr-hentry"},"jetpack_sharing_enabled":true,"_links":{"self":[{"href":"https:\/\/hautalahti.fi\/kauppa\/en\/wp-json\/wp\/v2\/product\/1562","targetHints":{"allow":["GET"]}}],"collection":[{"href":"https:\/\/hautalahti.fi\/kauppa\/en\/wp-json\/wp\/v2\/product"}],"about":[{"href":"https:\/\/hautalahti.fi\/kauppa\/en\/wp-json\/wp\/v2\/types\/product"}],"replies":[{"embeddable":true,"href":"https:\/\/hautalahti.fi\/kauppa\/en\/wp-json\/wp\/v2\/comments?post=1562"}],"wp:featuredmedia":[{"embeddable":true,"href":"https:\/\/hautalahti.fi\/kauppa\/en\/wp-json\/wp\/v2\/media\/1558"}],"wp:attachment":[{"href":"https:\/\/hautalahti.fi\/kauppa\/en\/wp-json\/wp\/v2\/media?parent=1562"}],"wp:term":[{"taxonomy":"product_brand","embeddable":true,"href":"https:\/\/hautalahti.fi\/kauppa\/en\/wp-json\/wp\/v2\/product_brand?post=1562"},{"taxonomy":"product_cat","embeddable":true,"href":"https:\/\/hautalahti.fi\/kauppa\/en\/wp-json\/wp\/v2\/product_cat?post=1562"},{"taxonomy":"product_tag","embeddable":true,"href":"https:\/\/hautalahti.fi\/kauppa\/en\/wp-json\/wp\/v2\/product_tag?post=1562"}],"curies":[{"name":"wp","href":"https:\/\/api.w.org\/{rel}","templated":true}]}}