{"id":1472,"date":"2023-05-02T16:48:45","date_gmt":"2023-05-02T13:48:45","guid":{"rendered":"https:\/\/hautalahti.fi\/kauppa\/?post_type=product&#038;p=1472"},"modified":"2026-02-27T17:02:02","modified_gmt":"2026-02-27T15:02:02","slug":"volvon-teraskeppi","status":"publish","type":"product","link":"https:\/\/hautalahti.fi\/kauppa\/en\/product\/volvon-teraskeppi\/","title":{"rendered":"Volvo Steel Gear Shift Lever"},"content":{"rendered":"<p>A steel gear shifter designed for use with Volvo gearboxes, built to withstand harsh use, with a lift-up reverse lockout.<\/p>\n<p>A knob designed to fit comfortably in your hand.<\/p>\n<p>Includes bushings and spacers for the cup and the lower end.<\/p>\n<p>Finnish quality craftsmanship!<\/p>\n<p>&nbsp;<\/p>\n<p>Products are made to order as custom work!<\/p>","protected":false},"excerpt":{"rendered":"<p>Volvon vaihdelaatikon kanssa k\u00e4ytett\u00e4v\u00e4ksi suunniteltu rajuakin kohtelua kest\u00e4v\u00e4 ter\u00e4sest\u00e4 valmistettu vaihdekeppi, nostettavalla pakkilukolla. K\u00e4teen sopivaksi suunniteltu nuppi. Sis\u00e4lt\u00e4\u00e4 Puslat ja helat kuppiin ja alap\u00e4\u00e4h\u00e4n. KOTIMAISTA LAATUTY\u00d6T\u00c4! &nbsp; Tuotteet valmistetaan mittatilausty\u00f6n\u00e4 tilauksesta!<\/p>","protected":false},"featured_media":1473,"comment_status":"closed","ping_status":"closed","template":"","meta":[],"product_brand":[],"product_cat":[95,38],"product_tag":[171,172,173,174,169,96,170],"class_list":{"0":"post-1472","1":"product","2":"type-product","3":"status-publish","4":"has-post-thumbnail","6":"product_cat-kaikkituotteet","7":"product_cat-yleinen","8":"product_tag-joikkis","9":"product_tag-jokamiehenluokka","10":"product_tag-sellholm","11":"product_tag-shellholm","12":"product_tag-teraskeppi","13":"product_tag-volvo","14":"product_tag-volvon","16":"first","17":"instock","18":"taxable","19":"shipping-taxable","20":"purchasable","21":"product-type-simple","22":"czr-hentry"},"jetpack_sharing_enabled":true,"_links":{"self":[{"href":"https:\/\/hautalahti.fi\/kauppa\/en\/wp-json\/wp\/v2\/product\/1472","targetHints":{"allow":["GET"]}}],"collection":[{"href":"https:\/\/hautalahti.fi\/kauppa\/en\/wp-json\/wp\/v2\/product"}],"about":[{"href":"https:\/\/hautalahti.fi\/kauppa\/en\/wp-json\/wp\/v2\/types\/product"}],"replies":[{"embeddable":true,"href":"https:\/\/hautalahti.fi\/kauppa\/en\/wp-json\/wp\/v2\/comments?post=1472"}],"wp:featuredmedia":[{"embeddable":true,"href":"https:\/\/hautalahti.fi\/kauppa\/en\/wp-json\/wp\/v2\/media\/1473"}],"wp:attachment":[{"href":"https:\/\/hautalahti.fi\/kauppa\/en\/wp-json\/wp\/v2\/media?parent=1472"}],"wp:term":[{"taxonomy":"product_brand","embeddable":true,"href":"https:\/\/hautalahti.fi\/kauppa\/en\/wp-json\/wp\/v2\/product_brand?post=1472"},{"taxonomy":"product_cat","embeddable":true,"href":"https:\/\/hautalahti.fi\/kauppa\/en\/wp-json\/wp\/v2\/product_cat?post=1472"},{"taxonomy":"product_tag","embeddable":true,"href":"https:\/\/hautalahti.fi\/kauppa\/en\/wp-json\/wp\/v2\/product_tag?post=1472"}],"curies":[{"name":"wp","href":"https:\/\/api.w.org\/{rel}","templated":true}]}}